{"id":1087,"date":"2015-09-16T13:56:54","date_gmt":"2015-09-16T13:56:54","guid":{"rendered":"http:\/\/uenf.br\/posgraduacao\/engenharia-civil\/?page_id=1087"},"modified":"2015-09-16T13:56:54","modified_gmt":"2015-09-16T13:56:54","slug":"dissertacoes-de-mestrado-2012-priscila-alves-marques-fernandes","status":"publish","type":"page","link":"https:\/\/uenf.br\/posgraduacao\/engenharia-civil\/en\/dissertacoes-de-mestrado-2012-priscila-alves-marques-fernandes\/","title":{"rendered":"Disserta\u00e7\u00f5es de Mestrado 2012 &#8211; PRISCILA ALVES MARQUES FERNANDES"},"content":{"rendered":"<p><strong>Resumo<\/strong><\/p>\n<p style=\"text-align: justify\">\nO munic\u00edpio de Quissam\u00e3 localiza-se na Microrregi\u00e3o de Maca\u00e9\/RJ; emancipado em 1989, tinha como principais atividades econ\u00f4micas cria\u00e7\u00e3o de bovinos e cultura da cana de a\u00e7\u00facar. O desenvolvimento ocorreu de forma acelerada e desordenada, gerando maior demanda de \u00e1gua e ocasionando problemas, pois a principal fonte de abastecimento, a Lagoa Feia, vem diminuindo a sua l\u00e2mina d\u2019\u00e1gua. Objetiva-se avaliar as \u00e1guas superficiais, subterr\u00e2neas e pluviais do munic\u00edpio para propor alternativa de abastecimento, com gest\u00e3o integrada dos recursos h\u00eddricos, de forma sustent\u00e1vel. Foi criada base de dados georreferenciados para elabara\u00e7\u00e3o de mapas; monitoramento temporal da Lagoa Feia; an\u00e1lises hidrogeoqu\u00edmicas em 10 pontos, bacteriol\u00f3gicas em 15 pontos, hidrogeol\u00f3gica e avalia\u00e7\u00e3o do \u00edndice pluviom\u00e9trico para reuso. Os resultados do monitoramento da Lagoa Feia mostraram que a superf\u00edcie atual \u00e9 de 173 Km2 enquanto que, no passado, era de 275 Km2, resultando em uma perda de 37%. A profundidade m\u00e9dia era de 3,0m, e hoje 1,8m. As \u00e1guas subterr\u00e2neas indicaram presen\u00e7a de elementos fora do padr\u00e3o: Al, Fe, NO2, Pb, Hg, Se, Na e apenas dois po\u00e7os adequados ao consumo humano, em natura, no que diz respeita as an\u00e1lises bacteriol\u00f3gicas. Na an\u00e1lise pluviom\u00e9trica a m\u00e9dia m\u00ednima foi de 32,8mm no m\u00eas de agosto variando at\u00e9 uma m\u00e9dia m\u00e1xima de 216,8mm no m\u00eas de janeiro, em sete anos. Conclui-se que Lagoa Feia ser\u00e1 severamente comprometida se a explora\u00e7\u00e3o continuar. A \u00e1gua subterr\u00e2nea n\u00e3o deve ser consumida, sem pr\u00e9vio tratamento, mas existe em grandes volumes e quando captadas de forma adequada apresentam baixos custos de tratamento. Apesar dos \u00edndices pluviom\u00e9tricos serem baixos a alternativa de reuso precisa ser considerada, pois a solu\u00e7\u00e3o para o Munic\u00edpio de Quissam\u00e3 \u00e9 o abastecimento com gest\u00e3o integrada dos recursos h\u00eddricos; para garantir as gera\u00e7\u00f5es futuras. O uso descontrolado pode gerar um grave problema municipal.<\/p>\n<p style=\"text-align: right\"><a href=\"http:\/\/uenf.br\/posgraduacao\/engenharia-civil\/wp-content\/uploads\/sites\/3\/2015\/09\/PRISCILA-ALVES-MARQUES-FERNANDES.pdf\">Download aqui.<\/a><\/p>\n","protected":false},"excerpt":{"rendered":"<p>Resumo O munic\u00edpio de Quissam\u00e3 localiza-se na Microrregi\u00e3o de Maca\u00e9\/RJ; emancipado em 1989, tinha como principais atividades econ\u00f4micas cria\u00e7\u00e3o de&#8230;<\/p>\n","protected":false},"author":8,"featured_media":0,"parent":0,"menu_order":0,"comment_status":"closed","ping_status":"closed","template":"","meta":{"footnotes":""},"class_list":["post-1087","page","type-page","status-publish","hentry"],"_links":{"self":[{"href":"https:\/\/uenf.br\/posgraduacao\/engenharia-civil\/en\/wp-json\/wp\/v2\/pages\/1087","targetHints":{"allow":["GET"]}}],"collection":[{"href":"https:\/\/uenf.br\/posgraduacao\/engenharia-civil\/en\/wp-json\/wp\/v2\/pages"}],"about":[{"href":"https:\/\/uenf.br\/posgraduacao\/engenharia-civil\/en\/wp-json\/wp\/v2\/types\/page"}],"author":[{"embeddable":true,"href":"https:\/\/uenf.br\/posgraduacao\/engenharia-civil\/en\/wp-json\/wp\/v2\/users\/8"}],"replies":[{"embeddable":true,"href":"https:\/\/uenf.br\/posgraduacao\/engenharia-civil\/en\/wp-json\/wp\/v2\/comments?post=1087"}],"version-history":[{"count":0,"href":"https:\/\/uenf.br\/posgraduacao\/engenharia-civil\/en\/wp-json\/wp\/v2\/pages\/1087\/revisions"}],"wp:attachment":[{"href":"https:\/\/uenf.br\/posgraduacao\/engenharia-civil\/en\/wp-json\/wp\/v2\/media?parent=1087"}],"curies":[{"name":"wp","href":"https:\/\/api.w.org\/{rel}","templated":true}]}}