{"id":1146,"date":"2015-09-16T14:54:33","date_gmt":"2015-09-16T14:54:33","guid":{"rendered":"http:\/\/uenf.br\/posgraduacao\/engenharia-civil\/?page_id=1146"},"modified":"2015-09-16T14:54:59","modified_gmt":"2015-09-16T14:54:59","slug":"dissertacoes-de-mestrado-2010-fabio-araujo-pereira","status":"publish","type":"page","link":"https:\/\/uenf.br\/posgraduacao\/engenharia-civil\/en\/dissertacoes-de-mestrado-2010-fabio-araujo-pereira\/","title":{"rendered":"Disserta\u00e7\u00f5es de Mestrado 2010 &#8211; F\u00c1BIO ARA\u00daJO PEREIRA"},"content":{"rendered":"<p><strong>Resumo<\/strong><\/p>\n<p style=\"text-align: justify\">Barragens de enrocamento com n\u00facleo asf\u00e1ltico s\u00e3o utilizadas h\u00e1 muitos anos em diversos pa\u00edses, principalmente no hemisf\u00e9rio norte, e s\u00e3o uma alternativa interessante \u00e0s tradicionais barragens de enrocamento com n\u00facleo de material argiloso. Apesar do conhecimento, no Brasil, a respeito de barragens de enrocamento ser amplo, pouco se conhece sobre o comportamento e o desempenho de barragens de enrocamento com n\u00facleo asf\u00e1ltico.<\/p>\n<p style=\"text-align: justify\">Este estudo apresenta resultados de simula\u00e7\u00f5es num\u00e9ricas por elementos finitos com o uso do programa comercial Abaqus\u00ae das etapas de constru\u00e7\u00e3o e enchimento do reservat\u00f3rio, a fim de analisar o comportamento da barragem e de seu n\u00facleo asf\u00e1ltico. Para tanto foi simulada a situa\u00e7\u00e3o em que se considerou o uso de materiais na transi\u00e7\u00e3o entre o enrocamento e o n\u00facleo asf\u00e1ltico.<\/p>\n<p style=\"text-align: justify\">Os par\u00e2metros usados na simula\u00e7\u00e3o do enrocamento e do n\u00facleo asf\u00e1ltico foram obtidos a partir da literatura pertinente ao assunto.<\/p>\n<p style=\"text-align: right\"><a href=\"http:\/\/uenf.br\/posgraduacao\/engenharia-civil\/wp-content\/uploads\/sites\/3\/2015\/09\/F\u00c1BIO-ARA\u00daJO-PEREIRA.pdf\">Download aqui.<\/a><\/p>\n","protected":false},"excerpt":{"rendered":"<p>Resumo Barragens de enrocamento com n\u00facleo asf\u00e1ltico s\u00e3o utilizadas h\u00e1 muitos anos em diversos pa\u00edses, principalmente no hemisf\u00e9rio norte, e&#8230;<\/p>\n","protected":false},"author":8,"featured_media":0,"parent":0,"menu_order":0,"comment_status":"closed","ping_status":"closed","template":"","meta":{"footnotes":""},"class_list":["post-1146","page","type-page","status-publish","hentry"],"_links":{"self":[{"href":"https:\/\/uenf.br\/posgraduacao\/engenharia-civil\/en\/wp-json\/wp\/v2\/pages\/1146","targetHints":{"allow":["GET"]}}],"collection":[{"href":"https:\/\/uenf.br\/posgraduacao\/engenharia-civil\/en\/wp-json\/wp\/v2\/pages"}],"about":[{"href":"https:\/\/uenf.br\/posgraduacao\/engenharia-civil\/en\/wp-json\/wp\/v2\/types\/page"}],"author":[{"embeddable":true,"href":"https:\/\/uenf.br\/posgraduacao\/engenharia-civil\/en\/wp-json\/wp\/v2\/users\/8"}],"replies":[{"embeddable":true,"href":"https:\/\/uenf.br\/posgraduacao\/engenharia-civil\/en\/wp-json\/wp\/v2\/comments?post=1146"}],"version-history":[{"count":0,"href":"https:\/\/uenf.br\/posgraduacao\/engenharia-civil\/en\/wp-json\/wp\/v2\/pages\/1146\/revisions"}],"wp:attachment":[{"href":"https:\/\/uenf.br\/posgraduacao\/engenharia-civil\/en\/wp-json\/wp\/v2\/media?parent=1146"}],"curies":[{"name":"wp","href":"https:\/\/api.w.org\/{rel}","templated":true}]}}