{"id":1151,"date":"2015-09-16T14:59:24","date_gmt":"2015-09-16T14:59:24","guid":{"rendered":"http:\/\/uenf.br\/posgraduacao\/engenharia-civil\/?page_id=1151"},"modified":"2015-09-16T15:00:04","modified_gmt":"2015-09-16T15:00:04","slug":"dissertacoes-de-mestrado-2010-jair-goncalves-de-oliveira-borges","status":"publish","type":"page","link":"https:\/\/uenf.br\/posgraduacao\/engenharia-civil\/en\/dissertacoes-de-mestrado-2010-jair-goncalves-de-oliveira-borges\/","title":{"rendered":"Disserta\u00e7\u00f5es de Mestrado 2010 &#8211; JAIR GON\u00c7ALVES DE OLIVEIRA BORGES"},"content":{"rendered":"<p style=\"text-align: justify\"><strong>Resumo<\/strong><\/p>\n<p style=\"text-align: justify\">O processo de avalia\u00e7\u00e3o din\u00e2mica estrutural consiste em realizar ensaios vibrat\u00f3rios em estruturas e, a partir das respostas encontradas, obter as propriedades din\u00e2micas, que s\u00e3o as freq\u00fc\u00eancias naturais, os modos de vibra\u00e7\u00e3o e\u00a0o amortecimento. Este procedimento, conhecido como An\u00e1lise Modal Experimental, permite a valida\u00e7\u00e3o do modelo num\u00e9rico adotado, enriquecer o conhecimento sobre o comportamento din\u00e2mico ou ainda acompanhar o estado da\u00a0obra. Neste contexto insere-se o presente trabalho e prop\u00f5e a apresenta\u00e7\u00e3o e a implementa\u00e7\u00e3o computacional de dois m\u00e9todos de identifica\u00e7\u00e3o modal: o M\u00e9todo de Sele\u00e7\u00e3o de Picos tamb\u00e9m conhecido como M\u00e9todo B\u00e1sico no Dom\u00ednio da\u00a0Frequ\u00eancia (Peak Picking \u2013 PP) e o M\u00e9todo da Decomposi\u00e7\u00e3o no Dom\u00ednio da Frequ\u00eancia (Frequency Domain Decomposition \u2013 FDD), que s\u00e3o m\u00e9todos baseados apenas nas respostas da estrutura. Para demonstrar a efici\u00eancia destes\u00a0m\u00e9todos foram analisados exemplos com dados simulados numericamente e tamb\u00e9m dados experimentais. Os resultados obtidos foram comparados com resultados te\u00f3ricos anal\u00edticos e tamb\u00e9m de outros autores e mostraram que os\u00a0m\u00e9todos avaliados s\u00e3o bastante promissores, especialmente no que diz respeito a determina\u00e7\u00e3o das freq\u00fc\u00eancias naturais e modos de vibra\u00e7\u00e3o.<\/p>\n<p style=\"text-align: right\"><a href=\"http:\/\/uenf.br\/posgraduacao\/engenharia-civil\/wp-content\/uploads\/sites\/3\/2015\/09\/JAIR-GON\u00c7ALVES-DE-OLIVEIRA-BORGES.pdf\">Download aqui.<\/a><\/p>\n","protected":false},"excerpt":{"rendered":"<p>Resumo O processo de avalia\u00e7\u00e3o din\u00e2mica estrutural consiste em realizar ensaios vibrat\u00f3rios em estruturas e, a partir das respostas encontradas,&#8230;<\/p>\n","protected":false},"author":8,"featured_media":0,"parent":0,"menu_order":0,"comment_status":"closed","ping_status":"closed","template":"","meta":{"footnotes":""},"class_list":["post-1151","page","type-page","status-publish","hentry"],"_links":{"self":[{"href":"https:\/\/uenf.br\/posgraduacao\/engenharia-civil\/en\/wp-json\/wp\/v2\/pages\/1151","targetHints":{"allow":["GET"]}}],"collection":[{"href":"https:\/\/uenf.br\/posgraduacao\/engenharia-civil\/en\/wp-json\/wp\/v2\/pages"}],"about":[{"href":"https:\/\/uenf.br\/posgraduacao\/engenharia-civil\/en\/wp-json\/wp\/v2\/types\/page"}],"author":[{"embeddable":true,"href":"https:\/\/uenf.br\/posgraduacao\/engenharia-civil\/en\/wp-json\/wp\/v2\/users\/8"}],"replies":[{"embeddable":true,"href":"https:\/\/uenf.br\/posgraduacao\/engenharia-civil\/en\/wp-json\/wp\/v2\/comments?post=1151"}],"version-history":[{"count":0,"href":"https:\/\/uenf.br\/posgraduacao\/engenharia-civil\/en\/wp-json\/wp\/v2\/pages\/1151\/revisions"}],"wp:attachment":[{"href":"https:\/\/uenf.br\/posgraduacao\/engenharia-civil\/en\/wp-json\/wp\/v2\/media?parent=1151"}],"curies":[{"name":"wp","href":"https:\/\/api.w.org\/{rel}","templated":true}]}}