{"id":1183,"date":"2015-09-16T16:59:26","date_gmt":"2015-09-16T16:59:26","guid":{"rendered":"http:\/\/uenf.br\/posgraduacao\/engenharia-civil\/?page_id=1183"},"modified":"2015-09-16T16:59:26","modified_gmt":"2015-09-16T16:59:26","slug":"dissertacoes-de-mestrado-2009-juscelina-rosiane-ferreira","status":"publish","type":"page","link":"https:\/\/uenf.br\/posgraduacao\/engenharia-civil\/en\/dissertacoes-de-mestrado-2009-juscelina-rosiane-ferreira\/","title":{"rendered":"Disserta\u00e7\u00f5es de Mestrado 2009 &#8211; JUSCELINA ROSIANE FERREIRA"},"content":{"rendered":"<p><strong>Resumo<\/strong><\/p>\n<p style=\"text-align: justify\">O concreto geopolim\u00e9rico \u00e9 obtido a partir de rea\u00e7\u00f5es qu\u00edmicas entre materiais ricos em silica e alumina, e compostos alcalinos, apresentando caracter\u00edsticas f\u00edsicas e mec\u00e2nicas bem similares \u00e0quelas apresentadas pelos concretos de alto desempenho.<\/p>\n<p style=\"text-align: justify\">Neste trabalho iniciaram-se os estudos sobre armadura transversal m\u00ednima em vigas de concreto geopolim\u00e9rico com resist\u00eancia a compress\u00e3o em torno de 30 MPa e armadura transversal aproximadamente a m\u00ednima. A armadura transversal m\u00ednima garante que na exist\u00eancia de sobrecargas n\u00e3o previstas, a viga n\u00e3o sofra ruptura brusca quando ocorre a fissura\u00e7\u00e3o. Foi feita uma an\u00e1lise das principais equa\u00e7\u00f5es, m\u00e9todos te\u00f3ricos e trabalhos experimentais existentes na literatura sobre armadura transversal m\u00ednima necess\u00e1ria em vigas de concreto convencional. A parte experimental compreende ensaios de cinco vigas de concreto geopolim\u00e9rico, sendo quatro vigas com taxa de armadura transversal m\u00ednima na faixa de varia\u00e7\u00e3o recomendada pelas principais normas para o concreto convencional e uma viga de refer\u00eancia sem armadura transversal. As vigas foram simplesmente apoiadas e carregadas por um carregamento sim\u00e9trico de duas cargas concentradas, com rela\u00e7\u00e3o v\u00e3o de cisalhamento\/altura efetiva a\/d = 3,6. Observou-se que o comportamento das vigas de concreto geopolim\u00e9rico em rela\u00e7\u00e3o ao tipo de ruptura e padr\u00f5es de fissura\u00e7\u00e3o \u00e9 bem similar ao apresentado pelas vigas de concreto convencional. Al\u00e9m disso, as vigas que continham armadura transversal m\u00ednima recomendada pelas normas n\u00e3o apresentaram ruptura brusca mostrando significativa reserva de resist\u00eancia ap\u00f3s a fissura\u00e7\u00e3o diagonal.<\/p>\n<p style=\"text-align: right\"><a href=\"http:\/\/uenf.br\/posgraduacao\/engenharia-civil\/wp-content\/uploads\/sites\/3\/2015\/09\/JUSCELINA-ROSIANE-FERREIRA.pdf\">Download aqui.<\/a><\/p>\n","protected":false},"excerpt":{"rendered":"<p>Resumo O concreto geopolim\u00e9rico \u00e9 obtido a partir de rea\u00e7\u00f5es qu\u00edmicas entre materiais ricos em silica e alumina, e compostos&#8230;<\/p>\n","protected":false},"author":8,"featured_media":0,"parent":0,"menu_order":0,"comment_status":"closed","ping_status":"closed","template":"","meta":{"footnotes":""},"class_list":["post-1183","page","type-page","status-publish","hentry"],"_links":{"self":[{"href":"https:\/\/uenf.br\/posgraduacao\/engenharia-civil\/en\/wp-json\/wp\/v2\/pages\/1183","targetHints":{"allow":["GET"]}}],"collection":[{"href":"https:\/\/uenf.br\/posgraduacao\/engenharia-civil\/en\/wp-json\/wp\/v2\/pages"}],"about":[{"href":"https:\/\/uenf.br\/posgraduacao\/engenharia-civil\/en\/wp-json\/wp\/v2\/types\/page"}],"author":[{"embeddable":true,"href":"https:\/\/uenf.br\/posgraduacao\/engenharia-civil\/en\/wp-json\/wp\/v2\/users\/8"}],"replies":[{"embeddable":true,"href":"https:\/\/uenf.br\/posgraduacao\/engenharia-civil\/en\/wp-json\/wp\/v2\/comments?post=1183"}],"version-history":[{"count":0,"href":"https:\/\/uenf.br\/posgraduacao\/engenharia-civil\/en\/wp-json\/wp\/v2\/pages\/1183\/revisions"}],"wp:attachment":[{"href":"https:\/\/uenf.br\/posgraduacao\/engenharia-civil\/en\/wp-json\/wp\/v2\/media?parent=1183"}],"curies":[{"name":"wp","href":"https:\/\/api.w.org\/{rel}","templated":true}]}}