{"id":1241,"date":"2015-09-16T18:49:25","date_gmt":"2015-09-16T18:49:25","guid":{"rendered":"http:\/\/uenf.br\/posgraduacao\/engenharia-civil\/?page_id=1241"},"modified":"2015-09-16T18:49:25","modified_gmt":"2015-09-16T18:49:25","slug":"dissertacoes-de-mestrado-2008-cristiano-pena-miller","status":"publish","type":"page","link":"https:\/\/uenf.br\/posgraduacao\/engenharia-civil\/en\/dissertacoes-de-mestrado-2008-cristiano-pena-miller\/","title":{"rendered":"Disserta\u00e7\u00f5es de Mestrado 2008 &#8211; CRISTIANO PENA MILLER"},"content":{"rendered":"<p style=\"text-align: justify\"><strong>Resumo<\/strong><\/p>\n<p style=\"text-align: justify\">As ind\u00fastrias cer\u00e2micas do munic\u00edpio de Campos dos Goytacazes s\u00e3o grandes produtoras de pe\u00e7as de cer\u00e2mica vermelha que s\u00e3o utilizadas na constru\u00e7\u00e3o civil do Brasil. Essa produ\u00e7\u00e3o concentra-se principalmente na fabrica\u00e7\u00e3o de elementos de veda\u00e7\u00e3o. A produ\u00e7\u00e3o de elementos cer\u00e2micos para alvenaria estrutural tem ainda baixa porcentagem e pequena aceita\u00e7\u00e3o pelo mercado local da constru\u00e7\u00e3o civil. Esta baixa aceita\u00e7\u00e3o deve-se principalmente ao desconhecimento por parte dos projetistas das caracter\u00edsticas mec\u00e2nicas dos blocos necess\u00e1rias ao dimensionamento racional da alvenaria, para a carga a que se destina. A determina\u00e7\u00e3o desses par\u00e2metros implica em uma a\u00e7\u00e3o impulsionadora da produ\u00e7\u00e3o deste tipo de bloco, de sua utiliza\u00e7\u00e3o e conseq\u00fcente aumento da produ\u00e7\u00e3o da ind\u00fastria ceramista, agregando maior valor ao seu produto. Desta forma este trabalho objetiva o estudo dos par\u00e2metros mec\u00e2nicos da alvenaria estrutural e seus componentes. Foram realizados ensaios de compress\u00e3o uniaxial em blocos, que s\u00e3o normalmente comercializados na regi\u00e3o, em corpos cil\u00edndricos de cer\u00e2mica, prismas de dois blocos e pain\u00e9is de paredes. Foi encontrado o valor de efici\u00eancia entre os componentes da alvenaria estruturais, e foram realizadas modelagens computacionais a fim de reproduzir o comportamento dos materiais ensaiados.<\/p>\n<p style=\"text-align: right\"><a href=\"http:\/\/uenf.br\/posgraduacao\/engenharia-civil\/wp-content\/uploads\/sites\/3\/2015\/09\/CRISTIANO-PENA-MILLER.pdf\">Download aqui.<\/a><\/p>\n","protected":false},"excerpt":{"rendered":"<p>Resumo As ind\u00fastrias cer\u00e2micas do munic\u00edpio de Campos dos Goytacazes s\u00e3o grandes produtoras de pe\u00e7as de cer\u00e2mica vermelha que s\u00e3o&#8230;<\/p>\n","protected":false},"author":8,"featured_media":0,"parent":0,"menu_order":0,"comment_status":"closed","ping_status":"closed","template":"","meta":{"footnotes":""},"class_list":["post-1241","page","type-page","status-publish","hentry"],"_links":{"self":[{"href":"https:\/\/uenf.br\/posgraduacao\/engenharia-civil\/en\/wp-json\/wp\/v2\/pages\/1241","targetHints":{"allow":["GET"]}}],"collection":[{"href":"https:\/\/uenf.br\/posgraduacao\/engenharia-civil\/en\/wp-json\/wp\/v2\/pages"}],"about":[{"href":"https:\/\/uenf.br\/posgraduacao\/engenharia-civil\/en\/wp-json\/wp\/v2\/types\/page"}],"author":[{"embeddable":true,"href":"https:\/\/uenf.br\/posgraduacao\/engenharia-civil\/en\/wp-json\/wp\/v2\/users\/8"}],"replies":[{"embeddable":true,"href":"https:\/\/uenf.br\/posgraduacao\/engenharia-civil\/en\/wp-json\/wp\/v2\/comments?post=1241"}],"version-history":[{"count":0,"href":"https:\/\/uenf.br\/posgraduacao\/engenharia-civil\/en\/wp-json\/wp\/v2\/pages\/1241\/revisions"}],"wp:attachment":[{"href":"https:\/\/uenf.br\/posgraduacao\/engenharia-civil\/en\/wp-json\/wp\/v2\/media?parent=1241"}],"curies":[{"name":"wp","href":"https:\/\/api.w.org\/{rel}","templated":true}]}}