{"id":1286,"date":"2015-09-16T21:12:23","date_gmt":"2015-09-16T21:12:23","guid":{"rendered":"http:\/\/uenf.br\/posgraduacao\/engenharia-civil\/?page_id=1286"},"modified":"2015-09-16T21:12:23","modified_gmt":"2015-09-16T21:12:23","slug":"dissertacoes-de-mestrado-2014-camille-almeida-pessanha","status":"publish","type":"page","link":"https:\/\/uenf.br\/posgraduacao\/engenharia-civil\/en\/dissertacoes-de-mestrado-2014-camille-almeida-pessanha\/","title":{"rendered":"Disserta\u00e7\u00f5es de Mestrado 2014 &#8211; CAMILLE ALMEIDA PESSANHA"},"content":{"rendered":"<p><strong>Resumo<\/strong><\/p>\n<p style=\"text-align: justify\">A engenharia de funda\u00e7\u00f5es vem evoluindo constantemente em busca de novos elementos de funda\u00e7\u00e3o que possuam alta produtividade, aus\u00eancia de vibra\u00e7\u00f5es e ru\u00eddos na execu\u00e7\u00e3o, elevada capacidade de carga, possibilidade de controle de qualidade durante a execu\u00e7\u00e3o e, especialmente, redu\u00e7\u00e3o de custos. Exemplo desse prop\u00f3sito s\u00e3o as estacas h\u00e9lices que, apesar de possu\u00edrem significativo interesse comercial nos grandes centros urbanos do pa\u00eds, ainda s\u00e3o objeto de estudo no que diz respeito ao controle de qualidade e previs\u00e3o de comportamento. Destaca-se que uma alternativa para an\u00e1lise do comportamento de novas t\u00e9cnicas construtivas de funda\u00e7\u00f5es profundas \u00e9 o uso de modelos reduzidos, que envolvem menores custos construtivos, facilidade de montagem e a possibilidade de se levar o modelo at\u00e9 a ruptura sem dificuldades experimentais ou riscos para a obra. Neste sentido, o presente trabalho tem como objetivo avaliar o comportamento de diferentes tipos de estacas atrav\u00e9s de modelos reduzidos considerando o efeito do processo executivo. S\u00e3o utilizadas estacas cravadas, escavadas, h\u00e9lice cont\u00ednua e \u00f4mega, com diferentes escalas.<\/p>\n<p style=\"text-align: justify\">O trabalho apresenta a constru\u00e7\u00e3o de tanque de areia e a fabrica\u00e7\u00e3o de ferramentas para constru\u00e7\u00e3o dos modelos; a caracteriza\u00e7\u00e3o do solo utilizado; a montagem dos modelos, reproduzindo o processo executivo de cada tipo de estaca; os resultados e a interpreta\u00e7\u00e3o das provas de carga; e a compara\u00e7\u00e3o dos resultados obtidos com m\u00e9todos de c\u00e1lculo de capacidade de carga e recalque encontrados na literatura. Os resultados indicam os efeitos do processo executivo e da escala na capacidade de carga e na evolu\u00e7\u00e3o do recalque das estacas, bem como o potencial na utiliza\u00e7\u00e3o desse tipo de t\u00e9cnica para avalia\u00e7\u00e3o de funda\u00e7\u00f5es profundas.<\/p>\n<p style=\"text-align: right\"><a href=\"http:\/\/uenf.br\/posgraduacao\/engenharia-civil\/wp-content\/uploads\/sites\/3\/2015\/09\/DISSERTA\u00c7\u00c3O-DE-MESTRADO-CAMILLE-A.-PESSANHA.pdf\">Download aqui<\/a><\/p>\n","protected":false},"excerpt":{"rendered":"<p>Resumo A engenharia de funda\u00e7\u00f5es vem evoluindo constantemente em busca de novos elementos de funda\u00e7\u00e3o que possuam alta produtividade, aus\u00eancia&#8230;<\/p>\n","protected":false},"author":8,"featured_media":0,"parent":0,"menu_order":0,"comment_status":"closed","ping_status":"closed","template":"","meta":{"footnotes":""},"class_list":["post-1286","page","type-page","status-publish","hentry"],"_links":{"self":[{"href":"https:\/\/uenf.br\/posgraduacao\/engenharia-civil\/en\/wp-json\/wp\/v2\/pages\/1286","targetHints":{"allow":["GET"]}}],"collection":[{"href":"https:\/\/uenf.br\/posgraduacao\/engenharia-civil\/en\/wp-json\/wp\/v2\/pages"}],"about":[{"href":"https:\/\/uenf.br\/posgraduacao\/engenharia-civil\/en\/wp-json\/wp\/v2\/types\/page"}],"author":[{"embeddable":true,"href":"https:\/\/uenf.br\/posgraduacao\/engenharia-civil\/en\/wp-json\/wp\/v2\/users\/8"}],"replies":[{"embeddable":true,"href":"https:\/\/uenf.br\/posgraduacao\/engenharia-civil\/en\/wp-json\/wp\/v2\/comments?post=1286"}],"version-history":[{"count":0,"href":"https:\/\/uenf.br\/posgraduacao\/engenharia-civil\/en\/wp-json\/wp\/v2\/pages\/1286\/revisions"}],"wp:attachment":[{"href":"https:\/\/uenf.br\/posgraduacao\/engenharia-civil\/en\/wp-json\/wp\/v2\/media?parent=1286"}],"curies":[{"name":"wp","href":"https:\/\/api.w.org\/{rel}","templated":true}]}}