{"id":141,"date":"2015-09-04T13:14:08","date_gmt":"2015-09-04T13:14:08","guid":{"rendered":"http:\/\/uenf.br\/posgraduacao\/engenharia-civil\/?page_id=141"},"modified":"2025-02-13T16:10:22","modified_gmt":"2025-02-13T16:10:22","slug":"prof-juliana-pessin","status":"publish","type":"page","link":"https:\/\/uenf.br\/posgraduacao\/engenharia-civil\/en\/corpo-docente-2\/prof-juliana-pessin\/","title":{"rendered":"Professora Juliana Pessin"},"content":{"rendered":"<p><a href=\"http:\/\/uenf.br\/posgraduacao\/engenharia-civil\/wp-content\/uploads\/sites\/3\/2025\/02\/foto_UENF-1.jpg\"><img loading=\"lazy\" decoding=\"async\" class=\"alignnone wp-image-3745\" src=\"http:\/\/uenf.br\/posgraduacao\/engenharia-civil\/wp-content\/uploads\/sites\/3\/2025\/02\/foto_UENF-1-300x300.jpg\" alt=\"\" width=\"192\" height=\"192\" srcset=\"https:\/\/uenf.br\/posgraduacao\/engenharia-civil\/wp-content\/uploads\/sites\/3\/2025\/02\/foto_UENF-1-300x300.jpg 300w, https:\/\/uenf.br\/posgraduacao\/engenharia-civil\/wp-content\/uploads\/sites\/3\/2025\/02\/foto_UENF-1-1024x1024.jpg 1024w, https:\/\/uenf.br\/posgraduacao\/engenharia-civil\/wp-content\/uploads\/sites\/3\/2025\/02\/foto_UENF-1-150x150.jpg 150w, https:\/\/uenf.br\/posgraduacao\/engenharia-civil\/wp-content\/uploads\/sites\/3\/2025\/02\/foto_UENF-1-768x768.jpg 768w, https:\/\/uenf.br\/posgraduacao\/engenharia-civil\/wp-content\/uploads\/sites\/3\/2025\/02\/foto_UENF-1-1536x1536.jpg 1536w, https:\/\/uenf.br\/posgraduacao\/engenharia-civil\/wp-content\/uploads\/sites\/3\/2025\/02\/foto_UENF-1-2048x2048.jpg 2048w, https:\/\/uenf.br\/posgraduacao\/engenharia-civil\/wp-content\/uploads\/sites\/3\/2025\/02\/foto_UENF-1-600x600.jpg 600w\" sizes=\"auto, (max-width: 192px) 100vw, 192px\" \/><\/a><a href=\"http:\/\/uenf.br\/posgraduacao\/engenharia-civil\/wp-content\/uploads\/sites\/3\/2025\/02\/ORCID_julianapessin-1.png\"><img loading=\"lazy\" decoding=\"async\" class=\"alignnone wp-image-3747\" src=\"http:\/\/uenf.br\/posgraduacao\/engenharia-civil\/wp-content\/uploads\/sites\/3\/2025\/02\/ORCID_julianapessin-1-300x300.png\" alt=\"\" width=\"222\" height=\"222\" srcset=\"https:\/\/uenf.br\/posgraduacao\/engenharia-civil\/wp-content\/uploads\/sites\/3\/2025\/02\/ORCID_julianapessin-1-300x300.png 300w, https:\/\/uenf.br\/posgraduacao\/engenharia-civil\/wp-content\/uploads\/sites\/3\/2025\/02\/ORCID_julianapessin-1-150x150.png 150w, https:\/\/uenf.br\/posgraduacao\/engenharia-civil\/wp-content\/uploads\/sites\/3\/2025\/02\/ORCID_julianapessin-1.png 500w\" sizes=\"auto, (max-width: 222px) 100vw, 222px\" \/><\/a><\/p>\n<p><strong>E-mail: <a href=\"mailto:jpessin@id.uff.br\" target=\"_blank\" rel=\"noopener\">jpessin@id.uff.br<\/a><\/strong><\/p>\n<p><strong>ResearcherID: MFJ-7288-2025<\/strong><\/p>\n<p><strong>Fator H = 2<\/strong> (13 cita\u00e7\u00f5es, 10\/02\/2025)<\/p>\n<p><strong>Setor:\u00a0<\/strong><strong>Geotecnia<\/strong><\/p>\n<p>&nbsp;<\/p>\n<p><strong>\u00c1rea de Atua\u00e7\u00e3o:<\/strong><strong><br \/>\n<\/strong>\u2013 Modelagem f\u00edsica e num\u00e9rica em geotecnia offshore;<\/p>\n<p>\u2013 Estacas t\u00e9rmicas;<\/p>\n<p>\u2013 Estruturas de Conten\u00e7\u00e3o e Funda\u00e7\u00f5es.<\/p>\n<p>&nbsp;<\/p>\n<p><span style=\"color: #0000ff\"><strong>5 Publica\u00e7\u00f5es mais relevantes:<\/strong><\/span><\/p>\n<ul>\n<li><strong>PESSIN, J<\/strong>.; TSUHA, C.H.C. In-field performance of continuous flight auger (CFA) energy piles with different configurations.\u00a0<strong><i>Applied thermal Engineering<\/i><\/strong>, v. 224, p. 1-15, 2023. (doi:\u00a0<a href=\"http:\/\/dx.doi.org\/10.1016\/j.applthermaleng.2023.120113\" target=\"_blank\" rel=\"noopener\" data-saferedirecturl=\"https:\/\/www.google.com\/url?q=http:\/\/dx.doi.org\/10.1016\/j.applthermaleng.2023.120113&amp;source=gmail&amp;ust=1739546838071000&amp;usg=AOvVaw2vlaKYmoPndsX1z_U7rUjK\">http:\/\/dx.doi.org\/10.1016\/j.applthermaleng.2023.120113<\/a>);<\/li>\n<\/ul>\n<p>&nbsp;<\/p>\n<ul>\n<li>SA, L. M. S.; HERNANDEZ NETO, A.; TSUHA, C.H.C.; <strong>PESSIN, J.<\/strong>; FREITAS, M. C.; MORAIS, T. S. O. Thermal design of energy piles for a hotel building in subtropical climate: a case study in S\u00e3o Paulo, Brazil.\u00a0<strong><i>Soils &amp; Rocks<\/i><\/strong>, v. 45, p. 1-14, 2022. (doi:\u00a0<a href=\"http:\/\/dx.doi.org\/10.28927\/sr.2022.077421\" target=\"_blank\" rel=\"noopener\" data-saferedirecturl=\"https:\/\/www.google.com\/url?q=http:\/\/dx.doi.org\/10.28927\/sr.2022.077421&amp;source=gmail&amp;ust=1739546838071000&amp;usg=AOvVaw1xHHy5s4_zpHpi3w2pzqaz\">http:\/\/dx.doi.org\/10.28927\/sr.2022.077421<\/a>);<\/li>\n<\/ul>\n<p>&nbsp;<\/p>\n<ul>\n<li>LUKIANTCHUKI, J. A.; OLIVEIRA, J. R. M. S.; <strong>PESSIN, J.<\/strong>; ALMEIDA, M. S.S. Centrifuge modelling of traffic simulation on a construction waste layer. <strong><i>International Journal of Physical Modelling in Geotechnics<\/i><\/strong>, v. 18, p. 290-300, 2018. (doi:\u00a0<a href=\"http:\/\/dx.doi.org\/10.1680\/jphmg.17.00012\" target=\"_blank\" rel=\"noopener\" data-saferedirecturl=\"https:\/\/www.google.com\/url?q=http:\/\/dx.doi.org\/10.1680\/jphmg.17.00012&amp;source=gmail&amp;ust=1739546838071000&amp;usg=AOvVaw3YzPxdvwHh45RaKsTnDUiS\">http:\/\/dx.doi.org\/10.1680\/jphmg.17.00012<\/a>);<\/li>\n<\/ul>\n<p>&nbsp;<\/p>\n<ul>\n<li><strong>PESSIN, J.<\/strong>; OLIVEIRA, J. R. M. S.; ALMEIDA, M. S. S.; Trejo, P. C.; SABOYA JR., F.; ALMEIDA, M. C. F. Cyclic lateral pipe-soil interaction in clayey soils under constant vertical force. In:\u00a0Proceedings of 20th International Conference on Soil Mechanics and Geotechnical Engineering, 2022, Sydney;<\/li>\n<\/ul>\n<p>&nbsp;<\/p>\n<ul>\n<li><strong>PESSIN, J.<\/strong>\u00a0Geoteaching. 2020. (<a href=\"http:\/\/www.youtube.com\/@geoteaching\" target=\"_blank\" rel=\"noopener\" data-saferedirecturl=\"https:\/\/www.google.com\/url?q=http:\/\/www.youtube.com\/@geoteaching&amp;source=gmail&amp;ust=1739546838071000&amp;usg=AOvVaw05UExrZSZDOgAir6FaCeuf\">www.youtube.com\/@geoteaching<\/a>).<\/li>\n<\/ul>\n<p>&nbsp;<\/p>\n<p><a href=\"http:\/\/lattes.cnpq.br\/1267847158498132\"><strong>Curr\u00edculo Lattes<\/strong><\/a><\/p>\n<p>&nbsp;<\/p>","protected":false},"excerpt":{"rendered":"<p>E-mail: jpessin@id.uff.br ResearcherID: MFJ-7288-2025 Fator H = 2 (13 cita\u00e7\u00f5es, 10\/02\/2025) Setor:\u00a0Geotecnia &nbsp; \u00c1rea de Atua\u00e7\u00e3o: \u2013 Modelagem f\u00edsica e&#8230;<\/p>\n","protected":false},"author":8,"featured_media":0,"parent":103,"menu_order":1,"comment_status":"closed","ping_status":"closed","template":"","meta":{"footnotes":""},"class_list":["post-141","page","type-page","status-publish","hentry"],"_links":{"self":[{"href":"https:\/\/uenf.br\/posgraduacao\/engenharia-civil\/en\/wp-json\/wp\/v2\/pages\/141","targetHints":{"allow":["GET"]}}],"collection":[{"href":"https:\/\/uenf.br\/posgraduacao\/engenharia-civil\/en\/wp-json\/wp\/v2\/pages"}],"about":[{"href":"https:\/\/uenf.br\/posgraduacao\/engenharia-civil\/en\/wp-json\/wp\/v2\/types\/page"}],"author":[{"embeddable":true,"href":"https:\/\/uenf.br\/posgraduacao\/engenharia-civil\/en\/wp-json\/wp\/v2\/users\/8"}],"replies":[{"embeddable":true,"href":"https:\/\/uenf.br\/posgraduacao\/engenharia-civil\/en\/wp-json\/wp\/v2\/comments?post=141"}],"version-history":[{"count":0,"href":"https:\/\/uenf.br\/posgraduacao\/engenharia-civil\/en\/wp-json\/wp\/v2\/pages\/141\/revisions"}],"up":[{"embeddable":true,"href":"https:\/\/uenf.br\/posgraduacao\/engenharia-civil\/en\/wp-json\/wp\/v2\/pages\/103"}],"wp:attachment":[{"href":"https:\/\/uenf.br\/posgraduacao\/engenharia-civil\/en\/wp-json\/wp\/v2\/media?parent=141"}],"curies":[{"name":"wp","href":"https:\/\/api.w.org\/{rel}","templated":true}]}}