{"id":195,"date":"2015-09-04T13:51:22","date_gmt":"2015-09-04T13:51:22","guid":{"rendered":"http:\/\/uenf.br\/posgraduacao\/engenharia-civil\/?page_id=195"},"modified":"2025-02-13T16:00:24","modified_gmt":"2025-02-13T16:00:24","slug":"prof-vania-jose-karam","status":"publish","type":"page","link":"https:\/\/uenf.br\/posgraduacao\/engenharia-civil\/en\/corpo-docente-2\/prof-vania-jose-karam\/","title":{"rendered":"Prof. V\u00e2nia Jos\u00e9 Karam"},"content":{"rendered":"<p><div id=\"attachment_198\" style=\"width: 299px\" class=\"wp-caption alignleft\"><a href=\"http:\/\/uenf.br\/posgraduacao\/engenharia-civil\/wp-content\/uploads\/sites\/3\/2015\/09\/Prof.-Vania-Jose-Karam.jpg\"><img loading=\"lazy\" decoding=\"async\" aria-describedby=\"caption-attachment-198\" class=\" wp-image-198\" src=\"http:\/\/uenf.br\/posgraduacao\/engenharia-civil\/wp-content\/uploads\/sites\/3\/2015\/09\/Prof.-Vania-Jose-Karam.jpg\" alt=\"Prof. V\u00e2nia Jos\u00e9 Karam\" width=\"289\" height=\"289\" \/><\/a><p id=\"caption-attachment-198\" class=\"wp-caption-text\">Prof. V\u00e2nia Jos\u00e9 Karam<\/p><\/div><\/p>\n<p align=\"justify\"><span style=\"color: #ffffff\">.<\/span><\/p>\n<p align=\"justify\"><strong>E-mail:<\/strong> <a href=\"mailto:vjkaram@uenf.br\">vjkaram@uenf.br<\/a><\/p>\n<p align=\"justify\"><strong>Ramal:<\/strong> 273<strong>97367<\/strong> \/ 273<strong>97380<\/strong><\/p>\n<p align=\"justify\"><strong>Setor:<\/strong> Estruturas<br \/>\n<strong>\u00c1reas de Atua\u00e7\u00e3o:<\/strong><br \/>\n&#8211; M\u00e9todo dos Elementos de Contorno;<br \/>\n&#8211; M\u00e9todo dos Elementos Finitos;<br \/>\n&#8211; Mec\u00e2nica das Estruturas;<br \/>\n&#8211; Modelagem Num\u00e9rica de Problemas Estruturais.<\/p>\n<p align=\"justify\"><span style=\"color: #ffffff\">.<\/span><\/p>\n<p align=\"justify\"><a href=\"http:\/\/buscatextual.cnpq.br\/buscatextual\/visualizacv.do?id=K4787989Y1\" target=\"_blank\" rel=\"noopener noreferrer\">Curr\u00edculo Lattes<\/a><\/p>\n<p><\/p>","protected":false},"excerpt":{"rendered":"<p>. E-mail: vjkaram@uenf.br Ramal: 27397367 \/ 27397380 Setor: Estruturas \u00c1reas de Atua\u00e7\u00e3o: &#8211; M\u00e9todo dos Elementos de Contorno; &#8211; M\u00e9todo&#8230;<\/p>\n","protected":false},"author":8,"featured_media":0,"parent":103,"menu_order":1,"comment_status":"closed","ping_status":"closed","template":"","meta":{"footnotes":""},"class_list":["post-195","page","type-page","status-publish","hentry"],"_links":{"self":[{"href":"https:\/\/uenf.br\/posgraduacao\/engenharia-civil\/en\/wp-json\/wp\/v2\/pages\/195","targetHints":{"allow":["GET"]}}],"collection":[{"href":"https:\/\/uenf.br\/posgraduacao\/engenharia-civil\/en\/wp-json\/wp\/v2\/pages"}],"about":[{"href":"https:\/\/uenf.br\/posgraduacao\/engenharia-civil\/en\/wp-json\/wp\/v2\/types\/page"}],"author":[{"embeddable":true,"href":"https:\/\/uenf.br\/posgraduacao\/engenharia-civil\/en\/wp-json\/wp\/v2\/users\/8"}],"replies":[{"embeddable":true,"href":"https:\/\/uenf.br\/posgraduacao\/engenharia-civil\/en\/wp-json\/wp\/v2\/comments?post=195"}],"version-history":[{"count":0,"href":"https:\/\/uenf.br\/posgraduacao\/engenharia-civil\/en\/wp-json\/wp\/v2\/pages\/195\/revisions"}],"up":[{"embeddable":true,"href":"https:\/\/uenf.br\/posgraduacao\/engenharia-civil\/en\/wp-json\/wp\/v2\/pages\/103"}],"wp:attachment":[{"href":"https:\/\/uenf.br\/posgraduacao\/engenharia-civil\/en\/wp-json\/wp\/v2\/media?parent=195"}],"curies":[{"name":"wp","href":"https:\/\/api.w.org\/{rel}","templated":true}]}}