{"id":447,"date":"2015-09-04T18:35:16","date_gmt":"2015-09-04T18:35:16","guid":{"rendered":"http:\/\/uenf.br\/posgraduacao\/engenharia-civil\/?page_id=447"},"modified":"2020-03-20T18:36:11","modified_gmt":"2020-03-20T18:36:11","slug":"prof-sergio-tibana","status":"publish","type":"page","link":"https:\/\/uenf.br\/posgraduacao\/engenharia-civil\/en\/corpo-docente-2\/prof-sergio-tibana\/","title":{"rendered":"Prof. S\u00e9rgio Tibana"},"content":{"rendered":"<p><div id=\"attachment_449\" style=\"width: 260px\" class=\"wp-caption alignleft\"><a href=\"https:\/\/uenf.br\/posgraduacao\/engenharia-civil\/wp-content\/uploads\/sites\/3\/2015\/09\/Prof.-S\u00e9rgio-Tibana-LECIV_7350_1259177297.jpg\"><img loading=\"lazy\" decoding=\"async\" aria-describedby=\"caption-attachment-449\" class=\"size-full wp-image-449\" src=\"https:\/\/uenf.br\/posgraduacao\/engenharia-civil\/wp-content\/uploads\/sites\/3\/2015\/09\/Prof.-S\u00e9rgio-Tibana-LECIV_7350_1259177297.jpg\" alt=\"Prof. S\u00e9rgio Tibana\" width=\"250\" height=\"256\" \/><\/a><p id=\"caption-attachment-449\" class=\"wp-caption-text\">Prof. S\u00e9rgio Tibana<\/p><\/div><\/p>\n<p>&nbsp;<\/p>\n<p><strong>E-mail:<\/strong> <a href=\"mailto:tibana@uenf.br\">tibana@uenf.br<\/a><br \/>\n<strong>Setor:<\/strong> Geotecnia<br \/>\n<strong>\u00c1reas de Atua\u00e7\u00e3o:<\/strong><br \/>\n&#8211; Mec\u00e2nica dos Solos;<br \/>\n&#8211; Geotecnia Ambiental;<br \/>\n&#8211; Solos n\u00e3o-saturados;<br \/>\n&#8211; Geotecnia Experimental.<\/p>\n<p>&nbsp;<\/p>\n<p><a href=\"http:\/\/buscatextual.cnpq.br\/buscatextual\/visualizacv.do?id=K4784153D0\" target=\"_blank\" rel=\"noopener noreferrer\">Curr\u00edculo Lattes<\/a><\/p>","protected":false},"excerpt":{"rendered":"<p>&nbsp; E-mail: tibana@uenf.br Setor: Geotecnia \u00c1reas de Atua\u00e7\u00e3o: &#8211; Mec\u00e2nica dos Solos; &#8211; Geotecnia Ambiental; &#8211; Solos n\u00e3o-saturados; &#8211; Geotecnia&#8230;<\/p>\n","protected":false},"author":8,"featured_media":0,"parent":103,"menu_order":1,"comment_status":"closed","ping_status":"closed","template":"","meta":{"footnotes":""},"class_list":["post-447","page","type-page","status-publish","hentry"],"_links":{"self":[{"href":"https:\/\/uenf.br\/posgraduacao\/engenharia-civil\/en\/wp-json\/wp\/v2\/pages\/447","targetHints":{"allow":["GET"]}}],"collection":[{"href":"https:\/\/uenf.br\/posgraduacao\/engenharia-civil\/en\/wp-json\/wp\/v2\/pages"}],"about":[{"href":"https:\/\/uenf.br\/posgraduacao\/engenharia-civil\/en\/wp-json\/wp\/v2\/types\/page"}],"author":[{"embeddable":true,"href":"https:\/\/uenf.br\/posgraduacao\/engenharia-civil\/en\/wp-json\/wp\/v2\/users\/8"}],"replies":[{"embeddable":true,"href":"https:\/\/uenf.br\/posgraduacao\/engenharia-civil\/en\/wp-json\/wp\/v2\/comments?post=447"}],"version-history":[{"count":0,"href":"https:\/\/uenf.br\/posgraduacao\/engenharia-civil\/en\/wp-json\/wp\/v2\/pages\/447\/revisions"}],"up":[{"embeddable":true,"href":"https:\/\/uenf.br\/posgraduacao\/engenharia-civil\/en\/wp-json\/wp\/v2\/pages\/103"}],"wp:attachment":[{"href":"https:\/\/uenf.br\/posgraduacao\/engenharia-civil\/en\/wp-json\/wp\/v2\/media?parent=447"}],"curies":[{"name":"wp","href":"https:\/\/api.w.org\/{rel}","templated":true}]}}