{"id":499,"date":"2015-09-04T19:37:56","date_gmt":"2015-09-04T19:37:56","guid":{"rendered":"http:\/\/uenf.br\/posgraduacao\/engenharia-civil\/?page_id=499"},"modified":"2023-04-22T22:09:36","modified_gmt":"2023-04-22T22:09:36","slug":"nexmat","status":"publish","type":"page","link":"https:\/\/uenf.br\/posgraduacao\/engenharia-civil\/en\/oficinas-de-ensino-e-pesquisa\/nexmat\/","title":{"rendered":"Oficina de Geologia e Geoprocessamento"},"content":{"rendered":"<p>&nbsp;<\/p>\n<ul>\n<li>A Oficina de Geologia e Geoprocessamento desenvolve a linha de pesquisa: An\u00e1lise de Meio F\u00edsico para o Uso e Ocupa\u00e7\u00e3o do Solo, envolvendo diferentes projetos relacionados basicamente\u00a0a estudos de problemas regionais (ambientais, ocupa\u00e7\u00e3o urbana, habita\u00e7\u00e3o, recursos h\u00eddricos, turismo etc).<\/li>\n<\/ul>\n<ul>\n<li>O munic\u00edpio de Campos dos Goytacazes \u2013 R.J., assim como a maioria dos munic\u00edpios brasileiros, encontra-se carente de mapas e instrumentos que orientem os planejadores em suas atividades. Os tradicionais m\u00e9todos de mapeamento agilizam os levantamentos e a gera\u00e7\u00e3o de novos dados, tornando-se indiscut\u00edvel o seu uso na perspectiva moderna de gest\u00e3o territorial.<\/li>\n<\/ul>\n<p><\/p>","protected":false},"excerpt":{"rendered":"<p>&nbsp; A Oficina de Geologia e Geoprocessamento desenvolve a linha de pesquisa: An\u00e1lise de Meio F\u00edsico para o Uso e&#8230;<\/p>\n","protected":false},"author":8,"featured_media":0,"parent":211,"menu_order":1,"comment_status":"closed","ping_status":"closed","template":"","meta":{"footnotes":""},"class_list":["post-499","page","type-page","status-publish","hentry"],"_links":{"self":[{"href":"https:\/\/uenf.br\/posgraduacao\/engenharia-civil\/en\/wp-json\/wp\/v2\/pages\/499","targetHints":{"allow":["GET"]}}],"collection":[{"href":"https:\/\/uenf.br\/posgraduacao\/engenharia-civil\/en\/wp-json\/wp\/v2\/pages"}],"about":[{"href":"https:\/\/uenf.br\/posgraduacao\/engenharia-civil\/en\/wp-json\/wp\/v2\/types\/page"}],"author":[{"embeddable":true,"href":"https:\/\/uenf.br\/posgraduacao\/engenharia-civil\/en\/wp-json\/wp\/v2\/users\/8"}],"replies":[{"embeddable":true,"href":"https:\/\/uenf.br\/posgraduacao\/engenharia-civil\/en\/wp-json\/wp\/v2\/comments?post=499"}],"version-history":[{"count":0,"href":"https:\/\/uenf.br\/posgraduacao\/engenharia-civil\/en\/wp-json\/wp\/v2\/pages\/499\/revisions"}],"up":[{"embeddable":true,"href":"https:\/\/uenf.br\/posgraduacao\/engenharia-civil\/en\/wp-json\/wp\/v2\/pages\/211"}],"wp:attachment":[{"href":"https:\/\/uenf.br\/posgraduacao\/engenharia-civil\/en\/wp-json\/wp\/v2\/media?parent=499"}],"curies":[{"name":"wp","href":"https:\/\/api.w.org\/{rel}","templated":true}]}}