{"id":506,"date":"2015-09-04T19:42:58","date_gmt":"2015-09-04T19:42:58","guid":{"rendered":"http:\/\/uenf.br\/posgraduacao\/engenharia-civil\/?page_id=506"},"modified":"2020-10-27T02:32:37","modified_gmt":"2020-10-27T02:32:37","slug":"centrifuga","status":"publish","type":"page","link":"https:\/\/uenf.br\/posgraduacao\/engenharia-civil\/en\/oficinas-de-ensino-e-pesquisa\/centrifuga\/","title":{"rendered":"Oficina de Materiais de Constru\u00e7\u00e3o"},"content":{"rendered":"<p>Neste local trabalha-se com os concretos, alvenarias, etc.. Aulas pr\u00e1ticas das disciplinas de Materiais de Constru\u00e7\u00e3o e Constru\u00e7\u00e3o Civil, do curso de gradua\u00e7\u00e3o em Engenharia Civil, al\u00e9m dos trabalhos de pesquisa dos p\u00f3s-graduandos, s\u00e3o regularmente desenvolvidos nesta oficina. Os equipamentos aqui existentes s\u00e3o os seguintes:<\/p>\n<div id=\"materiaPrincipal\">\n<blockquote>\n<ul>\n<li><i><u>Betoneiras<\/u> (duas unidades): Usadas na confec\u00e7\u00e3o de concretos. Uma com capacidade de 400 litros e outra menor para 145 litros.<\/i><\/li>\n<li><i><u>Peneiradores<\/u>: (duas unidades): Peneirador el\u00e9trico com peneiras maiores (50 x 50 x 10 cm<sup>3<\/sup>) para peneiramento de agregados gra\u00fados e um menor, com peneiras circulares (8&#8243; de di\u00e2metro e 2&#8243; de altura) para agregados mi\u00fados.<\/i><\/li>\n<li><em><u>Prensa eletr\u00f4nica<\/u>: Utilizada para ensaios mec\u00e2nicos, rompendo corpos de prova de concreto, blocos, pequenas vigas, etc. Sua capacidade \u00e9 de at\u00e9 250 kN.<\/em><\/li>\n<li><em><u>Prensa manual<\/u>: Utilizada para romper corpos de prova de concreto. Sua capacidade \u00e9 de at\u00e9 1200 kN<\/em><\/li>\n<li><em><u>Prensa de Tijolos<\/u>: Este equipamento \u00e9 utilizado na confec\u00e7\u00e3o de tijolos de solo-cimento. Trata-se de uma prensa manual com capacidade de produ\u00e7\u00e3o di\u00e1ria de centenas de tijolos.<\/em><\/li>\n<\/ul>\n<\/blockquote>\n<\/div>\n<p>&nbsp;<\/p>","protected":false},"excerpt":{"rendered":"<p>Neste local trabalha-se com os concretos, alvenarias, etc.. Aulas pr\u00e1ticas das disciplinas de Materiais de Constru\u00e7\u00e3o e Constru\u00e7\u00e3o Civil, do&#8230;<\/p>\n","protected":false},"author":8,"featured_media":0,"parent":211,"menu_order":1,"comment_status":"closed","ping_status":"closed","template":"","meta":{"footnotes":""},"class_list":["post-506","page","type-page","status-publish","hentry"],"_links":{"self":[{"href":"https:\/\/uenf.br\/posgraduacao\/engenharia-civil\/en\/wp-json\/wp\/v2\/pages\/506","targetHints":{"allow":["GET"]}}],"collection":[{"href":"https:\/\/uenf.br\/posgraduacao\/engenharia-civil\/en\/wp-json\/wp\/v2\/pages"}],"about":[{"href":"https:\/\/uenf.br\/posgraduacao\/engenharia-civil\/en\/wp-json\/wp\/v2\/types\/page"}],"author":[{"embeddable":true,"href":"https:\/\/uenf.br\/posgraduacao\/engenharia-civil\/en\/wp-json\/wp\/v2\/users\/8"}],"replies":[{"embeddable":true,"href":"https:\/\/uenf.br\/posgraduacao\/engenharia-civil\/en\/wp-json\/wp\/v2\/comments?post=506"}],"version-history":[{"count":0,"href":"https:\/\/uenf.br\/posgraduacao\/engenharia-civil\/en\/wp-json\/wp\/v2\/pages\/506\/revisions"}],"up":[{"embeddable":true,"href":"https:\/\/uenf.br\/posgraduacao\/engenharia-civil\/en\/wp-json\/wp\/v2\/pages\/211"}],"wp:attachment":[{"href":"https:\/\/uenf.br\/posgraduacao\/engenharia-civil\/en\/wp-json\/wp\/v2\/media?parent=506"}],"curies":[{"name":"wp","href":"https:\/\/api.w.org\/{rel}","templated":true}]}}