{"id":568,"date":"2015-09-04T20:29:31","date_gmt":"2015-09-04T20:29:31","guid":{"rendered":"http:\/\/uenf.br\/posgraduacao\/engenharia-civil\/?page_id=568"},"modified":"2017-01-16T17:44:41","modified_gmt":"2017-01-16T17:44:41","slug":"dissertacoes-de-mestrado-2006","status":"publish","type":"page","link":"https:\/\/uenf.br\/posgraduacao\/engenharia-civil\/en\/teses-e-dissertacoes\/dissertacoes-de-mestrado-2006\/","title":{"rendered":"Disserta\u00e7\u00f5es de Mestrado 2006"},"content":{"rendered":"<p>&nbsp;<\/p>\n<form>\n<fieldset>\n<legend>UTILIZA\u00c7\u00c3O DE GEOPROCESSAMENTO NO PLANEJAMENTO DO USO DAS TERRAS PARA O DESENVOLVIMENTO URBANO DO MUNIC\u00cdPIO DE S\u00c3O FRANCISCO DO ITABAPOANA \/ RJ<\/legend>\n<p style=\"text-align: left\"><strong>Autor: <\/strong>ADILSON MARCIO COELHO<br \/>\n<strong>Orientador:<\/strong> Maria da Gl\u00f3ria Alves<br \/>\n<strong>Co-orientador:<\/strong> S\u00e9rgio Tibana<br \/>\n<strong>\u00c1rea de Concentra\u00e7\u00e3o:<\/strong> Geotecnia<br \/>\n<strong>Situa\u00e7\u00e3o:<\/strong> Conclu\u00edda \u2013 JULHO\/2008<br \/>\n<strong><a href=\"http:\/\/uenf.br\/posgraduacao\/engenharia-civil\/dissertacoes-de-mestrado-2006\/\" target=\"_blank\">Veja mais.<\/a><\/strong><\/p>\n<\/fieldset>\n<\/form>\n<p>&nbsp;<\/p>\n<form>\n<fieldset>\n<legend>ESTUDO DA VIABILIDADE T\u00c9CNICA DE INCORPORA\u00c7\u00c3O DE RES\u00cdDUO CER\u00c2MICO EM ARGAMASSAS<\/legend>\n<p style=\"text-align: left\"><strong>Autor: <\/strong>BRUNO CORDEIRO COSTA<br \/>\n<strong>Orientador:<\/strong> Prof. Jonas Alexandre<br \/>\n<strong>\u00c1rea de Concentra\u00e7\u00e3o:<\/strong> Estruturas<br \/>\n<strong>Situa\u00e7\u00e3o:<\/strong> Conclu\u00eddo &#8211; OUTUBRO\/2006<br \/>\n<strong><a href=\"http:\/\/uenf.br\/posgraduacao\/engenharia-civil\/dissertacoes-de-mestrado-2006-bruno-cordeiro-costa-2\/\" target=\"_blank\">Veja mais.<\/a><\/strong><\/p>\n<\/fieldset>\n<\/form>\n<p>&nbsp;<\/p>\n<form>\n<fieldset>\n<legend>AVALIA\u00c7\u00c3O DAS ETAPAS E DOS PROCEDIMENTOS NOS CANTEIROS DE OBRA E SUA INFLU\u00caNCIA NO DESPERDICIO DA CONSTRU\u00c7\u00c3O CIVIL<\/legend>\n<p style=\"text-align: left\"><strong>Autor: <\/strong>F\u00c1BIA DA SILVA DIAS<br \/>\n<strong>Orientador:<\/strong> Prof. Jonas Alexandre<br \/>\n<strong>\u00c1rea de Concentra\u00e7\u00e3o:<\/strong> Estrutura<br \/>\n<strong>Situa\u00e7\u00e3o:<\/strong> Conclu\u00eddo &#8211; DEZEMBRO\/2006<br \/>\n<strong><a href=\"http:\/\/uenf.br\/posgraduacao\/engenharia-civil\/dissertacoes-de-mestrado-2006-luziane-santos-ribeiro\/\" target=\"_blank\">Veja mais.<\/a><\/strong><\/p>\n<\/fieldset>\n<\/form>\n<p>&nbsp;<\/p>\n<form>\n<fieldset>\n<legend>DETERMINA\u00c7\u00c3O DO COEFICIENTE DE DIFUS\u00c3O ATRAV\u00c9S DE UM FLUXO UNIDIMENSIONAL EM UM SOLO N\u00c3O SATURADO<\/legend>\n<p style=\"text-align: left\"><strong>Autor: <\/strong>FERNANDA RANGEL DE AZEVEDO DE PAULAS<br \/>\n<strong>Orientador:<\/strong> Prof. S\u00e9rgio Tibana<br \/>\n<strong>Co-orientador:<\/strong> Prof. Roberto Faria J\u00fanior<br \/>\n<strong>\u00c1rea de Concentra\u00e7\u00e3o:<\/strong> Geotecnia<br \/>\n<strong>Situa\u00e7\u00e3o:<\/strong> Conclu\u00eddo &#8211; MAIO\/2006<br \/>\n<strong><a href=\"http:\/\/uenf.br\/posgraduacao\/engenharia-civil\/dissertacoes-de-mestrado-2006-fabia-da-silva-dias\/\" target=\"_blank\">Veja mais.<\/a><\/strong><\/p>\n<\/fieldset>\n<\/form>\n<p>&nbsp;<\/p>\n<form>\n<fieldset>\n<legend>A\u00c7O-CONCRETO GEOPOLIM\u00c9RICO: CORRELA\u00c7\u00c3O ENTRE TENS\u00c3O DE ADER\u00caNCIA E COMPRIMENTO DE ANCORAGEM<\/legend>\n<p style=\"text-align: left\"><strong>Autor: <\/strong>JOADELIO CHAGAS SOARES<br \/>\n<strong>Orientador:<\/strong> Prof. Dylmar Penteado Dias<br \/>\n<strong>Co-orientador:<\/strong> Prof. Sergio Luis Gonz\u00e1lez Garcia<br \/>\n<strong>\u00c1rea de Concentra\u00e7\u00e3o:<\/strong> Estrutura<br \/>\n<strong>Situa\u00e7\u00e3o:<\/strong> Conclu\u00eddo &#8211; NOVEMBRO\/2006<br \/>\n<strong><a href=\"http:\/\/uenf.br\/posgraduacao\/engenharia-civil\/dissertacoes-de-mestrado-2006-joadelio-chagas-soares\/\" target=\"_blank\">Veja mais.<\/a><\/strong><\/p>\n<\/fieldset>\n<\/form>\n<p>&nbsp;<\/p>\n<form>\n<fieldset>\n<legend>AN\u00c1LISE QUALITATIVA E QUANTITATIVA DE EROS\u00c3O LAMINAR NO MUNIC\u00cdPIO DE CAMPOS DOS GOYTACAZES\/RJ ATRAV\u00c9S DE T\u00c9CNICAS DE GEOPROCESSAMENTO<\/legend>\n<p style=\"text-align: left\"><strong>Autor: <\/strong>LUZIANE SANTOS RIBEIRO<br \/>\n<strong>Orientador:<\/strong> Prof\u00aa. Maria da Gl\u00f3ria Alves<br \/>\n<strong>\u00c1rea de Concentra\u00e7\u00e3o:<\/strong> Geotecnia<br \/>\n<strong>Situa\u00e7\u00e3o:<\/strong> Conclu\u00eddo &#8211; FEVEREIRO\/2006<br \/>\n<strong><a href=\"http:\/\/uenf.br\/posgraduacao\/engenharia-civil\/dissertacoes-de-mestrado-2006-joadelio-chagas-soares\/\" target=\"_blank\">Veja mais.<\/a><\/strong><\/p>\n<\/fieldset>\n<\/form>\n<p>&nbsp;<\/p>\n<form>\n<fieldset>\n<legend>DIAGN\u00d3STICO AMBIENTAL DO MUNIC\u00cdPIO DE ITAPERUNA\/RJ A PARTIR DO MAPEAMENTO GEOL\u00d3GICO-GEOT\u00c9CNICO E DO USO DE T\u00c9CNICAS DE GEOPROCESSAMENTO<\/legend>\n<p style=\"text-align: left\"><strong>Autor: <\/strong>OSCAR OS\u00c9IAS DE OLIVEIRA<br \/>\n<strong>Orientador:<\/strong> Prof\u00aa. Maria da Gl\u00f3ria Alves<br \/>\n<strong>\u00c1rea de Concentra\u00e7\u00e3o:<\/strong> Geotecnia<br \/>\n<strong>Situa\u00e7\u00e3o:<\/strong> Conclu\u00eddo &#8211; MAR\u00c7O\/2006<br \/>\n<strong><a href=\"http:\/\/uenf.br\/posgraduacao\/engenharia-civil\/dissertacoes-de-mestrado-2006-oscar-oseias-de-oliveira\/\" target=\"_blank\">Veja mais.<\/a><\/strong><\/p>\n<\/fieldset>\n<\/form>\n<p>&nbsp;<\/p>\n<form>\n<fieldset>\n<legend>DURABILIDADE DE GEOSSINT\u00c9TICOS EM EQUIPAMENTO DE DEGRADA\u00c7\u00c3O EM LABORAT\u00d3RIO<\/legend>\n<p style=\"text-align: left\"><strong>Autor: <\/strong> RAQUEL OFRANTE SALLES<br \/>\n<strong>Orientadores:<\/strong> Prof. Paulo C\u00e9sar de Almeida Maia &#8211; Alberto de Sampaio Ferraz Jardim Say\u00e3o<br \/>\n<strong>\u00c1rea de Concentra\u00e7\u00e3o:<\/strong> Geotecnia<br \/>\n<strong>Situa\u00e7\u00e3o:<\/strong> Conclu\u00eddo &#8211; AGOSTO\/2006<br \/>\n<strong><a href=\"http:\/\/uenf.br\/posgraduacao\/engenharia-civil\/dissertacoes-de-mestrado-2006-raquel-ofrante-salles\/\" target=\"_blank\">Veja mais.<\/a><\/strong><\/p>\n<\/fieldset>\n<\/form>\n<p>&nbsp;<\/p>\n<form>\n<fieldset>\n<legend>ESTUDO DE DEGRADA\u00c7\u00c3O DE GEOT\u00caXTEIS TECIDDOS<\/legend>\n<p style=\"text-align: left\"><strong>Autor: <\/strong> VANESSA DA CUNHA PINTO<br \/>\n<strong>Orientadores:<\/strong> Prof. Paulo C\u00e9sar de Almeida Maia<br \/>\n<strong>\u00c1rea de Concentra\u00e7\u00e3o:<\/strong> Geotecnia<br \/>\n<strong>Situa\u00e7\u00e3o:<\/strong> Conclu\u00eddo &#8211; FEBREIRO\/2006<br \/>\n<strong><a href=\"http:\/\/uenf.br\/posgraduacao\/engenharia-civil\/dissertacoes-de-mestrado-2006-raquel-ofrante-salles\/\" target=\"_blank\">Veja mais.<\/a><\/strong><\/p>\n<\/fieldset>\n<\/form>\n<p><strong>Disserta\u00e7\u00f5es<\/strong><\/p>\n<p><a href=\"http:\/\/uenf.br\/posgraduacao\/engenharia-civil\/dissertacoes-de-mestrado\/dissertacoes-de-metrado-2015\/\">2015 <\/a>&#8211; <a href=\"http:\/\/uenf.br\/posgraduacao\/engenharia-civil\/dissertacoes-de-mestrado\/dissertacoes-de-mestrado-2014\/\">2014 <\/a>&#8211; <a href=\"http:\/\/uenf.br\/posgraduacao\/engenharia-civil\/dissertacoes-de-mestrado\/dissertacoes-de-mestrado-2013\/\">2013 <\/a>&#8211; <a href=\"http:\/\/uenf.br\/posgraduacao\/engenharia-civil\/dissertacoes-de-mestrado\/dissertacoes-de-mestrado-2012\/\">2012 <\/a>&#8211; <a href=\"http:\/\/uenf.br\/posgraduacao\/engenharia-civil\/dissertacoes-de-mestrado\/dissertacoes-de-mestrado-2011\/\">2011<\/a> &#8211; <a href=\"http:\/\/uenf.br\/posgraduacao\/engenharia-civil\/dissertacoes-de-mestrado\/dissertacoes-de-mestrado-2010\/\">2010 <\/a>&#8211; <a href=\"http:\/\/uenf.br\/posgraduacao\/engenharia-civil\/dissertacoes-de-mestrado\/dissertacoes-de-mestrado-2009\/\">2009 <\/a>&#8211; <a href=\"http:\/\/uenf.br\/posgraduacao\/engenharia-civil\/dissertacoes-de-mestrado\/dissertacoes-de-mestrado-2008\/\">2008 <\/a>&#8211; <a href=\"http:\/\/uenf.br\/posgraduacao\/engenharia-civil\/dissertacoes-de-mestrado\/dissertacoes-de-mestrado-2007\/\">2007 <\/a>&#8211; <a href=\"http:\/\/uenf.br\/posgraduacao\/engenharia-civil\/dissertacoes-de-mestrado\/dissertacoes-de-mestrado-2006\/\" target=\"_blank\">2006 <\/a>&#8211; <a href=\"http:\/\/uenf.br\/posgraduacao\/engenharia-civil\/dissertacoes-de-mestrado\/dissertacoes-de-mestrado-2005\/\">2005<\/a> &#8211; <a href=\"http:\/\/uenf.br\/posgraduacao\/engenharia-civil\/dissertacoes-de-mestrado\/dissertacoes-de-mestrado-2004\/\">2004\u00a0<\/a>&#8211; <a href=\"http:\/\/uenf.br\/posgraduacao\/engenharia-civil\/dissertacoes-de-mestrado\/dissertacoes-de-mestrado-2003\/\">2003<\/a><\/p>","protected":false},"excerpt":{"rendered":"<p>&nbsp; UTILIZA\u00c7\u00c3O DE GEOPROCESSAMENTO NO PLANEJAMENTO DO USO DAS TERRAS PARA O DESENVOLVIMENTO URBANO DO MUNIC\u00cdPIO DE S\u00c3O FRANCISCO DO&#8230;<\/p>\n","protected":false},"author":8,"featured_media":0,"parent":411,"menu_order":1,"comment_status":"closed","ping_status":"closed","template":"","meta":{"footnotes":""},"class_list":["post-568","page","type-page","status-publish","hentry"],"_links":{"self":[{"href":"https:\/\/uenf.br\/posgraduacao\/engenharia-civil\/en\/wp-json\/wp\/v2\/pages\/568","targetHints":{"allow":["GET"]}}],"collection":[{"href":"https:\/\/uenf.br\/posgraduacao\/engenharia-civil\/en\/wp-json\/wp\/v2\/pages"}],"about":[{"href":"https:\/\/uenf.br\/posgraduacao\/engenharia-civil\/en\/wp-json\/wp\/v2\/types\/page"}],"author":[{"embeddable":true,"href":"https:\/\/uenf.br\/posgraduacao\/engenharia-civil\/en\/wp-json\/wp\/v2\/users\/8"}],"replies":[{"embeddable":true,"href":"https:\/\/uenf.br\/posgraduacao\/engenharia-civil\/en\/wp-json\/wp\/v2\/comments?post=568"}],"version-history":[{"count":0,"href":"https:\/\/uenf.br\/posgraduacao\/engenharia-civil\/en\/wp-json\/wp\/v2\/pages\/568\/revisions"}],"up":[{"embeddable":true,"href":"https:\/\/uenf.br\/posgraduacao\/engenharia-civil\/en\/wp-json\/wp\/v2\/pages\/411"}],"wp:attachment":[{"href":"https:\/\/uenf.br\/posgraduacao\/engenharia-civil\/en\/wp-json\/wp\/v2\/media?parent=568"}],"curies":[{"name":"wp","href":"https:\/\/api.w.org\/{rel}","templated":true}]}}