{"id":943,"date":"2015-09-11T21:44:57","date_gmt":"2015-09-11T21:44:57","guid":{"rendered":"http:\/\/uenf.br\/posgraduacao\/engenharia-civil\/?page_id=943"},"modified":"2015-09-11T21:45:32","modified_gmt":"2015-09-11T21:45:32","slug":"dissertacoes-de-mestrado-2008-aline-de-azevedo-dias","status":"publish","type":"page","link":"https:\/\/uenf.br\/posgraduacao\/engenharia-civil\/en\/dissertacoes-de-mestrado-2008-aline-de-azevedo-dias\/","title":{"rendered":"Disserta\u00e7\u00f5es de Mestrado 2008 &#8211; ALINE DE AZEVEDO DIAS"},"content":{"rendered":"<p><strong>Resumo<\/strong><br \/>\nO objetivo do presente trabalho consistiu na avalia\u00e7\u00e3o da durabilidade de argamassas geopolim\u00e9ricas e convencionais por meio de ataque qu\u00edmico com \u00e1cidos sulf\u00farico e ac\u00e9tico com 5% e 10% de concentra\u00e7\u00e3o, respectivamente. O ataque foi feito com ciclagens a cada 10 dias em solu\u00e7\u00f5es de \u00e1cido ac\u00e9tico e \u00e1gua e imers\u00e3o cont\u00ednua em solu\u00e7\u00f5es de \u00e1cido<br \/>\nsulf\u00farico, \u00e1cido ac\u00e9tico e em \u00e1gua. O programa experimental consistiu na determina\u00e7\u00e3o da resist\u00eancia \u00e0 compress\u00e3o axial, absor\u00e7\u00e3o de \u00e1gua por imers\u00e3o e acompanhamento da varia\u00e7\u00e3o de massa, ensaios estes feitos em argamassas. Visando facilitar a caracteriza\u00e7\u00e3o microestrutural e qu\u00edmica, foram feitos ensaios anal\u00edticos de difra\u00e7\u00e3o de raios X (DRX), microscopia eletr\u00f4nica de varredura (MEV) e an\u00e1lise termodiferencial (ATD) e termogravim\u00e9trica (ATG) em pastas geopolim\u00e9ricas. Os resultados mostraram que o cimento geopolim\u00e9rico n\u00e3o apresentou resist\u00eancia mec\u00e2nica superior ao cimento Portland devido ao metacaulim utilizado, que apresentou elevada cristalinidade. Em solu\u00e7\u00e3o de \u00e1cido sulf\u00farico, a an\u00e1lise estat\u00edstica da resist\u00eancia \u00e0 compress\u00e3o axial mostrou que a argamassa geopolim\u00e9rica n\u00e3o apresentou diferen\u00e7a significativa, em nenhum ciclo, em rela\u00e7\u00e3o \u00e0 argamassa convencional, j\u00e1 que para ambas as argamassas a brusca queda de resist\u00eancia mec\u00e2nica foi evidenciada pelo forte efeito desse \u00e1cido. J\u00e1 em ciclagem em solu\u00e7\u00e3o de \u00e1cido ac\u00e9tico, a resist\u00eancia \u00e0 compress\u00e3o da argamassa geopolim\u00e9rica foi ligeiramente superior \u00e0<br \/>\nargamassa convencional em todos os ciclos examinados.<\/p>\n<p>&nbsp;<\/p>\n<p style=\"text-align: right\"><a href=\"http:\/\/uenf.br\/posgraduacao\/engenharia-civil\/wp-content\/uploads\/sites\/3\/2015\/09\/ALINE-DE-AZEVEDO-DIAS.pdf\">Download aqui.<\/a><\/p>\n","protected":false},"excerpt":{"rendered":"<p>Resumo O objetivo do presente trabalho consistiu na avalia\u00e7\u00e3o da durabilidade de argamassas geopolim\u00e9ricas e convencionais por meio de ataque&#8230;<\/p>\n","protected":false},"author":8,"featured_media":0,"parent":0,"menu_order":0,"comment_status":"closed","ping_status":"closed","template":"","meta":{"footnotes":""},"class_list":["post-943","page","type-page","status-publish","hentry"],"_links":{"self":[{"href":"https:\/\/uenf.br\/posgraduacao\/engenharia-civil\/en\/wp-json\/wp\/v2\/pages\/943","targetHints":{"allow":["GET"]}}],"collection":[{"href":"https:\/\/uenf.br\/posgraduacao\/engenharia-civil\/en\/wp-json\/wp\/v2\/pages"}],"about":[{"href":"https:\/\/uenf.br\/posgraduacao\/engenharia-civil\/en\/wp-json\/wp\/v2\/types\/page"}],"author":[{"embeddable":true,"href":"https:\/\/uenf.br\/posgraduacao\/engenharia-civil\/en\/wp-json\/wp\/v2\/users\/8"}],"replies":[{"embeddable":true,"href":"https:\/\/uenf.br\/posgraduacao\/engenharia-civil\/en\/wp-json\/wp\/v2\/comments?post=943"}],"version-history":[{"count":0,"href":"https:\/\/uenf.br\/posgraduacao\/engenharia-civil\/en\/wp-json\/wp\/v2\/pages\/943\/revisions"}],"wp:attachment":[{"href":"https:\/\/uenf.br\/posgraduacao\/engenharia-civil\/en\/wp-json\/wp\/v2\/media?parent=943"}],"curies":[{"name":"wp","href":"https:\/\/api.w.org\/{rel}","templated":true}]}}