{"id":963,"date":"2015-09-11T22:04:45","date_gmt":"2015-09-11T22:04:45","guid":{"rendered":"http:\/\/uenf.br\/posgraduacao\/engenharia-civil\/?page_id=963"},"modified":"2015-09-11T22:04:45","modified_gmt":"2015-09-11T22:04:45","slug":"dissertacoes-de-mestrado-2008-frederico-lopes-murta","status":"publish","type":"page","link":"https:\/\/uenf.br\/posgraduacao\/engenharia-civil\/en\/dissertacoes-de-mestrado-2008-frederico-lopes-murta\/","title":{"rendered":"Disserta\u00e7\u00f5es de Mestrado 2008 &#8211; FREDERICO LOPES MURTA"},"content":{"rendered":"<p style=\"text-align: justify\">Resumo<br \/>\nA constru\u00e7\u00e3o civil \u00e9 um setor din\u00e2mico. Num ramo em que novas tecnologias criam grandes vantagens competitivas, a procura por novos materiais \u00e9 parte integrante dessa busca. Dentre as caracter\u00edsticas almejadas recentemente tem-se a busca por materiais menos poluentes, pois a constru\u00e7\u00e3o civil tem parcela significativa de responsabilidade na necessidade mundial de tornar a ind\u00fastria moderna sustent\u00e1vel. Assim, na procura por um novo material de \u00a0constru\u00e7\u00e3o foram utilizados metacaulim (MC), res\u00edduo de tijolo mo\u00eddo (RTM), cal hidratada (CH) e cal virgem (CV) para a\u00a0produ\u00e7\u00e3o de argamassas que atendessem as prescri\u00e7\u00f5es da NBR 13281\/2001. O estudo realizado mostrou a caracteriza\u00e7\u00e3o f\u00edsica e qu\u00edmica dos reagentes e seu balanceamento qu\u00edmico, em raz\u00f5es molares, para a obten\u00e7\u00e3o de argamassas formadas pelas seguintes combina\u00e7\u00f5es: CV\/MC, CV\/RTM, CH\/MC e CH\/RTM. Os melhores tra\u00e7os foram determinados atrav\u00e9s de ensaios de resist\u00eancia \u00e0 compress\u00e3o axial e an\u00e1lise visual. Com os melhores tra\u00e7os de cada argamassa foram realizadas medi\u00e7\u00f5es do pH e da temperatura das misturas no estado fresco e ensaios de XRD e DTA para identificar os compostos formados no estado endurecido. A argamassa CV\/MC foi a que melhor atendeu aos requisitos da ABNT, alcan\u00e7ando classifica\u00e7\u00e3o tipo III-alta-a. Constatou-se tamb\u00e9m que a CV age como um poderoso e barato ativador alcalino, quando comprada com a CH.<\/p>\n<p>&nbsp;<\/p>\n<p style=\"text-align: right\"><a href=\"http:\/\/uenf.br\/posgraduacao\/engenharia-civil\/wp-content\/uploads\/sites\/3\/2015\/09\/FREDERICO-LOPES-MURTA.pdf\">Download aqui.<\/a><\/p>\n","protected":false},"excerpt":{"rendered":"<p>Resumo A constru\u00e7\u00e3o civil \u00e9 um setor din\u00e2mico. Num ramo em que novas tecnologias criam grandes vantagens competitivas, a procura&#8230;<\/p>\n","protected":false},"author":8,"featured_media":0,"parent":0,"menu_order":0,"comment_status":"closed","ping_status":"closed","template":"","meta":{"footnotes":""},"class_list":["post-963","page","type-page","status-publish","hentry"],"_links":{"self":[{"href":"https:\/\/uenf.br\/posgraduacao\/engenharia-civil\/en\/wp-json\/wp\/v2\/pages\/963","targetHints":{"allow":["GET"]}}],"collection":[{"href":"https:\/\/uenf.br\/posgraduacao\/engenharia-civil\/en\/wp-json\/wp\/v2\/pages"}],"about":[{"href":"https:\/\/uenf.br\/posgraduacao\/engenharia-civil\/en\/wp-json\/wp\/v2\/types\/page"}],"author":[{"embeddable":true,"href":"https:\/\/uenf.br\/posgraduacao\/engenharia-civil\/en\/wp-json\/wp\/v2\/users\/8"}],"replies":[{"embeddable":true,"href":"https:\/\/uenf.br\/posgraduacao\/engenharia-civil\/en\/wp-json\/wp\/v2\/comments?post=963"}],"version-history":[{"count":0,"href":"https:\/\/uenf.br\/posgraduacao\/engenharia-civil\/en\/wp-json\/wp\/v2\/pages\/963\/revisions"}],"wp:attachment":[{"href":"https:\/\/uenf.br\/posgraduacao\/engenharia-civil\/en\/wp-json\/wp\/v2\/media?parent=963"}],"curies":[{"name":"wp","href":"https:\/\/api.w.org\/{rel}","templated":true}]}}