{"id":971,"date":"2015-09-11T22:14:37","date_gmt":"2015-09-11T22:14:37","guid":{"rendered":"http:\/\/uenf.br\/posgraduacao\/engenharia-civil\/?page_id=971"},"modified":"2015-09-11T22:14:49","modified_gmt":"2015-09-11T22:14:49","slug":"dissertacoes-de-mestrado-2008-jean-crispim-ferreira","status":"publish","type":"page","link":"https:\/\/uenf.br\/posgraduacao\/engenharia-civil\/en\/dissertacoes-de-mestrado-2008-jean-crispim-ferreira\/","title":{"rendered":"Disserta\u00e7\u00f5es de Mestrado 2008 &#8211; JEAN CRISPIM FERREIRA"},"content":{"rendered":"<p><strong>Resumo<\/strong><\/p>\n<p style=\"text-align: justify\">O LIMAG \u00e9 uma ferramenta de resolu\u00e7\u00e3o de problemas geot\u00e9cnicos desenvolvida\u00a0pelo m\u00e9todo de An\u00e1lise Limite Num\u00e9rica. Com o intuito de continuar seu\u00a0desenvolvimento, este trabalho foca na implementa\u00e7\u00e3o num\u00e9rica de elementos de\u00a0refor\u00e7o. Para tal, foi realizada a mudan\u00e7a de paradigma de programa\u00e7\u00e3o\u00a0estruturada para programa\u00e7\u00e3o orientada a objetos. Ap\u00f3s o t\u00e9rmino da parte de\u00a0implementa\u00e7\u00e3o, \u00e9 apresentado o n\u00edvel de mudan\u00e7a ocorrida no LIMAG e realizadas\u00a0an\u00e1lises comparativas, procurando explorar as propriedades do elemento de refor\u00e7o\u00a0implementado. Desta forma foram feitas an\u00e1lises com solos puramente coesivos e\u00a0solos argilo-arenosos, avaliado os resultados para evidenciar qual o efeito dos\u00a0elementos nos dois tipos de solo. Uma outra an\u00e1lise comparativa \u00e9 realizada\u00a0baseada num trabalho com uma centr\u00edfuga geot\u00e9cnica, sendo aplicado um modelo\u00a0experimental refor\u00e7ado com geotexteis. Os resultados obtidos pelo LIMAG\u00a0mostram-se coerentes se comparados com os da centr\u00edfuga, validando a\u00a0implementa\u00e7\u00e3o.<\/p>\n<p style=\"text-align: right\"><a href=\"http:\/\/uenf.br\/posgraduacao\/engenharia-civil\/wp-content\/uploads\/sites\/3\/2015\/09\/JEAN-CRISPIM-FERREIRA.pdf\">Download aqui.<\/a><\/p>\n","protected":false},"excerpt":{"rendered":"<p>Resumo O LIMAG \u00e9 uma ferramenta de resolu\u00e7\u00e3o de problemas geot\u00e9cnicos desenvolvida\u00a0pelo m\u00e9todo de An\u00e1lise Limite Num\u00e9rica. Com o intuito&#8230;<\/p>\n","protected":false},"author":8,"featured_media":0,"parent":0,"menu_order":0,"comment_status":"closed","ping_status":"closed","template":"","meta":{"footnotes":""},"class_list":["post-971","page","type-page","status-publish","hentry"],"_links":{"self":[{"href":"https:\/\/uenf.br\/posgraduacao\/engenharia-civil\/en\/wp-json\/wp\/v2\/pages\/971","targetHints":{"allow":["GET"]}}],"collection":[{"href":"https:\/\/uenf.br\/posgraduacao\/engenharia-civil\/en\/wp-json\/wp\/v2\/pages"}],"about":[{"href":"https:\/\/uenf.br\/posgraduacao\/engenharia-civil\/en\/wp-json\/wp\/v2\/types\/page"}],"author":[{"embeddable":true,"href":"https:\/\/uenf.br\/posgraduacao\/engenharia-civil\/en\/wp-json\/wp\/v2\/users\/8"}],"replies":[{"embeddable":true,"href":"https:\/\/uenf.br\/posgraduacao\/engenharia-civil\/en\/wp-json\/wp\/v2\/comments?post=971"}],"version-history":[{"count":0,"href":"https:\/\/uenf.br\/posgraduacao\/engenharia-civil\/en\/wp-json\/wp\/v2\/pages\/971\/revisions"}],"wp:attachment":[{"href":"https:\/\/uenf.br\/posgraduacao\/engenharia-civil\/en\/wp-json\/wp\/v2\/media?parent=971"}],"curies":[{"name":"wp","href":"https:\/\/api.w.org\/{rel}","templated":true}]}}