{"id":1046,"date":"2015-09-16T12:58:47","date_gmt":"2015-09-16T12:58:47","guid":{"rendered":"http:\/\/uenf.br\/posgraduacao\/engenharia-civil\/?page_id=1046"},"modified":"2015-09-16T12:58:47","modified_gmt":"2015-09-16T12:58:47","slug":"dissertacoes-de-mestrado-2013-jose-renato-de-freitas","status":"publish","type":"page","link":"https:\/\/uenf.br\/posgraduacao\/engenharia-civil\/es\/dissertacoes-de-mestrado-2013-jose-renato-de-freitas\/","title":{"rendered":"Disserta\u00e7\u00f5es de Mestrado 2013 &#8211; JOS\u00c9 RENATO DE FREITAS"},"content":{"rendered":"<p><strong>Resumo<\/strong><\/p>\n<p style=\"text-align: justify\">Pesquisas sobre o emprego de cinzas do baga\u00e7o de cana-de-a\u00e7\u00facar como pozolana s\u00e3o conduzidas desde o in\u00edcio da d\u00e9cada de 90. Dessa forma, foram realizadas v\u00e1rias investiga\u00e7\u00f5es sobre a influ\u00eancia da substitui\u00e7\u00e3o parcial de cimento Portland por cinzas do baga\u00e7o de cana-de-a\u00e7\u00facar, principalmente em pesquisas relacionadas com propriedades no estado endurecido de pastas, argamassas e concretos. Como h\u00e1 poucos trabalhos cient\u00edficos sobre propriedades no estado fresco, esta pesquisa tem por objetivo avaliar a influ\u00eancia da substitui\u00e7\u00e3o parcial de cimento por diferentes cinzas do baga\u00e7o nos tempos de in\u00edcio e fim de pega e no calor de hidrata\u00e7\u00e3o de pastas ciment\u00edcias. Para tal, seis cinzas distintas do baga\u00e7o foram selecionadas para emprego em substitui\u00e7\u00e3o parcial de cimento em teores entre 10 e 30%. Ensaios de Vicat foram realizados para a determina\u00e7\u00e3o dos tempos de in\u00edcio e fim de pega. Dentre as seis cinzas, tr\u00eas foram utilizadas para ensaios de varia\u00e7\u00e3o de velocidade ultrass\u00f4nica em pastas e concretos e calor de hidrata\u00e7\u00e3o de pastas. Os resultados dos ensaios de penetra\u00e7\u00e3o mec\u00e2nica mostraram que cinzas do baga\u00e7o com altos teores de perda ao fogo proporcionaram um efeito retardador nos tempos de in\u00edcio e fim de pega em decorr\u00eancia da presen\u00e7a de carbono residual nas cinzas. Os resultados dos ensaios de varia\u00e7\u00e3o da velocidade ultrass\u00f4nica tamb\u00e9m comprovaram o efeito retardador das cinzas com elevados valores de perda ao fogo. Os ensaios de calorimetria isot\u00e9rmica mostraram que a utiliza\u00e7\u00e3o de cinzas pozol\u00e2nicas resulta em altera\u00e7\u00f5es significativas nas taxas de libera\u00e7\u00e3o de calor e na cin\u00e9tica da hidrata\u00e7\u00e3o. Nesse caso, verificou-se redu\u00e7\u00e3o da velocidade para cinzas de baixa reatividade e aumento do calor de hidrata\u00e7\u00e3o para cinzas com alta reatividade.<\/p>\n<p style=\"text-align: right\"><a href=\"http:\/\/uenf.br\/posgraduacao\/engenharia-civil\/wp-content\/uploads\/sites\/3\/2015\/09\/Jos\u00e9-Renato-de-Freitas.pdf\">Download aqui.<\/a><\/p>\n","protected":false},"excerpt":{"rendered":"<p>Resumo Pesquisas sobre o emprego de cinzas do baga\u00e7o de cana-de-a\u00e7\u00facar como pozolana s\u00e3o conduzidas desde o in\u00edcio da d\u00e9cada&#8230;<\/p>\n","protected":false},"author":8,"featured_media":0,"parent":0,"menu_order":0,"comment_status":"closed","ping_status":"closed","template":"","meta":{"footnotes":""},"class_list":["post-1046","page","type-page","status-publish","hentry"],"_links":{"self":[{"href":"https:\/\/uenf.br\/posgraduacao\/engenharia-civil\/es\/wp-json\/wp\/v2\/pages\/1046","targetHints":{"allow":["GET"]}}],"collection":[{"href":"https:\/\/uenf.br\/posgraduacao\/engenharia-civil\/es\/wp-json\/wp\/v2\/pages"}],"about":[{"href":"https:\/\/uenf.br\/posgraduacao\/engenharia-civil\/es\/wp-json\/wp\/v2\/types\/page"}],"author":[{"embeddable":true,"href":"https:\/\/uenf.br\/posgraduacao\/engenharia-civil\/es\/wp-json\/wp\/v2\/users\/8"}],"replies":[{"embeddable":true,"href":"https:\/\/uenf.br\/posgraduacao\/engenharia-civil\/es\/wp-json\/wp\/v2\/comments?post=1046"}],"version-history":[{"count":0,"href":"https:\/\/uenf.br\/posgraduacao\/engenharia-civil\/es\/wp-json\/wp\/v2\/pages\/1046\/revisions"}],"wp:attachment":[{"href":"https:\/\/uenf.br\/posgraduacao\/engenharia-civil\/es\/wp-json\/wp\/v2\/media?parent=1046"}],"curies":[{"name":"wp","href":"https:\/\/api.w.org\/{rel}","templated":true}]}}