{"id":1053,"date":"2015-09-16T13:10:17","date_gmt":"2015-09-16T13:10:17","guid":{"rendered":"http:\/\/uenf.br\/posgraduacao\/engenharia-civil\/?page_id=1053"},"modified":"2015-09-16T13:17:20","modified_gmt":"2015-09-16T13:17:20","slug":"dissertacoes-de-mestrado-2013-rafael-andrade-freitas","status":"publish","type":"page","link":"https:\/\/uenf.br\/posgraduacao\/engenharia-civil\/es\/dissertacoes-de-mestrado-2013-rafael-andrade-freitas\/","title":{"rendered":"Disserta\u00e7\u00f5es de Mestrado 2013 &#8211; RAFAEL ANDRADE FREITAS"},"content":{"rendered":"<p><strong>Resumo<\/strong><\/p>\n<p style=\"text-align: justify\">A crescente preocupa\u00e7\u00e3o com a qualidade da cer\u00e2mica vermelha e o uso racional dos recursos naturais utilizados por ela, tem motivado a diversas pesquisas. O crescimento do setor imobili\u00e1rio, facilidade de cr\u00e9dito, junto \u00e0s exig\u00eancias de qualidade que o mercado globalizado imp\u00f5e, tem feito com que os empres\u00e1rios atraiam pesquisadores para o estudo de par\u00e2metros que influenciam na qualidade do produto final. No interior do Rio de Janeiro, o munic\u00edpio de Campos dos Goytacazes, desempenha um importante papel na fabrica\u00e7\u00e3o de produtos cer\u00e2micos, que segundo informa\u00e7\u00f5es do pr\u00f3prio segmento, emprega cerca de 5.000 funcion\u00e1rios, nas mais de cem cer\u00e2micas existentes no munic\u00edpio. Por\u00e9m, nota-se que na maioria dos casos, as ind\u00fastrias produtoras de cer\u00e2mica ainda fazem uso de m\u00e9todos emp\u00edricos para formula\u00e7\u00e3o de massa cer\u00e2mica, tendo como consequ\u00eancia uma perda na qualidade e recursos naturais onde parte das t\u00e9cnicas de fabrica\u00e7\u00e3o s\u00e3o passadas pai para filho e de pouco ou nenhum crit\u00e9rio tecnol\u00f3gico. Esta disserta\u00e7\u00e3o teve como objetivo estudar tr\u00eas tipos de solos provenientes da bacia de Campos\/RJ, avaliando e no seu comportamento f\u00edsico. Para tanto, foram aplicados ensaios de Varia\u00e7\u00e3o Linear, Absor\u00e7\u00e3o de \u00c1gua, Granulometria, Limites de Atterberg, Porosidade Aparente e Tens\u00e3o de Ruptura \u00e0 Flex\u00e3o de Tr\u00eas Pontos. Ensaios como An\u00e1lise qu\u00edmica, An\u00e1lises T\u00e9rmicas e Difra\u00e7\u00e3o de Raios-X, foram feitos com o intuito de identificar a presen\u00e7a dos argilominerais. O emprego da rede simplex teve como principal objetivo, consolidar o uso da t\u00e9cnica na an\u00e1lise de misturas de na previs\u00e3o de resultados, auxiliando assim o processo de fabrica\u00e7\u00e3o na obten\u00e7\u00e3o de melhores resultados. An\u00e1lises estat\u00edsticas s\u00e3o aplicadas na verifica\u00e7\u00e3o\/valida\u00e7\u00e3o do modelo e o emprego de Weibull foi aplicado com o intuito de identificar o qu\u00e3o uniforme s\u00e3o as amostras estudadas. Entre outras conclus\u00f5es ao qual esse trabalho chegou temos que a temperatura de 700\u00ba para os solos analisados obteve os melhores resultados, tanto na uniformidade, identificado por Weibull, quanto na predi\u00e7\u00e3o de resultados.<\/p>\n<p style=\"text-align: right\"><a href=\"http:\/\/uenf.br\/posgraduacao\/engenharia-civil\/wp-content\/uploads\/sites\/3\/2015\/09\/RAFAEL-ANDRADE-FREITAS.pdf\">Download aqu<\/a>i.<\/p>\n","protected":false},"excerpt":{"rendered":"<p>Resumo A crescente preocupa\u00e7\u00e3o com a qualidade da cer\u00e2mica vermelha e o uso racional dos recursos naturais utilizados por ela,&#8230;<\/p>\n","protected":false},"author":8,"featured_media":0,"parent":0,"menu_order":0,"comment_status":"closed","ping_status":"closed","template":"","meta":{"footnotes":""},"class_list":["post-1053","page","type-page","status-publish","hentry"],"_links":{"self":[{"href":"https:\/\/uenf.br\/posgraduacao\/engenharia-civil\/es\/wp-json\/wp\/v2\/pages\/1053","targetHints":{"allow":["GET"]}}],"collection":[{"href":"https:\/\/uenf.br\/posgraduacao\/engenharia-civil\/es\/wp-json\/wp\/v2\/pages"}],"about":[{"href":"https:\/\/uenf.br\/posgraduacao\/engenharia-civil\/es\/wp-json\/wp\/v2\/types\/page"}],"author":[{"embeddable":true,"href":"https:\/\/uenf.br\/posgraduacao\/engenharia-civil\/es\/wp-json\/wp\/v2\/users\/8"}],"replies":[{"embeddable":true,"href":"https:\/\/uenf.br\/posgraduacao\/engenharia-civil\/es\/wp-json\/wp\/v2\/comments?post=1053"}],"version-history":[{"count":0,"href":"https:\/\/uenf.br\/posgraduacao\/engenharia-civil\/es\/wp-json\/wp\/v2\/pages\/1053\/revisions"}],"wp:attachment":[{"href":"https:\/\/uenf.br\/posgraduacao\/engenharia-civil\/es\/wp-json\/wp\/v2\/media?parent=1053"}],"curies":[{"name":"wp","href":"https:\/\/api.w.org\/{rel}","templated":true}]}}