{"id":1066,"date":"2015-09-16T13:30:27","date_gmt":"2015-09-16T13:30:27","guid":{"rendered":"http:\/\/uenf.br\/posgraduacao\/engenharia-civil\/?page_id=1066"},"modified":"2015-09-16T14:06:43","modified_gmt":"2015-09-16T14:06:43","slug":"dissertacoes-de-mestrado-2012-caroline-pessoa-sales","status":"publish","type":"page","link":"https:\/\/uenf.br\/posgraduacao\/engenharia-civil\/es\/dissertacoes-de-mestrado-2012-caroline-pessoa-sales\/","title":{"rendered":"Disserta\u00e7\u00f5es de Mestrado 2012 &#8211; CAROLINE PESS\u00d4A SALES"},"content":{"rendered":"<p><strong>Resumo<\/strong><\/p>\n<p style=\"text-align: justify\">A avalia\u00e7\u00e3o da viabilidade de produ\u00e7\u00e3o de cinzas pozol\u00e2nicas a partir da queima de capim elefante (CCE) norteou o desenvolvimento deste trabalho. Inicialmente, amostras de capim elefante procedentes de diversas regi\u00f5es do\u00a0territ\u00f3rio brasileiro e tamb\u00e9m suas respectivas cinzas, obtidas via calcina\u00e7\u00e3o em forno mufla, foram caracterizadas e comparadas. Em seguida, o capim que originou a cinza de maior teor de s\u00edlica foi selecionado para produ\u00e7\u00e3o de diferentes cinzas. A segunda etapa do trabalho consistiu no estudo das condi\u00e7\u00f5es ideais de queima em laborat\u00f3rio para obten\u00e7\u00e3o de uma cinza com elevada atividade pozol\u00e2nica. Avaliouse, ainda, a efici\u00eancia da queima do capim elefante em um forno intermitente de uma ind\u00fastria cer\u00e2mica para simular a produ\u00e7\u00e3o de cinza pozol\u00e2nica em larga escala. Posteriormente, pr\u00e9-tratamentos do capim com \u00e1gua destilada e com \u00e1cido clor\u00eddrico foram realizados com a finalidade de remover de \u00f3xidos met\u00e1licos contaminantes e, consequentemente, elevar o percentual de s\u00edlica. Com isso, seis diferentes cinzas foram comparadas com base em ensaios de \u00edndice de atividade pozol\u00e2nica com cimento Portland, Chapelle modificado e varia\u00e7\u00e3o da condutividade el\u00e9trica. Os produtos das rea\u00e7\u00f5es pozol\u00e2nicas de uma CCE produzida em condi\u00e7\u00f5es ideais de queima foram estudados atrav\u00e9s de an\u00e1lises t\u00e9rmicas em uma pasta com hidr\u00f3xido\u00a0de c\u00e1lcio e \u00e1gua. Os resultados das an\u00e1lises indicaram que houve consumo expressivo de Ca(OH)2 no tempo e forma\u00e7\u00e3o de C-S-H, guelenita hidratada (C2ASH8) e aluminato tetrac\u00e1lcico hidratado (C4AH13) em decorr\u00eancia das rea\u00e7\u00f5es\u00a0pozol\u00e2nicas. Por fim, a mesma CCE foi aplicada em substitui\u00e7\u00e3o parcial ao cimento Portland (20% em volume absoluto) em um concreto convencional (40 MPa). Os resultados dos ensaios de resist\u00eancia \u00e0 compress\u00e3o, absor\u00e7\u00e3o de \u00e1gua, \u00edndice de vazios e massa espec\u00edfica foram comparados aos obtidos para um concreto de refer\u00eancia e outro com uma cinza do baga\u00e7o da cana-de-a\u00e7\u00facar. De modo geral, concluiu-se que o emprego de cinza do capim elefante n\u00e3o alterou de forma significativa as propriedades estudadas e que o material se apresenta como uma interessante fonte de s\u00edlica amorfa para a produ\u00e7\u00e3o de pozolana.<\/p>\n<p style=\"text-align: right\"><a href=\"http:\/\/uenf.br\/posgraduacao\/engenharia-civil\/wp-content\/uploads\/sites\/3\/2015\/09\/Caroline-Pess\u00f4a-Sales_.compressed.pdf\">Download aqui.<\/a><\/p>\n","protected":false},"excerpt":{"rendered":"<p>Resumo A avalia\u00e7\u00e3o da viabilidade de produ\u00e7\u00e3o de cinzas pozol\u00e2nicas a partir da queima de capim elefante (CCE) norteou o&#8230;<\/p>\n","protected":false},"author":8,"featured_media":0,"parent":0,"menu_order":0,"comment_status":"closed","ping_status":"closed","template":"","meta":{"footnotes":""},"class_list":["post-1066","page","type-page","status-publish","hentry"],"_links":{"self":[{"href":"https:\/\/uenf.br\/posgraduacao\/engenharia-civil\/es\/wp-json\/wp\/v2\/pages\/1066","targetHints":{"allow":["GET"]}}],"collection":[{"href":"https:\/\/uenf.br\/posgraduacao\/engenharia-civil\/es\/wp-json\/wp\/v2\/pages"}],"about":[{"href":"https:\/\/uenf.br\/posgraduacao\/engenharia-civil\/es\/wp-json\/wp\/v2\/types\/page"}],"author":[{"embeddable":true,"href":"https:\/\/uenf.br\/posgraduacao\/engenharia-civil\/es\/wp-json\/wp\/v2\/users\/8"}],"replies":[{"embeddable":true,"href":"https:\/\/uenf.br\/posgraduacao\/engenharia-civil\/es\/wp-json\/wp\/v2\/comments?post=1066"}],"version-history":[{"count":0,"href":"https:\/\/uenf.br\/posgraduacao\/engenharia-civil\/es\/wp-json\/wp\/v2\/pages\/1066\/revisions"}],"wp:attachment":[{"href":"https:\/\/uenf.br\/posgraduacao\/engenharia-civil\/es\/wp-json\/wp\/v2\/media?parent=1066"}],"curies":[{"name":"wp","href":"https:\/\/api.w.org\/{rel}","templated":true}]}}