{"id":118,"date":"2015-09-04T12:38:16","date_gmt":"2015-09-04T12:38:16","guid":{"rendered":"http:\/\/uenf.br\/posgraduacao\/engenharia-civil\/?page_id=118"},"modified":"2020-03-18T13:32:04","modified_gmt":"2020-03-18T13:32:04","slug":"prof-fernando-saboya-albuquerque","status":"publish","type":"page","link":"https:\/\/uenf.br\/posgraduacao\/engenharia-civil\/es\/corpo-docente-2\/prof-fernando-saboya-albuquerque\/","title":{"rendered":"Prof. Fernando Saboya Albuquerque"},"content":{"rendered":"<p><div id=\"attachment_119\" style=\"width: 260px\" class=\"wp-caption alignleft\"><a href=\"https:\/\/uenf.br\/posgraduacao\/engenharia-civil\/wp-content\/uploads\/sites\/3\/2015\/09\/Prof.-Fernando-Saboya-Albuquerque-Jr.jpg\"><img loading=\"lazy\" decoding=\"async\" aria-describedby=\"caption-attachment-119\" class=\"size-full wp-image-119\" src=\"https:\/\/uenf.br\/posgraduacao\/engenharia-civil\/wp-content\/uploads\/sites\/3\/2015\/09\/Prof.-Fernando-Saboya-Albuquerque-Jr.jpg\" alt=\"Prof. Fernando Saboya Albuquerque Jr.\" width=\"250\" height=\"256\" \/><\/a><p id=\"caption-attachment-119\" class=\"wp-caption-text\">Prof. Fernando Saboya Albuquerque Jr.<\/p><\/div><\/p>\n<p>&nbsp;<\/p>\n<p><strong>E-mail:<\/strong> <a href=\"mailto:saboya@uenf.br\">saboya@uenf.br<\/a><br \/>\n<strong>Setor:<\/strong> Geotecnia<br \/>\n<strong>\u00c1reas de Atua\u00e7\u00e3o:<\/strong><br \/>\n&#8211; Comportamento de Solos;<br \/>\n&#8211; Estruturas de Conten\u00e7\u00e3o e Funda\u00e7\u00f5es;<br \/>\n&#8211; Barragem de Terra Enrrocamento;<br \/>\n&#8211; Durabilidade de Materiais Geot\u00e9cnicos.<\/p>\n<p><a href=\"http:\/\/buscatextual.cnpq.br\/buscatextual\/visualizacv.do?id=K4781647T6\" target=\"_blank\" rel=\"noopener noreferrer\">Curr\u00edculo Lattes<\/a><\/p>","protected":false},"excerpt":{"rendered":"<p>&nbsp; E-mail: saboya@uenf.br Setor: Geotecnia \u00c1reas de Atua\u00e7\u00e3o: &#8211; Comportamento de Solos; &#8211; Estruturas de Conten\u00e7\u00e3o e Funda\u00e7\u00f5es; &#8211; Barragem&#8230;<\/p>\n","protected":false},"author":8,"featured_media":0,"parent":103,"menu_order":1,"comment_status":"closed","ping_status":"closed","template":"","meta":{"footnotes":""},"class_list":["post-118","page","type-page","status-publish","hentry"],"_links":{"self":[{"href":"https:\/\/uenf.br\/posgraduacao\/engenharia-civil\/es\/wp-json\/wp\/v2\/pages\/118","targetHints":{"allow":["GET"]}}],"collection":[{"href":"https:\/\/uenf.br\/posgraduacao\/engenharia-civil\/es\/wp-json\/wp\/v2\/pages"}],"about":[{"href":"https:\/\/uenf.br\/posgraduacao\/engenharia-civil\/es\/wp-json\/wp\/v2\/types\/page"}],"author":[{"embeddable":true,"href":"https:\/\/uenf.br\/posgraduacao\/engenharia-civil\/es\/wp-json\/wp\/v2\/users\/8"}],"replies":[{"embeddable":true,"href":"https:\/\/uenf.br\/posgraduacao\/engenharia-civil\/es\/wp-json\/wp\/v2\/comments?post=118"}],"version-history":[{"count":0,"href":"https:\/\/uenf.br\/posgraduacao\/engenharia-civil\/es\/wp-json\/wp\/v2\/pages\/118\/revisions"}],"up":[{"embeddable":true,"href":"https:\/\/uenf.br\/posgraduacao\/engenharia-civil\/es\/wp-json\/wp\/v2\/pages\/103"}],"wp:attachment":[{"href":"https:\/\/uenf.br\/posgraduacao\/engenharia-civil\/es\/wp-json\/wp\/v2\/media?parent=118"}],"curies":[{"name":"wp","href":"https:\/\/api.w.org\/{rel}","templated":true}]}}