{"id":1200,"date":"2015-09-16T17:16:14","date_gmt":"2015-09-16T17:16:14","guid":{"rendered":"http:\/\/uenf.br\/posgraduacao\/engenharia-civil\/?page_id=1200"},"modified":"2015-09-16T17:16:14","modified_gmt":"2015-09-16T17:16:14","slug":"dissertacoes-de-mestrado-2009-najla-de-oliveira-vicente-carvalho","status":"publish","type":"page","link":"https:\/\/uenf.br\/posgraduacao\/engenharia-civil\/es\/dissertacoes-de-mestrado-2009-najla-de-oliveira-vicente-carvalho\/","title":{"rendered":"Disserta\u00e7\u00f5es de Mestrado 2009 &#8211; NAJLA DE OLIVEIRA VICENTE CARVALHO"},"content":{"rendered":"<p><strong>Resumo<\/strong><\/p>\n<p style=\"text-align: justify\">A degrada\u00e7\u00e3o observada em muitas barragens de enrocamentos, devido a fatores clim\u00e1ticos e qu\u00edmicos, e sua rela\u00e7\u00e3o com a deformabilidade do enrocamento motivaram o desenvolvimento desta pesquisa para obten\u00e7\u00e3o de metodologia para avalia\u00e7\u00e3o da durabilidade atrav\u00e9s de procedimentos de laborat\u00f3rio considerando a a\u00e7\u00e3o simult\u00e2nea de esfor\u00e7os mec\u00e2nicos e de processos de degrada\u00e7\u00e3o.<\/p>\n<p style=\"text-align: justify\">Este trabalho apresenta um estudo experimental do comportamento de materiais constitu\u00eddos de areia, calc\u00e1rio, granito e arenito sob compress\u00e3o unidimensional, al\u00e9m de avaliar o efeito dos ciclos de satura\u00e7\u00e3o e secagem no arenito. Para a realiza\u00e7\u00e3o dos testes foi desenvolvido um equipamento, com capacidade de 500 kPa, o qual permite<br \/>\nensaiar amostras com 0,30 m de di\u00e2metro e 0,30 m de altura, para ensaios de compress\u00e3o unidimensional, e um equipamento de degrada\u00e7\u00e3o automatizado para aplica\u00e7\u00e3o de ciclos de umidade no material. Nele \u00e9 apresentada uma revis\u00e3o bibligr\u00e1fica, e desenvolvido um equipamento e faz-se um programa experimental de calibra\u00e7\u00e3o e um ensaio de degrada\u00e7\u00e3o.<\/p>\n<p style=\"text-align: justify\">S\u00e3o apresentadas as varia\u00e7\u00f5es de compressibilidade dos materiais considerando os efeitos de n\u00edvel das tens\u00f5es de atrito de diferentes c\u00e2maras de compress\u00e3o unidimensional, colapso por inunda\u00e7\u00e3o durante a compress\u00e3o e colapso por\u00a0degrada\u00e7\u00e3o na deformabilidade. Os resultados indicam que a altura do corpo de prova, tipo de material, forma dos\u00a0\u00a0gr\u00e3os e satura\u00e7\u00e3o do corpo de prova interferem significativamente nas deforma\u00e7\u00f5es das amostras ensaiadas.<\/p>\n<p style=\"text-align: justify\">A metodologia empregada e os resultados obtidos indicam que o equipamento apresentou os resultados esperados dos ensaios, representando o comportamento da deformabilidade de enrocamentos devido a processos de degrada\u00e7\u00e3o.<\/p>\n<p style=\"text-align: right\"><a href=\"http:\/\/uenf.br\/posgraduacao\/engenharia-civil\/wp-content\/uploads\/sites\/3\/2015\/09\/NAJLA-DE-OLIVEIRA-VICENTE-CARVALHO.pdf\">Download aqui.<\/a><\/p>\n","protected":false},"excerpt":{"rendered":"<p>Resumo A degrada\u00e7\u00e3o observada em muitas barragens de enrocamentos, devido a fatores clim\u00e1ticos e qu\u00edmicos, e sua rela\u00e7\u00e3o com a&#8230;<\/p>\n","protected":false},"author":8,"featured_media":0,"parent":0,"menu_order":0,"comment_status":"closed","ping_status":"closed","template":"","meta":{"footnotes":""},"class_list":["post-1200","page","type-page","status-publish","hentry"],"_links":{"self":[{"href":"https:\/\/uenf.br\/posgraduacao\/engenharia-civil\/es\/wp-json\/wp\/v2\/pages\/1200","targetHints":{"allow":["GET"]}}],"collection":[{"href":"https:\/\/uenf.br\/posgraduacao\/engenharia-civil\/es\/wp-json\/wp\/v2\/pages"}],"about":[{"href":"https:\/\/uenf.br\/posgraduacao\/engenharia-civil\/es\/wp-json\/wp\/v2\/types\/page"}],"author":[{"embeddable":true,"href":"https:\/\/uenf.br\/posgraduacao\/engenharia-civil\/es\/wp-json\/wp\/v2\/users\/8"}],"replies":[{"embeddable":true,"href":"https:\/\/uenf.br\/posgraduacao\/engenharia-civil\/es\/wp-json\/wp\/v2\/comments?post=1200"}],"version-history":[{"count":0,"href":"https:\/\/uenf.br\/posgraduacao\/engenharia-civil\/es\/wp-json\/wp\/v2\/pages\/1200\/revisions"}],"wp:attachment":[{"href":"https:\/\/uenf.br\/posgraduacao\/engenharia-civil\/es\/wp-json\/wp\/v2\/media?parent=1200"}],"curies":[{"name":"wp","href":"https:\/\/api.w.org\/{rel}","templated":true}]}}