{"id":1275,"date":"2015-09-16T21:02:10","date_gmt":"2015-09-16T21:02:10","guid":{"rendered":"http:\/\/uenf.br\/posgraduacao\/engenharia-civil\/?page_id=1275"},"modified":"2015-09-16T21:02:10","modified_gmt":"2015-09-16T21:02:10","slug":"dissertacoes-de-mestrado-2014-flavio-costa-de-cerqueira","status":"publish","type":"page","link":"https:\/\/uenf.br\/posgraduacao\/engenharia-civil\/es\/dissertacoes-de-mestrado-2014-flavio-costa-de-cerqueira\/","title":{"rendered":"Disserta\u00e7\u00f5es de Mestrado 2014 &#8211; FLAVIO COSTA DE CERQUEIRA"},"content":{"rendered":"<p><strong>Resumo<\/strong><\/p>\n<p style=\"text-align: justify\">O presente trabalho foi realizado no munic\u00edpio de S\u00e3o Jo\u00e3o da Barra, Norte do Estado do Rio de Janeiro, que se localiza na Bacia Sedimentar de Campos, representando um dos maiores potenciais h\u00eddricos subterr\u00e2neos do Estado. Grande parte do munic\u00edpio possui abastecimento p\u00fablico de \u00e1gua, realizado atrav\u00e9s da capta\u00e7\u00e3o de \u00e1gua do Rio Para\u00edba do Sul e de po\u00e7os tubulares pertencentes \u00e0 CEDAE. Ainda assim, muitas resid\u00eancias, ind\u00fastrias, com\u00e9rcios e agricultores da regi\u00e3o, utilizam a \u00e1gua de cacimbas e pequenos po\u00e7os, captando \u00e1gua do aqu\u00edfero fre\u00e1tico, utilizando-a de todas as formas (sanit\u00e1rios, limpeza, irriga\u00e7\u00e3o, cozinhar, beber, etc.).<\/p>\n<p style=\"text-align: justify\">Este trabalho tem como objetivo o estudo Hidroqu\u00edmico, da qualidade e da vulnerabilidade natural \u00e0 contamina\u00e7\u00e3o das \u00e1guas subterr\u00e2neas do munic\u00edpio. A metodologia utilizada consistiu primeiramente na realiza\u00e7\u00e3o de um cadastro georreferenciado de 45 po\u00e7os rasos, onde foram mensurados o n\u00edvel d\u2019\u00e1gua e as caracter\u00edsticas f\u00edsicas e qu\u00edmicas in situ (pH, condutividade el\u00e9trica, s\u00f3lidos totais dissolvidos, temperatura). Foram coletadas amostras em 15 po\u00e7os rasos selecionados para realiza\u00e7\u00e3o da an\u00e1lise laboratorial. Os dados referentes a 23 po\u00e7os profundos foram coletados no banco de dados da OFIGEO-UENF, mas apenas 12 disponibilizavam par\u00e2metros qu\u00edmicos suficientes. Posteriormente, de posse dos dados referentes aos po\u00e7os rasos e profundos, tornou-se poss\u00edvel \u00e0 realiza\u00e7\u00e3o do presente estudo hidroqu\u00edmico, a partir da an\u00e1lise de cada um dos principais elementos, al\u00e9m da elabora\u00e7\u00e3o de mapas, gr\u00e1ficos e diagramas para classifica\u00e7\u00e3o e melhor entendimento dos dados. Os resultados obtidos colocaram em destaque a contamina\u00e7\u00e3o do aqu\u00edfero livre que apresenta elevados teores de nitrato, que n\u00e3o podem ser explicados por processos naturais. O principal problema quanto \u00e0 qualidade das \u00e1guas dos po\u00e7os profundos refere-se aos elevados teores de ferro e mangan\u00eas encontrados na maioria dos po\u00e7os analisados, uma vez que nestes, n\u00e3o foram encontrados ind\u00edcios de contamina\u00e7\u00e3o por atividade humana.<\/p>\n<p style=\"text-align: justify\">Quanto \u00e0 classifica\u00e7\u00e3o Hidroqu\u00edmica, p\u00f4de-se constatar que as \u00e1guas dos po\u00e7os rasos apresentam composi\u00e7\u00e3o bastante diversificada devido grande diversidade de ambientes que influenciam na composi\u00e7\u00e3o destas \u00e1guas. J\u00e1 as \u00e1guas dos po\u00e7os profundos foram classificadas em sua maioria como cloretadas s\u00f3dicas. Foi realizado ainda o estudo da vulnerabilidade natural \u00e0 contamina\u00e7\u00e3o do aqu\u00edfero livre, e os resultados mostraram que quase todo o territ\u00f3rio do munic\u00edpio apresenta alta vulnerabilidade, alertando assim os \u00f3rg\u00e3os competentes ao eminente risco de contamina\u00e7\u00e3o destas \u00e1guas.<\/p>\n<p style=\"text-align: right\"><a href=\"http:\/\/uenf.br\/posgraduacao\/engenharia-civil\/wp-content\/uploads\/sites\/3\/2015\/09\/Disserta\u00e7\u00e3o-de-Mestrado-Flavio-Cerqueira-FINAL.pdf\">Download aqui.<\/a><\/p>\n","protected":false},"excerpt":{"rendered":"<p>Resumo O presente trabalho foi realizado no munic\u00edpio de S\u00e3o Jo\u00e3o da Barra, Norte do Estado do Rio de Janeiro,&#8230;<\/p>\n","protected":false},"author":8,"featured_media":0,"parent":0,"menu_order":0,"comment_status":"closed","ping_status":"closed","template":"","meta":{"footnotes":""},"class_list":["post-1275","page","type-page","status-publish","hentry"],"_links":{"self":[{"href":"https:\/\/uenf.br\/posgraduacao\/engenharia-civil\/es\/wp-json\/wp\/v2\/pages\/1275","targetHints":{"allow":["GET"]}}],"collection":[{"href":"https:\/\/uenf.br\/posgraduacao\/engenharia-civil\/es\/wp-json\/wp\/v2\/pages"}],"about":[{"href":"https:\/\/uenf.br\/posgraduacao\/engenharia-civil\/es\/wp-json\/wp\/v2\/types\/page"}],"author":[{"embeddable":true,"href":"https:\/\/uenf.br\/posgraduacao\/engenharia-civil\/es\/wp-json\/wp\/v2\/users\/8"}],"replies":[{"embeddable":true,"href":"https:\/\/uenf.br\/posgraduacao\/engenharia-civil\/es\/wp-json\/wp\/v2\/comments?post=1275"}],"version-history":[{"count":0,"href":"https:\/\/uenf.br\/posgraduacao\/engenharia-civil\/es\/wp-json\/wp\/v2\/pages\/1275\/revisions"}],"wp:attachment":[{"href":"https:\/\/uenf.br\/posgraduacao\/engenharia-civil\/es\/wp-json\/wp\/v2\/media?parent=1275"}],"curies":[{"name":"wp","href":"https:\/\/api.w.org\/{rel}","templated":true}]}}