{"id":132,"date":"2015-09-04T13:06:28","date_gmt":"2015-09-04T13:06:28","guid":{"rendered":"http:\/\/uenf.br\/posgraduacao\/engenharia-civil\/?page_id=132"},"modified":"2026-04-23T14:34:12","modified_gmt":"2026-04-23T14:34:12","slug":"prof-guilherme-chagas-cordeiro","status":"publish","type":"page","link":"https:\/\/uenf.br\/posgraduacao\/engenharia-civil\/es\/corpo-docente-2\/prof-guilherme-chagas-cordeiro\/","title":{"rendered":"Prof. Guilherme Chagas Cordeiro"},"content":{"rendered":"<p><\/p>\n<p align=\"justify\"><span style=\"color: #ffffff\"><strong>.<\/strong><\/span><br \/>\n<strong><span style=\"color: #ffffff\"><a href=\"https:\/\/uenf.br\/posgraduacao\/engenharia-civil\/wp-content\/uploads\/sites\/3\/2018\/11\/DSC02777.jpg\"><img loading=\"lazy\" decoding=\"async\" class=\"wp-image-2364 alignleft\" src=\"https:\/\/uenf.br\/posgraduacao\/engenharia-civil\/wp-content\/uploads\/sites\/3\/2018\/11\/DSC02777.jpg\" alt=\"\" width=\"187\" height=\"235\" \/><\/a><\/span>E-mail: <\/strong><a href=\"mailto:gcc@uenf.br\">gcc@uenf.br<\/a><\/p>\n<p align=\"justify\"><strong>Ramal:<\/strong> 273<strong>97373<\/strong><\/p>\n<p align=\"justify\"><strong>Setor: <\/strong>Estruturas<br \/>\n<strong>\u00c1rea de Atua\u00e7\u00e3o:<br \/>\n<\/strong>-Materiais Pozol\u00e2nicos;<br \/>\n-Materias de Constru\u00e7\u00e3o;<br \/>\n-Concreto Para Desenvolvimento Sustent\u00e1vel;<br \/>\n-Tratamento de Min\u00e9rios &#8211; Moagem.<\/p>\n<p align=\"justify\">.<\/p>\n<p align=\"justify\"><a href=\"http:\/\/buscatextual.cnpq.br\/buscatextual\/visualizacv.do?id=K4768637A7\" target=\"_blank\" rel=\"noopener noreferrer\">Curr\u00edculo Lattes<\/a><\/p>\n<p><\/p>","protected":false},"excerpt":{"rendered":"<p>. E-mail: gcc@uenf.br Ramal: 27397373 Setor: Estruturas \u00c1rea de Atua\u00e7\u00e3o: -Materiais Pozol\u00e2nicos; -Materias de Constru\u00e7\u00e3o; -Concreto Para Desenvolvimento Sustent\u00e1vel; -Tratamento&#8230;<\/p>\n","protected":false},"author":8,"featured_media":0,"parent":103,"menu_order":1,"comment_status":"closed","ping_status":"closed","template":"","meta":{"footnotes":""},"class_list":["post-132","page","type-page","status-publish","hentry"],"_links":{"self":[{"href":"https:\/\/uenf.br\/posgraduacao\/engenharia-civil\/es\/wp-json\/wp\/v2\/pages\/132","targetHints":{"allow":["GET"]}}],"collection":[{"href":"https:\/\/uenf.br\/posgraduacao\/engenharia-civil\/es\/wp-json\/wp\/v2\/pages"}],"about":[{"href":"https:\/\/uenf.br\/posgraduacao\/engenharia-civil\/es\/wp-json\/wp\/v2\/types\/page"}],"author":[{"embeddable":true,"href":"https:\/\/uenf.br\/posgraduacao\/engenharia-civil\/es\/wp-json\/wp\/v2\/users\/8"}],"replies":[{"embeddable":true,"href":"https:\/\/uenf.br\/posgraduacao\/engenharia-civil\/es\/wp-json\/wp\/v2\/comments?post=132"}],"version-history":[{"count":2,"href":"https:\/\/uenf.br\/posgraduacao\/engenharia-civil\/es\/wp-json\/wp\/v2\/pages\/132\/revisions"}],"predecessor-version":[{"id":3894,"href":"https:\/\/uenf.br\/posgraduacao\/engenharia-civil\/es\/wp-json\/wp\/v2\/pages\/132\/revisions\/3894"}],"up":[{"embeddable":true,"href":"https:\/\/uenf.br\/posgraduacao\/engenharia-civil\/es\/wp-json\/wp\/v2\/pages\/103"}],"wp:attachment":[{"href":"https:\/\/uenf.br\/posgraduacao\/engenharia-civil\/es\/wp-json\/wp\/v2\/media?parent=132"}],"curies":[{"name":"wp","href":"https:\/\/api.w.org\/{rel}","templated":true}]}}