{"id":1652,"date":"2016-12-25T18:53:04","date_gmt":"2016-12-25T18:53:04","guid":{"rendered":"http:\/\/uenf.br\/posgraduacao\/engenharia-civil\/?page_id=1652"},"modified":"2017-01-16T17:27:56","modified_gmt":"2017-01-16T17:27:56","slug":"teses-de-doutorado-2015","status":"publish","type":"page","link":"https:\/\/uenf.br\/posgraduacao\/engenharia-civil\/es\/teses-de-doutorado-2015\/","title":{"rendered":"Teses de Doutorado 2015"},"content":{"rendered":"<p>.<\/p>\n<p>&nbsp;<\/p>\n<form>\n<fieldset>\n<legend>AN\u00c1LISE DE PLACAS ESPESSAS PELO M\u00c9TODO DOS ELEMENTOS DE CONTORNO CONSIDERANDO N\u00c3O-LINEARIDADE F\u00cdSICA<\/legend>\n<p style=\"text-align: left\"><strong>Autor: SERGIO RAFAEL CORTES DE OLIVEIRA<\/strong><br \/>\n<strong>OrientadorA:<\/strong> Prof. V\u00e2nia Jos\u00e9 Karam<br \/>\n<strong>\u00c1rea de Concentra\u00e7\u00e3o:<\/strong> Estruturas<br \/>\n<strong>Situa\u00e7\u00e3o:<\/strong> Conclu\u00edda \u2013 AGOSTO \u2013 2015<br \/>\n<a href=\"http:\/\/uenf.br\/posgraduacao\/engenharia-civil\/teses-de-doutorado-2015-sergio-rafael-cortes-de-oliveira\/\">Veja mais<\/a><\/p>\n<\/fieldset>\n<p>&nbsp;<\/p>\n<\/form>\n<form>\n<fieldset>\n<legend>AVALIA\u00c7\u00c3O DA INFLU\u00caNCIA DA GEOMETRIA DO FUSTE NA\u00a0CAPACIDADE DE CARGA DAS ESTACAS DE SUC\u00c7\u00c3O POR\u00a0MODELOS CENTRIFUGADOS<\/legend>\n<p style=\"text-align: left\"><strong>Autor: C\u00c1SSIA MARIA DE ASSIS RANGEL MELO<\/strong><br \/>\n<strong>Orientador:<\/strong> Prof. S\u00e9rgio Tibana<br \/>\n<strong>\u00c1rea de Concentra\u00e7\u00e3o:<\/strong> Geotecnia<br \/>\n<strong>Situa\u00e7\u00e3o:<\/strong> Conclu\u00edda \u2013 AGOSTO &#8211; 2015<br \/>\n<strong><a href=\"http:\/\/uenf.br\/posgraduacao\/engenharia-civil\/teses-de-doutorado-2015-cassia-maria-de-assis-rangel-melo\/\" target=\"_blank\">Veja mais.<\/a><\/strong><\/p>\n<\/fieldset>\n<\/form>\n<form>&nbsp;<\/p>\n<\/form>\n<form>\n<fieldset>\n<legend>AVALIA\u00c7\u00c3O DAS PROPRIEDADES F\u00cdSICAS E MEC\u00c2NICAS\u00a0EM BLOCOS CER\u00c2MICOS ESTRUTURAIS ATRAV\u00c9S DO\u00a0M\u00c9TODO DE ULTRASSOM NA REGI\u00c3O\u00a0DE CAMPOS DOS GOYTACAZES &#8211; RJ<\/legend>\n<p style=\"text-align: left\"><strong>Autor: NEILA GONDIM DE AZEREDO<\/strong><br \/>\n<strong>Orientador:<\/strong> Prof.\u00a0Jonas Alexandre<br \/>\n<strong>\u00c1rea de Concentra\u00e7\u00e3o:<\/strong>\u00a0Estruturas<br \/>\n<strong>Situa\u00e7\u00e3o:<\/strong> Conclu\u00edda \u2013 JUNHO, 2015<br \/>\n<strong><a href=\"http:\/\/uenf.br\/posgraduacao\/engenharia-civil\/teses-de-doutorado-2015-neila-gondim-de-azeredo\/\" target=\"_blank\">Veja mais.<\/a><\/strong><\/p>\n<\/fieldset>\n<\/form>\n<form>&nbsp;<\/p>\n<\/form>\n<form>\n<fieldset>\n<legend>O M\u00c9TODO DOS ELEMENTOS DE CONTORNO PARA PLACAS DE REISSNER CONSIDERANDO INTERA\u00c7\u00c3O SOLO-ESTRUTURA<\/legend>\n<p style=\"text-align: left\"><strong>Autor: NAT\u00c1LIA SOUZA RIBEIRO<\/strong><br \/>\n<strong>Orientador:<\/strong> Prof. V\u00e2nia Jos\u00e9 Karam<br \/>\n<strong>\u00c1rea de Concentra\u00e7\u00e3o:<\/strong>\u00a0Estruturas<br \/>\n<strong>Situa\u00e7\u00e3o:<\/strong> Conclu\u00edda \u2013 ABRIL \u2013 2015<br \/>\n<strong><a href=\"http:\/\/uenf.br\/posgraduacao\/engenharia-civil\/teses-de-doutorado-2015-natalia-souza-ribeiro\/\" target=\"_blank\">Veja mais.<\/a><\/strong><\/p>\n<\/fieldset>\n<\/form>\n<form>&nbsp;<\/p>\n<\/form>\n<form>\n<fieldset>\n<legend>PROPRIEDADES DOS SOLOS TRANSPARENTES E T\u00c9CNICAS DE CORRELA\u00c7\u00c3O DE IMAGENS DIGITAIS PARA APLICA\u00c7\u00c3O EM MODELAGEM F\u00cdSICA GEOT\u00c9CNICA<\/legend>\n<p style=\"text-align: left\"><strong>Autor: TIAGO GOMES BARROSO CARVALHO<\/strong><br \/>\n<strong>Orientador:<\/strong> Prof. Fernando Saboya Albuquerque Jr.<br \/>\n<strong>\u00c1rea de Concentra\u00e7\u00e3o:<\/strong>\u00a0Geotecnia<br \/>\n<strong>Situa\u00e7\u00e3o:<\/strong> Conclu\u00edda \u2013\u00a0 JUNHO &#8211; 2015<br \/>\n<strong><a href=\"http:\/\/uenf.br\/posgraduacao\/engenharia-civil\/teses-de-doutorado-2015-tiago-gomes-barroso-carvalho\/\" target=\"_blank\">Veja mais.<\/a><\/strong><\/p>\n<\/fieldset>\n<\/form>\n<form>&nbsp;<\/p>\n<\/form>\n<form>\n<fieldset>\n<legend>DESENVOLVIMENTO DE SIMULA\u00c7\u00d5ES NUM\u00c9RICAS DE FLUXOS\u00a0GRAVITACIONAIS ATRAV\u00c9S DE ELEMENTOS DISCRETOS\u00a0ACOPLADOS \u00c0 FLUIDODIN\u00c2MICA COMPUTACIONAL<\/legend>\n<p style=\"text-align: left\"><strong>Autor: S\u00c9RGIO ANT\u00d4NIO BRUM JUNIOR<\/strong><br \/>\n<strong>Orientador:<\/strong> Prof. Fernando Saboya Albuquerque J\u00fanior<br \/>\n<strong>\u00c1rea de Concentra\u00e7\u00e3o:<\/strong> Geotecnia<br \/>\n<strong>Situa\u00e7\u00e3o:<\/strong> Conclu\u00edda \u2013 MAR\u00c7O \u2013 2015<br \/>\n<strong><a href=\"http:\/\/uenf.br\/posgraduacao\/engenharia-civil\/teses-de-doutorado-2015-sergio-antonio-brum-junior\/\" target=\"_blank\">Veja mais.<\/a><\/strong><\/p>\n<\/fieldset>\n<\/form>\n<form>&nbsp;<\/p>\n<p><strong>Teses<\/strong><\/p>\n<\/form>\n<form><a href=\"http:\/\/uenf.br\/posgraduacao\/engenharia-civil\/teses-de-doutorado-2016-zelia-maria-peixoto-chrispim\/\">2016<\/a> &#8211;\u00a0<a href=\"http:\/\/uenf.br\/posgraduacao\/engenharia-civil\/teses-de-doutorado-2015\/\">2015<\/a><\/p>\n<\/form>\n<p><\/p>","protected":false},"excerpt":{"rendered":"<p>. &nbsp; AN\u00c1LISE DE PLACAS ESPESSAS PELO M\u00c9TODO DOS ELEMENTOS DE CONTORNO CONSIDERANDO N\u00c3O-LINEARIDADE F\u00cdSICA Autor: SERGIO RAFAEL CORTES DE&#8230;<\/p>\n","protected":false},"author":7,"featured_media":0,"parent":0,"menu_order":0,"comment_status":"closed","ping_status":"closed","template":"","meta":{"footnotes":""},"class_list":["post-1652","page","type-page","status-publish","hentry"],"_links":{"self":[{"href":"https:\/\/uenf.br\/posgraduacao\/engenharia-civil\/es\/wp-json\/wp\/v2\/pages\/1652","targetHints":{"allow":["GET"]}}],"collection":[{"href":"https:\/\/uenf.br\/posgraduacao\/engenharia-civil\/es\/wp-json\/wp\/v2\/pages"}],"about":[{"href":"https:\/\/uenf.br\/posgraduacao\/engenharia-civil\/es\/wp-json\/wp\/v2\/types\/page"}],"author":[{"embeddable":true,"href":"https:\/\/uenf.br\/posgraduacao\/engenharia-civil\/es\/wp-json\/wp\/v2\/users\/7"}],"replies":[{"embeddable":true,"href":"https:\/\/uenf.br\/posgraduacao\/engenharia-civil\/es\/wp-json\/wp\/v2\/comments?post=1652"}],"version-history":[{"count":0,"href":"https:\/\/uenf.br\/posgraduacao\/engenharia-civil\/es\/wp-json\/wp\/v2\/pages\/1652\/revisions"}],"wp:attachment":[{"href":"https:\/\/uenf.br\/posgraduacao\/engenharia-civil\/es\/wp-json\/wp\/v2\/media?parent=1652"}],"curies":[{"name":"wp","href":"https:\/\/api.w.org\/{rel}","templated":true}]}}