{"id":1686,"date":"2017-01-04T18:09:15","date_gmt":"2017-01-04T18:09:15","guid":{"rendered":"http:\/\/uenf.br\/posgraduacao\/engenharia-civil\/?page_id=1686"},"modified":"2026-03-19T13:21:00","modified_gmt":"2026-03-19T13:21:00","slug":"contato-2","status":"publish","type":"page","link":"https:\/\/uenf.br\/posgraduacao\/engenharia-civil\/es\/contato-2\/","title":{"rendered":"Cont\u00e1ctenos"},"content":{"rendered":"<p>Coordinaci\u00f3n del Programa de Posgrado en Ingenier\u00eda Civil<\/p>\n<p>UENF\/ CCT\u00a0 \u2013 Planta baja<\/p>\n<p>Alberto Lamego 2000 Parque California<br \/>\nCampos dos Goytacazes, RJ<br \/>\nBrasil<br \/>\nC\u00f3digo Postal 28013-602<\/p>\n<p>Telefono:+55 (22) 2748 6037<\/p>\n<p>E-mail: <a href=\"mailto:ppgec@uenf.br\">ppgec@uenf.br<\/a><\/p>\n<p>Silvio Cayres (Secret\u00e1rio)<\/p>","protected":false},"excerpt":{"rendered":"<p>Coordinaci\u00f3n del Programa de Posgrado en Ingenier\u00eda Civil UENF\/ CCT\u00a0 \u2013 Planta baja Alberto Lamego 2000 Parque California Campos dos&#8230;<\/p>\n","protected":false},"author":7,"featured_media":0,"parent":0,"menu_order":20,"comment_status":"closed","ping_status":"closed","template":"","meta":{"footnotes":""},"class_list":["post-1686","page","type-page","status-publish","hentry"],"_links":{"self":[{"href":"https:\/\/uenf.br\/posgraduacao\/engenharia-civil\/es\/wp-json\/wp\/v2\/pages\/1686","targetHints":{"allow":["GET"]}}],"collection":[{"href":"https:\/\/uenf.br\/posgraduacao\/engenharia-civil\/es\/wp-json\/wp\/v2\/pages"}],"about":[{"href":"https:\/\/uenf.br\/posgraduacao\/engenharia-civil\/es\/wp-json\/wp\/v2\/types\/page"}],"author":[{"embeddable":true,"href":"https:\/\/uenf.br\/posgraduacao\/engenharia-civil\/es\/wp-json\/wp\/v2\/users\/7"}],"replies":[{"embeddable":true,"href":"https:\/\/uenf.br\/posgraduacao\/engenharia-civil\/es\/wp-json\/wp\/v2\/comments?post=1686"}],"version-history":[{"count":0,"href":"https:\/\/uenf.br\/posgraduacao\/engenharia-civil\/es\/wp-json\/wp\/v2\/pages\/1686\/revisions"}],"wp:attachment":[{"href":"https:\/\/uenf.br\/posgraduacao\/engenharia-civil\/es\/wp-json\/wp\/v2\/media?parent=1686"}],"curies":[{"name":"wp","href":"https:\/\/api.w.org\/{rel}","templated":true}]}}