{"id":190,"date":"2015-09-04T13:48:20","date_gmt":"2015-09-04T13:48:20","guid":{"rendered":"http:\/\/uenf.br\/posgraduacao\/engenharia-civil\/?page_id=190"},"modified":"2025-02-13T16:04:11","modified_gmt":"2025-02-13T16:04:11","slug":"prof-sergio-luis-gonzalez-garcia-2","status":"publish","type":"page","link":"https:\/\/uenf.br\/posgraduacao\/engenharia-civil\/es\/corpo-docente-2\/prof-sergio-luis-gonzalez-garcia-2\/","title":{"rendered":"Prof. Sergio Luis Gonz\u00e1lez Garcia"},"content":{"rendered":"<p><div id=\"attachment_189\" style=\"width: 240px\" class=\"wp-caption alignleft\"><a href=\"http:\/\/uenf.br\/posgraduacao\/engenharia-civil\/wp-content\/uploads\/sites\/3\/2015\/09\/Prof.-Sergio-Luis-Gonzalez-Garcia.png\"><img loading=\"lazy\" decoding=\"async\" aria-describedby=\"caption-attachment-189\" class=\"size-full wp-image-189\" src=\"http:\/\/uenf.br\/posgraduacao\/engenharia-civil\/wp-content\/uploads\/sites\/3\/2015\/09\/Prof.-Sergio-Luis-Gonzalez-Garcia.png\" alt=\"Prof. Sergio Luis Gonz\u00e1lez Garcia\" width=\"230\" height=\"258\" \/><\/a><p id=\"caption-attachment-189\" class=\"wp-caption-text\">Prof. Sergio Luis Gonz\u00e1lez Garcia<\/p><\/div><\/p>\n<p dir=\"ltr\" align=\"left\"><span style=\"color: #ffffff\">.<\/span><\/p>\n<p dir=\"ltr\" align=\"left\"><strong>E-mail:<\/strong> <a href=\"mailto:liluiser@uenf.br\">liluiser@uenf.br<\/a><\/p>\n<p dir=\"ltr\" align=\"left\"><strong>Ramal:<\/strong> 273<strong>97366<\/strong><br \/>\n<strong>Setor:<\/strong> Estruturas<br \/>\n<strong>\u00c1reas de Atua\u00e7\u00e3o:<br \/>\n<\/strong>&#8211; Concreto armado e protendido;<br \/>\n&#8211; Dimensionamento de estruturas;<br \/>\n&#8211; Ensaios n\u00e3o destrutivos;<br \/>\n&#8211; Avalia\u00e7\u00e3o da capacidade residual de estruturas de concreto\u00a0 armado e protendido.<\/p>\n<p dir=\"ltr\" align=\"left\"><span style=\"color: #ffffff\">.<\/span><\/p>\n<p dir=\"ltr\" align=\"left\"><a href=\"http:\/\/buscatextual.cnpq.br\/buscatextual\/visualizacv.do?id=K4763782D4\" target=\"_blank\" rel=\"noopener noreferrer\">Curr\u00edculo Lattes<\/a><\/p>\n<p><\/p>","protected":false},"excerpt":{"rendered":"<p>. E-mail: liluiser@uenf.br Ramal: 27397366 Setor: Estruturas \u00c1reas de Atua\u00e7\u00e3o: &#8211; Concreto armado e protendido; &#8211; Dimensionamento de estruturas; &#8211;&#8230;<\/p>\n","protected":false},"author":8,"featured_media":0,"parent":103,"menu_order":1,"comment_status":"closed","ping_status":"closed","template":"","meta":{"footnotes":""},"class_list":["post-190","page","type-page","status-publish","hentry"],"_links":{"self":[{"href":"https:\/\/uenf.br\/posgraduacao\/engenharia-civil\/es\/wp-json\/wp\/v2\/pages\/190","targetHints":{"allow":["GET"]}}],"collection":[{"href":"https:\/\/uenf.br\/posgraduacao\/engenharia-civil\/es\/wp-json\/wp\/v2\/pages"}],"about":[{"href":"https:\/\/uenf.br\/posgraduacao\/engenharia-civil\/es\/wp-json\/wp\/v2\/types\/page"}],"author":[{"embeddable":true,"href":"https:\/\/uenf.br\/posgraduacao\/engenharia-civil\/es\/wp-json\/wp\/v2\/users\/8"}],"replies":[{"embeddable":true,"href":"https:\/\/uenf.br\/posgraduacao\/engenharia-civil\/es\/wp-json\/wp\/v2\/comments?post=190"}],"version-history":[{"count":0,"href":"https:\/\/uenf.br\/posgraduacao\/engenharia-civil\/es\/wp-json\/wp\/v2\/pages\/190\/revisions"}],"up":[{"embeddable":true,"href":"https:\/\/uenf.br\/posgraduacao\/engenharia-civil\/es\/wp-json\/wp\/v2\/pages\/103"}],"wp:attachment":[{"href":"https:\/\/uenf.br\/posgraduacao\/engenharia-civil\/es\/wp-json\/wp\/v2\/media?parent=190"}],"curies":[{"name":"wp","href":"https:\/\/api.w.org\/{rel}","templated":true}]}}