{"id":2,"date":"2015-05-19T13:15:21","date_gmt":"2015-05-19T13:15:21","guid":{"rendered":"http:\/\/uenf.br\/posgraduacao\/engenharia-civil\/?page_id=2"},"modified":"2026-02-08T19:00:49","modified_gmt":"2026-02-08T19:00:49","slug":"apresentacao","status":"publish","type":"page","link":"https:\/\/uenf.br\/posgraduacao\/engenharia-civil\/es\/","title":{"rendered":"Presentaci\u00f3n"},"content":{"rendered":"<p><\/p>\n<div id=\"tituloPrincipal\" style=\"text-align: justify\">\n<p>El Programa de P\u00f3s-graduaci\u00f3n en Ingenier\u00eda Civil (PPGEC) tiene dos \u00e1reas de concentraci\u00f3n, a saber, Estructuras y Geotecnia, en los cuales est\u00e1n comprendidos cuatro l\u00edneas de investigaci\u00f3n que engloban ocho proyectos de investigaci\u00f3n. El PPGEC- tiene como principal objetivo la formaci\u00f3n de maestres y doctores altamente cualificados para:<\/p>\n<p>&#8211; Apoyar la formaci\u00f3n de recursos humanos capacitados en \u00e1reas de conocimiento de las ingenier\u00edas estructural y geot\u00e9cnica, con una visi\u00f3n general de construcci\u00f3n civil y de materiales de construcci\u00f3n, teniendo en vista la necesidad urgente del pa\u00eds de ingenieros, docentes y investigadores con cualificaci\u00f3n destacada;<\/p>\n<p>&#8211; Generar soluciones y tecnolog\u00edas adecuadas a la realidad f\u00edsico-social del Brasil y, en especial, a la realidad de las regiones Norte y Noroeste del Estado de Rio de Janeiro, Sur de Esp\u00edrito Santo y \u00a0la Zona da Mata de Minas Gerais;<\/p>\n<p>&#8211; Apoyar el conocimiento sobre el comportamiento de materiales convencionales y, en especial, los de ocurrencia regional, visando a la ejecuci\u00f3n de obras y el aprovechamiento de estos materiales de forma racional y econ\u00f3mica;<\/p>\n<p>&#8211; Desarrollar modelos te\u00f3ricos, num\u00e9ricos y experimentales para an\u00e1lisis \u00a0de problemas relacionados a las estructuras de concreto, de acero y de materiales no convencionales, enfatizando aquellos relacionados a las estructuras de gran tama\u00f1o, tales como estructuras mar\u00edtimas y torres met\u00e1licas;<\/p>\n<p>&#8211; Desarrollar modelos y t\u00e9cnicas de proyecto \u00f3ptimo en lo que se refiere a las dimensiones, formas y topolog\u00edas de estructuras de acero y concreto armado con vistas a la obtenci\u00f3n de estructuras mec\u00e1nicamente eficientes y de costo m\u00ednimo;<\/p>\n<p>&#8211; Desarrollar estudios espec\u00edficos para las \u00e1reas de geotecnia y de estructuras, en especial los relacionados con instalaciones mar\u00edtimas de l\u00e1mina de agua profunda (ancorajes y ductos), a trav\u00e9s de m\u00e9todos num\u00e9ricos;<\/p>\n<p>&#8211; Desarrollar estudios avanzados en el \u00e1rea de modelaje f\u00edsica, en especial aquellos relacionados para \u00e1reas offshore que envuelven modelos en escala real y en escala reducida con uso de centr\u00edfuga geot\u00e9cnica;<\/p>\n<p>&#8211; Desarrollar t\u00e9cnicas para el uso racional de energ\u00eda a trav\u00e9s de la interacci\u00f3n entre elementos de fundaciones profundas y la geotermia local, visando auxiliar al Pa\u00eds en el cumplimiento de la meta del acuerdo de Montreal que declara una dr\u00e1stica disminuci\u00f3n del uso de HFC (hidrofl\u00faor carbonetos) usados para sistemas de climatizaci\u00f3n de ambientes, del cual el Brasil es signatario.<\/p>\n<p>&nbsp;<\/p>\n<p><strong>Programa:<\/strong>\u00a0P\u00f3s-Gradua\u00e7\u00e3o em Engenharia Civil<\/p>\n<p><strong>C\u00f3digo:<\/strong>\u00a03103301612P4<\/p>\n<p><strong>\u00c1rea B\u00e1sica:<\/strong> Ingenier\u00eda Civil<\/p>\n<p><strong>R\u00e9gimen Lectivo:<\/strong>\u00a0Semestral<\/p>\n<p>&nbsp;<\/p>\n<\/div>\n<p><\/p>","protected":false},"excerpt":{"rendered":"<p>El Programa de P\u00f3s-graduaci\u00f3n en Ingenier\u00eda Civil (PPGEC) tiene dos \u00e1reas de concentraci\u00f3n, a saber, Estructuras y Geotecnia, en los&#8230;<\/p>\n","protected":false},"author":8,"featured_media":0,"parent":0,"menu_order":0,"comment_status":"closed","ping_status":"closed","template":"","meta":{"footnotes":""},"class_list":["post-2","page","type-page","status-publish","hentry"],"_links":{"self":[{"href":"https:\/\/uenf.br\/posgraduacao\/engenharia-civil\/es\/wp-json\/wp\/v2\/pages\/2","targetHints":{"allow":["GET"]}}],"collection":[{"href":"https:\/\/uenf.br\/posgraduacao\/engenharia-civil\/es\/wp-json\/wp\/v2\/pages"}],"about":[{"href":"https:\/\/uenf.br\/posgraduacao\/engenharia-civil\/es\/wp-json\/wp\/v2\/types\/page"}],"author":[{"embeddable":true,"href":"https:\/\/uenf.br\/posgraduacao\/engenharia-civil\/es\/wp-json\/wp\/v2\/users\/8"}],"replies":[{"embeddable":true,"href":"https:\/\/uenf.br\/posgraduacao\/engenharia-civil\/es\/wp-json\/wp\/v2\/comments?post=2"}],"version-history":[{"count":0,"href":"https:\/\/uenf.br\/posgraduacao\/engenharia-civil\/es\/wp-json\/wp\/v2\/pages\/2\/revisions"}],"wp:attachment":[{"href":"https:\/\/uenf.br\/posgraduacao\/engenharia-civil\/es\/wp-json\/wp\/v2\/media?parent=2"}],"curies":[{"name":"wp","href":"https:\/\/api.w.org\/{rel}","templated":true}]}}