{"id":206,"date":"2015-09-04T13:58:33","date_gmt":"2015-09-04T13:58:33","guid":{"rendered":"http:\/\/uenf.br\/posgraduacao\/engenharia-civil\/?page_id=206"},"modified":"2025-02-12T13:06:57","modified_gmt":"2025-02-12T13:06:57","slug":"area-de-estruturas","status":"publish","type":"page","link":"https:\/\/uenf.br\/posgraduacao\/engenharia-civil\/es\/areas-de-concentracao-e-linhas-de-pesquisa\/area-de-estruturas\/","title":{"rendered":"\u00c1rea de Estructuras"},"content":{"rendered":"<p>El \u00e1rea de Estructuras borda estudios sobre producci\u00f3n \u00a0y caracterizaci\u00f3n f\u00edsica y qu\u00edmica de materiales de construcci\u00f3n, adem\u00e1s del comportamiento de estructuras de concreto armado, concreto pro tendido, materiales met\u00e1licos y polim\u00e9ricos. Las investigaciones sobre materiales de construcci\u00f3n se concentran en la producci\u00f3n \u00a0y caracterizaci\u00f3n de materiales convencionales de construcci\u00f3n con base en t\u00e9cnicas laboratoriales y computacionales avanzadas. Adem\u00e1s, investigaciones sobre producci\u00f3n \u00a0y caracterizaci\u00f3n de nuevos materiales son desarrolladas, principalmente sobre puzolanas, geo pol\u00edmeros, comp\u00f3sitos polim\u00e9ricos, concretos de elevado desempe\u00f1o, argamasas de asentamiento y revestimiento y cer\u00e1mica roja, con el sentido de otorgar mayor resistencia y durabilidad a las estructuras, con la inter-relaci\u00f3n entre las propiedades de los materiales y los aspectos relacionados a la sustentabilidad de las construcciones, como emisi\u00f3n de gases intensificadores de efecto estufa, uso racional de materia-prima y reaprovechamiento de residuos.<\/p>\n<p>&nbsp;<\/p>\n<p>Con relaci\u00f3n a las investigaciones sobre el comportamiento de las estructuras, estudios son desarrollados sobre experimentaci\u00f3n en laboratorio y modelaje num\u00e9rica con base en m\u00e9todos de an\u00e1lisis est\u00e1ticos y din\u00e1micos de prototipos y de estructuras reales. Adem\u00e1s, herramientas computacionales para proyecto y an\u00e1lisis de estructuras de concreto, acero y comp\u00f3sitos polim\u00e9ricos son desarrollados.<\/p>\n<p>Lineas de investigaci\u00f3n en Estructuras:<\/p>\n<ol>\n<li><strong>Materiales y tecnolog\u00edas no convencionales<\/strong><\/li>\n<\/ol>\n<p>Proyecto 1 \u2013 Desenvolvimiento de materiales alternativos para las industrias de argamasas, concreto y cer\u00e1mica (Coordinador: Prof. Jonas Alexandre)<\/p>\n<p>Proyecto 2 \u2013 Producci\u00f3n \u00a0y caracterizaci\u00f3n de mesclas ciment\u00edcias y puzolanas ultra finas (Coordinador: Prof. Guilherme Cordeiro)<\/p>\n<p>Proyecto 3 \u2013 Producci\u00f3n \u00a0y caracterizaci\u00f3n de geopol\u00edmeros<\/p>\n<p><strong>\u00a0<\/strong><\/p>\n<ol>\n<li><strong>An\u00e1lisis experimental, modelaje num\u00e9rica y simulaciones computacionales de Estructuras<\/strong><\/li>\n<\/ol>\n<p>Proyecto 4 \u2013 An\u00e1lisis num\u00e9rica y experimental de estructuras (Coordinador: Prof. Gines Falcon)<\/p>","protected":false},"excerpt":{"rendered":"<p>El \u00e1rea de Estructuras borda estudios sobre producci\u00f3n \u00a0y caracterizaci\u00f3n f\u00edsica y qu\u00edmica de materiales de construcci\u00f3n, adem\u00e1s del comportamiento&#8230;<\/p>\n","protected":false},"author":8,"featured_media":0,"parent":65,"menu_order":0,"comment_status":"closed","ping_status":"closed","template":"","meta":{"footnotes":""},"class_list":["post-206","page","type-page","status-publish","hentry"],"_links":{"self":[{"href":"https:\/\/uenf.br\/posgraduacao\/engenharia-civil\/es\/wp-json\/wp\/v2\/pages\/206","targetHints":{"allow":["GET"]}}],"collection":[{"href":"https:\/\/uenf.br\/posgraduacao\/engenharia-civil\/es\/wp-json\/wp\/v2\/pages"}],"about":[{"href":"https:\/\/uenf.br\/posgraduacao\/engenharia-civil\/es\/wp-json\/wp\/v2\/types\/page"}],"author":[{"embeddable":true,"href":"https:\/\/uenf.br\/posgraduacao\/engenharia-civil\/es\/wp-json\/wp\/v2\/users\/8"}],"replies":[{"embeddable":true,"href":"https:\/\/uenf.br\/posgraduacao\/engenharia-civil\/es\/wp-json\/wp\/v2\/comments?post=206"}],"version-history":[{"count":0,"href":"https:\/\/uenf.br\/posgraduacao\/engenharia-civil\/es\/wp-json\/wp\/v2\/pages\/206\/revisions"}],"up":[{"embeddable":true,"href":"https:\/\/uenf.br\/posgraduacao\/engenharia-civil\/es\/wp-json\/wp\/v2\/pages\/65"}],"wp:attachment":[{"href":"https:\/\/uenf.br\/posgraduacao\/engenharia-civil\/es\/wp-json\/wp\/v2\/media?parent=206"}],"curies":[{"name":"wp","href":"https:\/\/api.w.org\/{rel}","templated":true}]}}