{"id":209,"date":"2015-09-04T14:06:04","date_gmt":"2015-09-04T14:06:04","guid":{"rendered":"http:\/\/uenf.br\/posgraduacao\/engenharia-civil\/?page_id=209"},"modified":"2025-02-12T13:09:00","modified_gmt":"2025-02-12T13:09:00","slug":"area-de-geotecnia","status":"publish","type":"page","link":"https:\/\/uenf.br\/posgraduacao\/engenharia-civil\/es\/areas-de-concentracao-e-linhas-de-pesquisa\/area-de-geotecnia\/","title":{"rendered":"\u00c1rea de Geotecnia"},"content":{"rendered":"<p>El \u00e1rea de Geotecnia desarrolla estudios enfocados a problemas geot\u00e9cnicos b\u00e1sicos y avanzados, este \u00faltimo fuertemente relacionado con el contexto regional, siguiendo la premisa establecida en el Proyecto institucional del Prof. Darcy Ribeiro. En este aspecto, se han desarrollado investigaciones en temas relacionados con los sectores de miner\u00eda, petr\u00f3leo y gas (producci\u00f3n \u00a0y transporte), rochas ornamentales y caracterizaci\u00f3n de geomallas y geomembranas. E \u00e1rea de Geotecnia tiene dos l\u00edneas de investigaci\u00f3n que abarcan cuatro proyectos de investigaci\u00f3n y permiten interrelacionar actividades con el \u00e1rea de Estructuras, ya que los problemas plantados presentan una interfaz considerable entre las dos \u00e1reas, tanto na parte de modelamiento num\u00e9rica como en el campo experimental.<\/p>\n<p>L\u00edneas de investigaci\u00f3n en Geotecnia:<\/p>\n<ol>\n<li><strong>Investigaci\u00f3n geol\u00f3gico-geot\u00e9cnica<\/strong><\/li>\n<\/ol>\n<p>Proyecto 5 \u2013 Interaci\u00f3n suelo-estructura y caracterizaci\u00f3n de geotextiles y geomembranas (Coordinador: Prof. Paulo Maia)<\/p>\n<p>Proyecto 6 \u2013 Caracterizaci\u00f3n experimental y modelaje num\u00e9rica de materiales de construcci\u00f3n en geotecnia (Coordinador: Prof. Aldo Farf\u00e1n)<\/p>\n<p><strong>\u00a0<\/strong><\/p>\n<p>&nbsp;<\/p>\n<ol>\n<li><strong>Modelaje f\u00edsica y num\u00e9rica de problemas geot\u00e9cnicos relacionados con \u00e1reas de petr\u00f3leo y gas<\/strong><\/li>\n<\/ol>\n<p>Proyecto 7 \u2013 Estabilidad de taludes submarinos y anclaje de plataformas en aguas profundas (Coordinador: Prof. S\u00e9rgio Tibana)<\/p>\n<p>Proyecto 8 \u2013 Estacas geot\u00e9rmicas (Coordinador: Prof. Fernando Saboya Jr.)<\/p>","protected":false},"excerpt":{"rendered":"<p>El \u00e1rea de Geotecnia desarrolla estudios enfocados a problemas geot\u00e9cnicos b\u00e1sicos y avanzados, este \u00faltimo fuertemente relacionado con el contexto&#8230;<\/p>\n","protected":false},"author":8,"featured_media":0,"parent":65,"menu_order":0,"comment_status":"closed","ping_status":"closed","template":"","meta":{"footnotes":""},"class_list":["post-209","page","type-page","status-publish","hentry"],"_links":{"self":[{"href":"https:\/\/uenf.br\/posgraduacao\/engenharia-civil\/es\/wp-json\/wp\/v2\/pages\/209","targetHints":{"allow":["GET"]}}],"collection":[{"href":"https:\/\/uenf.br\/posgraduacao\/engenharia-civil\/es\/wp-json\/wp\/v2\/pages"}],"about":[{"href":"https:\/\/uenf.br\/posgraduacao\/engenharia-civil\/es\/wp-json\/wp\/v2\/types\/page"}],"author":[{"embeddable":true,"href":"https:\/\/uenf.br\/posgraduacao\/engenharia-civil\/es\/wp-json\/wp\/v2\/users\/8"}],"replies":[{"embeddable":true,"href":"https:\/\/uenf.br\/posgraduacao\/engenharia-civil\/es\/wp-json\/wp\/v2\/comments?post=209"}],"version-history":[{"count":0,"href":"https:\/\/uenf.br\/posgraduacao\/engenharia-civil\/es\/wp-json\/wp\/v2\/pages\/209\/revisions"}],"up":[{"embeddable":true,"href":"https:\/\/uenf.br\/posgraduacao\/engenharia-civil\/es\/wp-json\/wp\/v2\/pages\/65"}],"wp:attachment":[{"href":"https:\/\/uenf.br\/posgraduacao\/engenharia-civil\/es\/wp-json\/wp\/v2\/media?parent=209"}],"curies":[{"name":"wp","href":"https:\/\/api.w.org\/{rel}","templated":true}]}}