{"id":211,"date":"2015-09-04T14:08:45","date_gmt":"2015-09-04T14:08:45","guid":{"rendered":"http:\/\/uenf.br\/posgraduacao\/engenharia-civil\/?page_id=211"},"modified":"2020-12-07T12:59:24","modified_gmt":"2020-12-07T12:59:24","slug":"oficinas-de-ensino-e-pesquisa","status":"publish","type":"page","link":"https:\/\/uenf.br\/posgraduacao\/engenharia-civil\/es\/oficinas-de-ensino-e-pesquisa\/","title":{"rendered":"Talleres de Decencia e Investigaci\u00f3n"},"content":{"rendered":"<p>Para el desarrollo de sus actividades docentes e investigadoras, LECIV cuenta con modernos laboratorios (talleres) en las respectivas \u00e1reas de actividad.<\/p>\n<p>&nbsp;<\/p>\n<h4>Oficina de Morteros y Materiales Cer\u00e1micos<\/h4>\n<p>El taller permite a los estudiantes de maestr\u00eda y doctorado desarrollar investigaciones sobre la colocaci\u00f3n de morteros y revestimientos y sobre el desarrollo de nuevos materiales cer\u00e1micos rojos. El taller cuenta actualmente con el siguiente equipamiento: molino planetario; equipo para ultra tamizado (5 \u00b5m); aparatos de an\u00e1lisis qu\u00edmico por fluorescencia de rayos X (Shimadzu); extrusora de laboratorio con boquillas variables; molino de bolas; rompe mand\u00edbulas; laminador; cuatro hornos para quemar materiales cer\u00e1micos hasta una temperatura de 1200\u00baC con control autom\u00e1tico de temperatura; tres invernaderos para secar materiales; dos mezcladores de mortero; dos tablas de consistencia (\u00abflow-table\u00bb); aparatos para retener agua en morteros; dispositivo de medici\u00f3n de aire incorporado en morteros; formas y aparatos para medir la contracci\u00f3n lineal en morteros; equipos para el ensayo de \u201csqueeze flow\u201d; dos dispositivos de prueba de extracci\u00f3n (adherencia); escler\u00f3metro; dos escalas de precisi\u00f3n; tres m\u00e1quinas para modelar bloques de suelo-cemento, una autom\u00e1tica; rociador de suelo; dos prensas manuales. En el Taller de Morteros y Materiales Cer\u00e1micos se desarrollan proyectos financiados por la FAPERJ y el CNPq y en colaboraci\u00f3n con la Universidad Federal de Vi\u00e7osa (UFV-MG) y el Instituto de Ingenier\u00eda Militar (IME-RJ).<\/p>\n<p>&nbsp;<\/p>\n<h4>Taller de Ensayos de Durabilidad en Materiales Geot\u00e9cnicos (GeoLED)<\/h4>\n<p>El Taller de Ensayos de Durabilidad est\u00e1 dedicado al desarrollo de investigaciones sobre durabilidad y alteraci\u00f3n de los materiales utilizados en Ingenier\u00eda Civil, especialmente los utilizados en trabajos geot\u00e9cnicos. Las actividades de GeoLED forman parte de la l\u00ednea dedicada a la Investigaci\u00f3n Geol\u00f3gico-Geot\u00e9cnica. Este Taller inici\u00f3 sus actividades en 2001 y se fortaleci\u00f3 a trav\u00e9s del trabajo conjunto entre los diferentes sectores de Ingenier\u00eda Civil y Materiales de la UENF, lo que ha permitido tanto una mayor aproximaci\u00f3n f\u00edsica de estas dos ingenier\u00edas como las diversas interfaces entre sus respectivos colaboradores. La investigaci\u00f3n desarrollada en este laboratorio busca determinar las caracter\u00edsticas de durabilidad y alteraci\u00f3n de materiales geot\u00e9cnicos, especialmente geosint\u00e9ticos, rocas, materiales cer\u00e1micos, morteros aditivos, soldaduras, entre otros. GeoLED cuenta con los siguientes equipos: poros\u00edmetro para intrusi\u00f3n de mercurio; simulador de niebla salina; equipos para grandes compresiones confinadas (enrocado y cer\u00e1mica) con control de temperatura y lixiviaci\u00f3n; c\u00e1mara de envejecimiento acelerado (UV y condensaci\u00f3n); Aparatos de lixiviaci\u00f3n continua de gran tama\u00f1o para enrocado y cer\u00e1mica; micro equipo Deval; Equipo de abrasi\u00f3n de Los \u00c1ngeles; Equipos de \u00abslake durability\u00bb. GeoLED ha estado trabajando en asociaci\u00f3n con varias instituciones de desarrollo p\u00fablicas y privadas (CNPq, CAPES, FAPERJ, FINEP, FURNAS, ANEEL y Huesker). Adem\u00e1s, GeoLED trabaja con la colaboraci\u00f3n de otras universidades, con \u00e9nfasis en el trabajo conjunto con el grupo de investigaci\u00f3n en Geomec\u00e1nica y Geotecnia de la Facultad de Ingenier\u00eda de la Universidad de Porto, adem\u00e1s de la investigaci\u00f3n conjunta con la PUC-Rio, la COPPE-UFRJ, USP-S\u00e3o Carlos (SP) y la empresa Huesker Brasil.<\/p>\n<p>&nbsp;<\/p>\n<h4>Taller de pruebas geot\u00e9cnicas de campo<\/h4>\n<p>El Taller de Pruebas de Campo cuenta con el siguiente equipamiento: Grupo generador el\u00e9ctrico de 20Kv; conjunto de muestreadores de rocas con corona de diamantes; Aparato piezo\u00f3nico completo con remolque; clavadora hidr\u00e1ulica; sistema de adquisici\u00f3n de datos inal\u00e1mbrico; Perme\u00e1metro de Guelph.<\/p>\n<p>Taller de Ensayos Especiales en Mec\u00e1nica de Suelos<\/p>\n<p>El Taller de Ensayos Especiales cuenta con los siguientes equipos: 3 prensas triaxiales completas con control de presi\u00f3n servo-autom\u00e1tico, accesorios para ensayos de no-saturados y licuefacci\u00f3n con sistema de adquisici\u00f3n de datos (GDS); 1 prensa triaxial servo-controlada (GDS) de trayectoria de tensi\u00f3n Bishop-Wesley y accesorios para pruebas no saturadas; 3 equipos para ensayos de corte directo con adquisici\u00f3n autom\u00e1tica de datos; 2 dispositivos para densificaci\u00f3n convencional; Permemetro de Guelph; equipo de corte directo; equipo de corte de anillo; Equipos de permeabilidad a cargas constantes y variables. En este laboratorio destaca el triaxial t\u00e9rmico reci\u00e9n adquirido, ya en operaci\u00f3n, de GDS, \u00fanico en Brasil dedicado a la realizaci\u00f3n de ensayos triaxiales con control de temperatura para estudios de mejora t\u00e9rmica de suelos blandos aplicados a anclajes de plataformas marinas.<\/p>\n<p>&nbsp;<\/p>\n<h4>Taller de estructuras<\/h4>\n<p>El Taller Estructural cuenta con una losa de reacci\u00f3n de hormig\u00f3n de 65 m2 con 60 puntos para aplicaci\u00f3n de carga y una capacidad de 50 tf de carga por punto de aplicaci\u00f3n. Este Taller cuenta con los siguientes equipos para su uso en la losa: Unidad hidr\u00e1ulica MTS; 2 actuadores hidr\u00e1ulicos MTS de 500 kN; 2 sistemas de adquisici\u00f3n de datos Lynx de 24 canales; Sistema de adquisici\u00f3n de National Instruments. Adem\u00e1s, el taller de Estructuras sirve a la investigaci\u00f3n de PPGEC y otros programas de la UENF y otras instituciones utilizando una m\u00e1quina universal de ensayos mec\u00e1nicos servo-controlados Shimadzu 500 kN y una unidad de producci\u00f3n de hormig\u00f3n que consta de losa drenada, mezclador 150 litros; Hormigonera de 250 litros; mesa vibratoria, vibrador de inmersi\u00f3n; rectificaci\u00f3n para bases de muestras; unidades cura do concreto.<\/p>\n<p>Taller de Materiales Cementosos y Pozolanicos (N\u00facleo de Excelencia en Materiales Cementosos &#8211; Nexmat)<\/p>\n<p>El Nexmat, que se construy\u00f3 entre 2013 y 2015 con recursos de un programa de creaci\u00f3n de centros de excelencia en investigaci\u00f3n del FAPERJ (PRONEX E-26 \/ 110.892 \/ 201), cuenta con muchos equipos y t\u00e9cnicas utilizadas en la producci\u00f3n y caracterizaci\u00f3n de sistemas cementosos de alto rendimiento. El Nexmat cuenta con los siguientes equipos: difract\u00f3metro de rayos X Rigaku equipado para mediciones cuantitativas (m\u00e9todo Rietveld); calor\u00edmetro isot\u00e9rmico con dos canales micro-procesados; equipos para probar la actividad puzol\u00e1nica por conductividad el\u00e9ctrica; dos equipos de retracci\u00f3n qu\u00edmica (\u00abLe Chatelier\u00bb); juego completo para lecturas de deformaciones aut\u00f3genas y por secado; equipo de ultrasonido para el control de la hidrataci\u00f3n, analizador de nanopart\u00edculas l\u00e1ser Nanosizer; horno de mufla con control total de las condiciones de cocci\u00f3n; ba\u00f1o micro-procesado para curado t\u00e9rmico; Re\u00f3metro tipo Brookfiled para caracterizaci\u00f3n reol\u00f3gica de sistemas cementosos. Nexmat cuenta con colaboraci\u00f3n internacional y tiene proyectos en marcha con financiamiento del CNPq, FAPERJ y el Municipio de Campos dos Goytacazes. En Brasil, se ha realizado una investigaci\u00f3n conjunta con investigadores del Instituto Tecnol\u00f3gico de Aeron\u00e1utica (ITA-SP), UNESP-Ilha Solteira (SP), Universidad Estatal de Feira de Santana (BA) y COPPE-UFRJ (RJ).<\/p>\n<p>&nbsp;<\/p>\n<h4>Taller de mec\u00e1nica de suelos<\/h4>\n<p>El Taller de Mec\u00e1nica de Suelos sirve a todas las investigaciones experimentales del programa y cuenta con el siguiente equipamiento: balanzas digitales de precisi\u00f3n; juego de tamices; hidr\u00f3metros; picn\u00f3metros; cilindros de compactaci\u00f3n; Aparatos de Casagrande; dispersor de suelo; hornos; sondas de perforaci\u00f3n; medidores de nivel de agua; moldes para recolectar muestras como Osterberg y Shelby.<\/p>\n<p>&nbsp;<\/p>\n<h4>Oficina de Modelaje Num\u00e9rica<\/h4>\n<p>El Taller de Modelaje Num\u00e9rica atiende las dos \u00e1reas de concentraci\u00f3n y cuenta con 25 m\u00e1quinas dedicadas, un cluster de 5 computadoras y varios software de ingenier\u00eda (Rocscience Suite, Ansys, Abaqus, Plaxis-VIP, MatLab, entre otros).<\/p>\n<p>&nbsp;<\/p>\n<h4>Taller de Modelos Reducidos (Centr\u00edfuga Geot\u00e9cnica)<\/h4>\n<p>El Taller de Modelos Reducidos cuenta con una centr\u00edfuga de 100 g (100 veces la aceleraci\u00f3n de la gravedad), que es un equipo \u00fanico en Am\u00e9rica Latina, con tales dimensiones. En este taller se desarrolla la investigaci\u00f3n sobre modelaje f\u00edsica y num\u00e9rica de problemas geot\u00e9cnicos. Adem\u00e1s de la centr\u00edfuga de 100 g en pleno funcionamiento, el taller cuenta con los siguientes equipos: sistema hidr\u00e1ulico servo-controlado MTS; c\u00e1mara de alta velocidad (1000 fps); Prensa de 50 t para la consolidaci\u00f3n de muestras grandes; dos sistemas inal\u00e1mbricos de adquisici\u00f3n de datos de National Instruments. Adicionalmente, existe un laboratorio dedicado al an\u00e1lisis de im\u00e1genes con el uso de l\u00e1ser He-Ne para ensayos en suelos transparentes, t\u00e9cnica que se ha desarrollado hoy en algunos de los centros de investigaci\u00f3n m\u00e1s avanzados del mundo que se ocupan de problemas relacionados con el comportamiento de las cimentaciones razas y profundas, conductos, pavimentos y otros problemas geot\u00e9cnicos relacionados. Este laboratorio contiene una mesa antivibraci\u00f3n, un sistema de control y automatizaci\u00f3n de National Instuments, un sistema de adquisici\u00f3n de datos de alta frecuencia, una c\u00e1mara de alta velocidad para an\u00e1lisis PIV (velocimetr\u00eda de im\u00e1genes de part\u00edculas) y un sistema de saturaci\u00f3n en vac\u00edo y preparaci\u00f3n de muestras. En el Taller de Modelos Reducidos se desarrollan proyectos desarrollados por FAPERJ y CNPq, adem\u00e1s de proyectos de investigaci\u00f3n y desarrollo con Petrobras. El Taller de Modelos Reducidos realiza investigaciones en conjunto con investigadores de la Universidad de California-San Diego, USP-S\u00e3o Carlos y COPPE-UFRJ.<\/p>\n<p>&nbsp;<\/p>\n<h4><strong>Taller de Apoyo Mec\u00e1nico<\/strong><\/h4>\n<p>El Taller Mec\u00e1nico atiende a los proyectos de investigaci\u00f3n y cuenta con herramientas y equipos en general, adem\u00e1s de un centro de mecanizado CNC con control num\u00e9rico, una fresadora y un torno.<\/p>","protected":false},"excerpt":{"rendered":"<p>Para el desarrollo de sus actividades docentes e investigadoras, LECIV cuenta con modernos laboratorios (talleres) en las respectivas \u00e1reas de&#8230;<\/p>\n","protected":false},"author":8,"featured_media":0,"parent":0,"menu_order":7,"comment_status":"closed","ping_status":"closed","template":"","meta":{"footnotes":""},"class_list":["post-211","page","type-page","status-publish","hentry"],"_links":{"self":[{"href":"https:\/\/uenf.br\/posgraduacao\/engenharia-civil\/es\/wp-json\/wp\/v2\/pages\/211","targetHints":{"allow":["GET"]}}],"collection":[{"href":"https:\/\/uenf.br\/posgraduacao\/engenharia-civil\/es\/wp-json\/wp\/v2\/pages"}],"about":[{"href":"https:\/\/uenf.br\/posgraduacao\/engenharia-civil\/es\/wp-json\/wp\/v2\/types\/page"}],"author":[{"embeddable":true,"href":"https:\/\/uenf.br\/posgraduacao\/engenharia-civil\/es\/wp-json\/wp\/v2\/users\/8"}],"replies":[{"embeddable":true,"href":"https:\/\/uenf.br\/posgraduacao\/engenharia-civil\/es\/wp-json\/wp\/v2\/comments?post=211"}],"version-history":[{"count":0,"href":"https:\/\/uenf.br\/posgraduacao\/engenharia-civil\/es\/wp-json\/wp\/v2\/pages\/211\/revisions"}],"wp:attachment":[{"href":"https:\/\/uenf.br\/posgraduacao\/engenharia-civil\/es\/wp-json\/wp\/v2\/media?parent=211"}],"curies":[{"name":"wp","href":"https:\/\/api.w.org\/{rel}","templated":true}]}}