{"id":220,"date":"2015-09-04T14:13:46","date_gmt":"2015-09-04T14:13:46","guid":{"rendered":"http:\/\/uenf.br\/posgraduacao\/engenharia-civil\/?page_id=220"},"modified":"2023-04-22T21:55:30","modified_gmt":"2023-04-22T21:55:30","slug":"disciplinas-ementas","status":"publish","type":"page","link":"https:\/\/uenf.br\/posgraduacao\/engenharia-civil\/es\/disciplinas-ementas\/","title":{"rendered":"Disciplinas &amp; Syllabus"},"content":{"rendered":"<p><\/p>\n<h3>ESTRUCTURAS<\/h3>\n<p><strong>Disciplinas Obligatorias (cr\u00e9ditos &#8211; carga de trabajo)<\/strong><\/p>\n<ul>\n<li>An\u00e1lise estrutural avan\u00e7ada \u2013 3 \u2013 51 ( <a href=\"http:\/\/uenf.br\/posgraduacao\/engenharia-civil\/disciplinas-ementas\/analise-estrutural-avancada\/\">An\u00e1lise Estrutural Avan\u00e7ada<\/a> )<\/li>\n<li>Matem\u00e1tica Aplicada \u00e0 Engenharia \u2013 4 \u2013 68 (\u00a0<a href=\"http:\/\/uenf.br\/posgraduacao\/engenharia-civil\/matematica-aplicada-a-engenharia\/\">Matem\u00e1tica Aplicada a Engenharia<\/a> )<\/li>\n<li>Semin\u00e1rio em Engenharia Civil I \u2013 1 &#8211; 34 (\u00a0<a href=\"http:\/\/uenf.br\/posgraduacao\/engenharia-civil\/seminario-em-engenharia-civil-i\/\">Semin\u00e1rio em Engenharia Civil I<\/a> )<\/li>\n<li>Semin\u00e1rio em Engenharia Civil II \u2013 0 &#8211; 34 (<a href=\"http:\/\/uenf.br\/posgraduacao\/engenharia-civil\/seminario-em-engenharia-civil-ii\/\">Semin\u00e1rio em Engenharia Civil II<\/a> )<\/li>\n<li>Pesquisa para Disserta\u00e7\u00e3o de Mestrado (CIV1698)<\/li>\n<li>Pesquisa Bibliogr\u00e1fica Para Mestrado (CIV1699)<\/li>\n<\/ul>\n<p><strong>Disciplinas Electivas (cr\u00e9ditos &#8211; carga de trabajo)<\/strong><\/p>\n<ul>\n<li>Algoritmo e Estrutura de Dados \u2013 3 \u2013 51 ( Algoritmo e Estrutura de Dados )<\/li>\n<li>An\u00e1lise Matricial das Estruturas \u2013 3 \u2013 51 (\u00a0<a href=\"http:\/\/uenf.br\/posgraduacao\/engenharia-civil\/analise-matricial-de-estruturas\/\">An\u00e1lise Matricial das Estruturas<\/a> )<\/li>\n<li>An\u00e1lise N\u00e3o Linear de Estruturas \u2013 3 \u2013 51 (\u00a0<a href=\"http:\/\/uenf.br\/posgraduacao\/engenharia-civil\/analise-nao-linear-de-estruturas\/\">An\u00e1lise N\u00e3o Linear de Estruturas<\/a> )<\/li>\n<li>Concreto Protendido \u2013 3 \u2013 51 ( <a href=\"http:\/\/uenf.br\/posgraduacao\/engenharia-civil\/concreto-protendido\/\">Concreto Protendido<\/a>\u00a0)<\/li>\n<li>C\u00e1lculo num\u00e9rico Aplicado \u00e0 Engenharia \u2013 3 \u2013 51 ( <a href=\"http:\/\/uenf.br\/posgraduacao\/engenharia-civil\/disciplinas-ementas\/calculo-numerico-aplicado-a-engenharia\/\">C\u00e1lculo num\u00e9rico Aplicado \u00e0 Engenharia<\/a>\u00a0)<\/li>\n<li>Dosagem e Crit\u00e9rios de Desempenho de Concretos \u2013 3 \u2013 51 (\u00a0<a href=\"http:\/\/uenf.br\/posgraduacao\/engenharia-civil\/dosagem-e-criterios-de-desempenho-do-concreto\/\">Dosagem e Crit\u00e9rios de Desempenho de Concretos<\/a> )<\/li>\n<li>Estudo Dirigido em Engenharia Estrutural \u2013 1 \u2013 17 (\u00a0Estudo Dirigido em Engenharia Estrutural )<\/li>\n<li>Instabilidade das Estruturas \u2013 3 \u2013 85 (\u00a0<a href=\"http:\/\/uenf.br\/posgraduacao\/engenharia-civil\/wp-content\/uploads\/sites\/3\/2015\/09\/CIV1659-Instabilidade-das-Estruturas.pdf\">Instabilidade das Estruturas<\/a>\u00a0)<\/li>\n<li>M\u00e9todo dos Elementos de Contorno \u2013 3 \u2013 51 (\u00a0<a href=\"http:\/\/uenf.br\/posgraduacao\/engenharia-civil\/wp-content\/uploads\/sites\/3\/2015\/09\/CIV1672-M\u00e9todos-dos-elementos-de-contorno.pdf\">M\u00e9todo dos Elementos de Contorno<\/a>\u00a0)<\/li>\n<li>M\u00e9todos Experimentais para An\u00e1lise de Estruturas \u2013 3 \u2013 51 (\u00a0<a href=\"http:\/\/uenf.br\/posgraduacao\/engenharia-civil\/metodos-experimentais-para-analise-de-estruturas\/\">M\u00e9todos Experimentais para An\u00e1lise de Estruturas<\/a> )<\/li>\n<li>M\u00e9todos Num\u00e9ricos em Engenharia \u2013 4 \u2013 68 (\u00a0<a href=\"http:\/\/uenf.br\/posgraduacao\/engenharia-civil\/metodos-numericos-em-engenharia\/\">M\u00e9todos Num\u00e9ricos em Engenharia<\/a> )<\/li>\n<li>M\u00e9todos Num\u00e9ricos para Estruturas de Concreto \u2013 3 \u2013 51 (\u00a0M\u00e9todos Num\u00e9ricos para Estruturas de Concreto )<\/li>\n<li>Otimiza\u00e7\u00e3o Estrutural \u2013 3 \u2013 51 (\u00a0<a href=\"http:\/\/uenf.br\/posgraduacao\/engenharia-civil\/otimizacao-estrutural\/\">Otimiza\u00e7\u00e3o Estrutural<\/a> )<\/li>\n<li>Patologia e Reparo de Estruturas de Concreto \u2013 3 \u2013 51 (\u00a0<a href=\"http:\/\/uenf.br\/posgraduacao\/engenharia-civil\/patologia-e-reparo-de-estruturas-de-concreto\/\">Patologia e Reparo de Estruturas de Concreto<\/a> )<\/li>\n<li>Pesquisa Bibliogr\u00e1fica para Mestrado \u2013 1 \u2013 17 (\u00a0<a href=\"http:\/\/uenf.br\/posgraduacao\/engenharia-civil\/pesquisa-bibliografica-para-mestrado\/\">Pesquisa Bibliogr\u00e1fica para Mestrado<\/a> )<\/li>\n<li>Propriedades F\u00edsico-Qu\u00edmicas do Concreto Fresco \u2013 3 \u2013 51 (<a href=\"http:\/\/uenf.br\/posgraduacao\/engenharia-civil\/propriedades-fisico-quimicas-do-concreto-fresco\/\"> Propriedades F\u00edsico-Qu\u00edmicas do Concreto Fresco<\/a>)<\/li>\n<li>Propriedades Mec\u00e2nicas do Concreto Endurecido \u2013 3 \u2013 51 (\u00a0<a href=\"http:\/\/uenf.br\/posgraduacao\/engenharia-civil\/propriedades-mecanicas-do-concreto-endurecido\/\">Propriedades Mec\u00e2nicas do Concreto Endurecido<\/a> )<\/li>\n<li>T\u00f3picos Especiais em Engenharia Estrutural &#8211; 3 -51 (\u00a0<a href=\"http:\/\/uenf.br\/posgraduacao\/engenharia-civil\/topicos-especiais-em-engenharia-estrutural-dimensionamento-de-pecas-de-concreto-por-meio-de-modelos-de-bielas-e-tirantes\/\">T\u00f3picos Especiais em Engenharia Estrutural<\/a> )<\/li>\n<li>Tratamento de Dados Experimentais &#8211; 3 &#8211; 51 (\u00a0<a href=\"http:\/\/uenf.br\/posgraduacao\/engenharia-civil\/tratamento-de-dados-experimentais\/\">Tratamento de Dados Experimentais<\/a> )<\/li>\n<li>Uso do M\u00f3dulo Civil FEM do ANSYS p\/ Dimensionamento de Pe\u00e7as de Concreto Protendido &#8211; 2- 34 (\u00a0Uso do M\u00f3dulo Civil FEM do ANSYS )<\/li>\n<li>Dimensionamento de Pe\u00e7as de Concreto por Meio de Bielas e Tirantes &#8211; 3 &#8211; 51 (\u00a0<a href=\"http:\/\/uenf.br\/posgraduacao\/engenharia-civil\/topicos-especiais-em-engenharia-estrutural-dimensionamento-de-pecas-de-concreto-por-meio-de-modelos-de-bielas-e-tirantes\/\">Dimension. de Pe\u00e7as de Concreto por Meio de Bielas e Tirantes <\/a>)<\/li>\n<li>Modelagem Estrutural &#8211; 3 &#8211; 68 (\u00a0Modelagem Estrutural )<\/li>\n<li>Monitora\u00e7\u00e3o de Estruturas &#8211; 3 &#8211; 51 ( Monitora\u00e7\u00e3o de Estruturas )<\/li>\n<li>Semin\u00e1rio em Engenharia Estrutural \u2013 1 \u2013 17 (\u00a0<a href=\"http:\/\/uenf.br\/posgraduacao\/engenharia-civil\/seminarios-em-engenharia-estrutural\/\">Semin\u00e1rio em Engenharia Estrutural<\/a> )<\/li>\n<li>Materiais Comp\u00f3sitos &#8211; 3 &#8211; 51 (\u00a0<a href=\"http:\/\/uenf.br\/posgraduacao\/engenharia-civil\/materiais-compositos\/\">Materiais Comp\u00f3sitos<\/a> )<\/li>\n<li>Teoria das Cascas e Placas &#8211; 3 &#8211; 51 ( <a href=\"http:\/\/uenf.br\/posgraduacao\/engenharia-civil\/teoria-das-placas-e-cascas\/\">Teoria das cascas e Placas<\/a> )<\/li>\n<li>Tecnologia em Cer\u00e2mica Vermelha \u2013 3 \u2013 68 (\u00a0Tecnologia em Cer\u00e2mica Vermelha )<\/li>\n<\/ul>\n<p>&nbsp;<\/p>\n<h3>GEOTECNIA<\/h3>\n<p><strong>Disciplinas Obligatorias (cr\u00e9ditos &#8211; carga de trabajo)<\/strong><\/p>\n<ul>\n<li>Elasticidade e Plasticidade Avan\u00e7ada &#8211; 2 &#8211; 34 (\u00a0<a href=\"http:\/\/uenf.br\/posgraduacao\/engenharia-civil\/elasticidade-e-plasticidade-avancada\/\">Elasticidade e Plasticidade Avan\u00e7ada<\/a> )<\/li>\n<li>Matem\u00e1tica Aplicada \u00e0 Engenharia &#8211; 4 -68 (\u00a0<a href=\"http:\/\/uenf.br\/posgraduacao\/engenharia-civil\/matematica-aplicada-a-engenharia\/\">Matem\u00e1tica Aplicada \u00e0 Engenharia<\/a> )<\/li>\n<li>Mec\u00e2nica das Rochas &#8211; 2 &#8211; 34 (\u00a0<a href=\"http:\/\/uenf.br\/posgraduacao\/engenharia-civil\/mecanica-das-rochas\/\">Mec\u00e2nica das Rochas<\/a> )<\/li>\n<li>Mec\u00e2nica dos Solos Avan\u00e7ada &#8211; 3 &#8211; 51 (\u00a0<a href=\"http:\/\/uenf.br\/posgraduacao\/engenharia-civil\/mecanica-dos-solos-avancada\/\">Mec\u00e2nica dos Solos Avan\u00e7ada<\/a> )<\/li>\n<li>Percola\u00e7\u00e3o e Adensamento &#8211; 2 \u2013 34 (\u00a0Percola\u00e7\u00e3o e Adensamento )<\/li>\n<li>Semin\u00e1rio em Engenharia Civil I \u2013 1 &#8211; 34 (\u00a0<a href=\"http:\/\/uenf.br\/posgraduacao\/engenharia-civil\/seminario-em-engenharia-civil-i\/\">Semin\u00e1rio em Engenharia Civil I<\/a> )<\/li>\n<li>Semin\u00e1rio em Engenharia Civil II \u2013 0 &#8211; 34 (\u00a0<a href=\"http:\/\/uenf.br\/posgraduacao\/engenharia-civil\/seminario-em-engenharia-civil-ii\/\">Semin\u00e1rio em Engenharia Civil II <\/a>)<\/li>\n<li>Pesquisa para Disserta\u00e7\u00e3o de Mestrado (CIV1698)<\/li>\n<li>Pesquisa Bibliogr\u00e1fica Para Mestrado (CIV1699)<\/li>\n<\/ul>\n<p>&nbsp;<\/p>\n<p><strong>Disciplinas Electivas (cr\u00e9ditos &#8211; carga de trabajo)<\/strong><\/p>\n<ul>\n<li>Empuxo de Terra e Estabilidade dos Taludes &#8211; 3 &#8211; 51 ( Empuxo de Terra e Estabilidade dos Taludes )<\/li>\n<li>Ensaios de Campo e Laborat\u00f3rio e Instrumenta\u00e7\u00e3o Geot\u00e9cnica &#8211; 3 -51 (\u00a0<a href=\"http:\/\/uenf.br\/posgraduacao\/engenharia-civil\/ensaios-de-campo-e-de-laboratorio-e-instrumentacao-geotecnica\/\">Ensaios de Campo e Laborat\u00f3rio e Instrumenta\u00e7\u00e3o Geot\u00e9cnica<\/a> )<\/li>\n<li>Estudo Dirigido em Engenharia Geot\u00e9cnica &#8211; 1 -17 (\u00a0Estudo Dirigido em Engenharia Geot\u00e9cnica )<\/li>\n<li>Geologia de Engenharia &#8211; 4 &#8211; 68 (\u00a0Geologia de Engenharia )<\/li>\n<li>Geoprocessamento I &#8211; 2 &#8211; 34 (\u00a0Geoprocessamento I )<\/li>\n<li>Geologia &#8211; 3 -51 (\u00a0<a href=\"http:\/\/uenf.br\/posgraduacao\/engenharia-civil\/wp-content\/uploads\/sites\/3\/2018\/08\/CIV1809-Geologia-Avan\u00e7ada.pdf\">CIV1809 &#8211; Geologia Avan\u00e7ada<\/a>)<\/li>\n<li>Geotecnia Ambiental &#8211; 3 &#8211; 51 (\u00a0Geotecnia Ambiental )<\/li>\n<li>Geotecnia das Funda\u00e7\u00f5es &#8211; 3 -51 (\u00a0Geotecnia das Funda\u00e7\u00f5es )<\/li>\n<li>Levantamento Detalhado de Campo &#8211; 3 &#8211; 85 (\u00a0Levantamento Detalhado de Campo )<\/li>\n<li>Mec\u00e2nica do Cont\u00ednuo &#8211; 3 &#8211; 51 (\u00a0<a href=\"http:\/\/uenf.br\/posgraduacao\/engenharia-civil\/mecanica-do-continuo\/\">Mec\u00e2nica do Cont\u00ednuo<\/a> )<\/li>\n<li>Mec\u00e2nica dos Solos\u00a0a Luz dos Estados Cr\u00edticos &#8211; 3 &#8211; 51 (\u00a0Mec\u00e2nica dos Solos\u00a0a Luz dos Estados Cr\u00edticos )<\/li>\n<li>Melhoria, Estabilidade e Refor\u00e7o dos Solos &#8211; 3 &#8211; 51 (\u00a0Melhoria, Estabilidade e Refor\u00e7o dos Solos )<\/li>\n<li>M\u00e9todo dos Elementos Finitos &#8211; 3 &#8211; 51 (\u00a0<a href=\"http:\/\/uenf.br\/posgraduacao\/engenharia-civil\/metodo-dos-elementos-finitos\/\">M\u00e9todo dos Elementos Finitos<\/a> )<\/li>\n<li>Modelos Construtivos para Materiais Geot\u00e9cnicos &#8211; 3 &#8211; 51 ( Modelos Construtivos para Materiais Geot\u00e9cnicos)<\/li>\n<li>Pesquisa Bibliogr\u00e1fica para Mestrado &#8211; 1 &#8211; 17 (\u00a0<a href=\"http:\/\/uenf.br\/posgraduacao\/engenharia-civil\/pesquisa-bibliografica-para-mestrado\/\">Pesquisa Bibliogr\u00e1fica para Mestrado<\/a> )<\/li>\n<li>Semin\u00e1rio em Engenharia Geot\u00e9cnica &#8211; 1 &#8211; 17 (\u00a0<a href=\"http:\/\/uenf.br\/posgraduacao\/engenharia-civil\/seminarios-em-engenharia-geotecnica\/\">Semin\u00e1rio em Engenharia Geot\u00e9cnica<\/a> )<\/li>\n<li>T\u00f3picos Especiais em Engenharia Geot\u00e9cnica &#8211; 3 &#8211; 51 (\u00a0<a href=\"http:\/\/uenf.br\/posgraduacao\/engenharia-civil\/topicos-especiais-em-engenharia-geotecnica-simulacao-computacional-via-programa-abaqus\/\">T\u00f3picos Especiais em Engenharia Geot\u00e9cnica<\/a> )<\/li>\n<li>Tratamento de Dados Experimentais &#8211; 3- 51 (\u00a0<a href=\"http:\/\/uenf.br\/posgraduacao\/engenharia-civil\/tratamento-de-dados-experimentais\/\">Tratamento de Dados Experimentais<\/a> )<\/li>\n<\/ul>\n<p><\/p>","protected":false},"excerpt":{"rendered":"<p>ESTRUCTURAS Disciplinas Obligatorias (cr\u00e9ditos &#8211; carga de trabajo) An\u00e1lise estrutural avan\u00e7ada \u2013 3 \u2013 51 ( An\u00e1lise Estrutural Avan\u00e7ada )&#8230;<\/p>\n","protected":false},"author":8,"featured_media":0,"parent":0,"menu_order":6,"comment_status":"closed","ping_status":"closed","template":"","meta":{"footnotes":""},"class_list":["post-220","page","type-page","status-publish","hentry"],"_links":{"self":[{"href":"https:\/\/uenf.br\/posgraduacao\/engenharia-civil\/es\/wp-json\/wp\/v2\/pages\/220","targetHints":{"allow":["GET"]}}],"collection":[{"href":"https:\/\/uenf.br\/posgraduacao\/engenharia-civil\/es\/wp-json\/wp\/v2\/pages"}],"about":[{"href":"https:\/\/uenf.br\/posgraduacao\/engenharia-civil\/es\/wp-json\/wp\/v2\/types\/page"}],"author":[{"embeddable":true,"href":"https:\/\/uenf.br\/posgraduacao\/engenharia-civil\/es\/wp-json\/wp\/v2\/users\/8"}],"replies":[{"embeddable":true,"href":"https:\/\/uenf.br\/posgraduacao\/engenharia-civil\/es\/wp-json\/wp\/v2\/comments?post=220"}],"version-history":[{"count":0,"href":"https:\/\/uenf.br\/posgraduacao\/engenharia-civil\/es\/wp-json\/wp\/v2\/pages\/220\/revisions"}],"wp:attachment":[{"href":"https:\/\/uenf.br\/posgraduacao\/engenharia-civil\/es\/wp-json\/wp\/v2\/media?parent=220"}],"curies":[{"name":"wp","href":"https:\/\/api.w.org\/{rel}","templated":true}]}}