{"id":286,"date":"2015-09-04T15:23:51","date_gmt":"2015-09-04T15:23:51","guid":{"rendered":"http:\/\/uenf.br\/posgraduacao\/engenharia-civil\/?page_id=286"},"modified":"2022-06-15T14:48:43","modified_gmt":"2022-06-15T14:48:43","slug":"formularios","status":"publish","type":"page","link":"https:\/\/uenf.br\/posgraduacao\/engenharia-civil\/es\/formularios\/","title":{"rendered":"Formul\u00e1rios"},"content":{"rendered":"<p><\/p>\n<h3><strong>Alunos Regulares<\/strong><\/h3>\n<p><strong>Espec\u00edficos para Alunos Regulares<\/strong><\/p>\n<ul>\n<li><a href=\"http:\/\/uenf.br\/reitoria\/secacad\/pos-graduacao\/formularios-gerais\/\">Requerimento de Matr\u00edcula<\/a><\/li>\n<li><a href=\"http:\/\/uenf.br\/reitoria\/secacad\/pos-graduacao\/formularios-gerais\/\">Plano de Estudo<\/a><\/li>\n<li><a href=\"http:\/\/uenf.br\/reitoria\/secacad\/pos-graduacao\/formularios-gerais\/\">Ficha de Exclus\u00e3o de Disciplinas<\/a><\/li>\n<li><a href=\"http:\/\/uenf.br\/reitoria\/secacad\/pos-graduacao\/formularios-gerais\/\">Ficha de Inclus\u00e3o de Disciplinas<\/a><\/li>\n<li><a href=\"http:\/\/uenf.br\/reitoria\/secacad\/pos-graduacao\/formularios-gerais\/\">Isncri\u00e7\u00e3o no Programa<\/a><\/li>\n<li><a href=\"http:\/\/uenf.br\/reitoria\/secacad\/pos-graduacao\/formularios-gerais\/\">Inscri\u00e7\u00e3o de Profici\u00eancia em L\u00edngua Estrangeira<\/a><\/li>\n<li><a href=\"http:\/\/uenf.br\/reitoria\/secacad\/pos-graduacao\/formularios-gerais\/\">Modelo de Procura\u00e7\u00e3o para Renova\u00e7\u00e3o de Matr\u00edcula<\/a><\/li>\n<\/ul>\n<h3>Bolsa UENF<\/h3>\n<ul>\n<li><a href=\"http:\/\/www.uenf.br\/Uenf\/Pages\/Reitoria\/Dga\/Grh\/?&amp;modelo=1&amp;cod_pag=8178&amp;tabela=&amp;np=GRH&amp;nc=Bolsistas+\/+Estagi%E1rios&amp;buscaEdicao=&amp;grupo=GRH&amp;p=\">Formul\u00e1rio, documenta\u00e7\u00e3o e informa\u00e7\u00f5es sobre bolsa UENF<\/a><\/li>\n<\/ul>\n<h3>Sele\u00e7\u00e3o de Alunos Especiais<\/h3>\n<ul>\n<li>Ficha de Inscri\u00e7\u00e3o<strong>: \u00a0<\/strong><a href=\"http:\/\/uenf.br\/reitoria\/secacad\/pos-graduacao\/formularios-gerais\/\">Espec\u00edfico para Alunos Especiais- Sele\u00e7\u00e3o<\/a><\/li>\n<\/ul>\n<h3>Solicita\u00e7\u00e3o de Servi\u00e7os GRC<\/h3>\n<ul>\n<li><a href=\"http:\/\/uenf.br\/posgraduacao\/engenharia-civil\/wp-content\/uploads\/sites\/3\/2015\/09\/Formul\u00e1rio-de-Solicita\u00e7\u00e3o-de-Servi\u00e7os-LECIV_5305_1208178778-C\u00f3pia.pdf\" target=\"_blank\" rel=\"noopener\">Formul\u00e1rio de Solicita\u00e7\u00e3o de Servi\u00e7os<\/a><\/li>\n<\/ul>\n<p><\/p>","protected":false},"excerpt":{"rendered":"<p>Alunos Regulares Espec\u00edficos para Alunos Regulares Requerimento de Matr\u00edcula Plano de Estudo Ficha de Exclus\u00e3o de Disciplinas Ficha de Inclus\u00e3o&#8230;<\/p>\n","protected":false},"author":8,"featured_media":0,"parent":0,"menu_order":15,"comment_status":"closed","ping_status":"closed","template":"","meta":{"footnotes":""},"class_list":["post-286","page","type-page","status-publish","hentry"],"_links":{"self":[{"href":"https:\/\/uenf.br\/posgraduacao\/engenharia-civil\/es\/wp-json\/wp\/v2\/pages\/286","targetHints":{"allow":["GET"]}}],"collection":[{"href":"https:\/\/uenf.br\/posgraduacao\/engenharia-civil\/es\/wp-json\/wp\/v2\/pages"}],"about":[{"href":"https:\/\/uenf.br\/posgraduacao\/engenharia-civil\/es\/wp-json\/wp\/v2\/types\/page"}],"author":[{"embeddable":true,"href":"https:\/\/uenf.br\/posgraduacao\/engenharia-civil\/es\/wp-json\/wp\/v2\/users\/8"}],"replies":[{"embeddable":true,"href":"https:\/\/uenf.br\/posgraduacao\/engenharia-civil\/es\/wp-json\/wp\/v2\/comments?post=286"}],"version-history":[{"count":0,"href":"https:\/\/uenf.br\/posgraduacao\/engenharia-civil\/es\/wp-json\/wp\/v2\/pages\/286\/revisions"}],"wp:attachment":[{"href":"https:\/\/uenf.br\/posgraduacao\/engenharia-civil\/es\/wp-json\/wp\/v2\/media?parent=286"}],"curies":[{"name":"wp","href":"https:\/\/api.w.org\/{rel}","templated":true}]}}