{"id":2965,"date":"2020-11-09T19:40:02","date_gmt":"2020-11-09T19:40:02","guid":{"rendered":"http:\/\/uenf.br\/posgraduacao\/engenharia-civil\/?page_id=2965"},"modified":"2026-02-08T19:05:54","modified_gmt":"2026-02-08T19:05:54","slug":"mestrado","status":"publish","type":"page","link":"https:\/\/uenf.br\/posgraduacao\/engenharia-civil\/es\/processos-seletivos\/mestrado\/","title":{"rendered":"(Portugu\u00eas do Brasil) Mestrado e Doutorado"},"content":{"rendered":"<p><\/p>\n<h2><strong>Processo seletivo para Mestrado 2022.1<\/strong><\/h2>\n<p><span style=\"color: #000080\"><strong>Resultado parcial<\/strong><\/span><\/p>\n<p><a href=\"https:\/\/uenf.br\/posgraduacao\/engenharia-civil\/wp-content\/uploads\/sites\/3\/2022\/02\/Resultado_Preliminar-1.pdf\">Resultado_Preliminar<\/a><\/p>\n<p><span style=\"color: #000080\"><strong>Inscri\u00e7\u00f5es homologadas:<\/strong><\/span><\/p>\n<ul>\n<li>Armando Nolasco Ribeiro J\u00fanior<\/li>\n<li>Carlos Erick Poma Gamarra<\/li>\n<li>Geovane Barboza de Jesus<\/li>\n<li>Lucas Machado de Souza<\/li>\n<li>Lucas Murara Francelino<\/li>\n<li>Miguel \u00c2ngelo Telles M\u00e1ximo<\/li>\n<li>Moises de Oliveira Soares<\/li>\n<li>Pamella Inacio Moreira<\/li>\n<li>Priscila Pessanha Abreu<\/li>\n<li>Rodrigo Junio de Melo Santos<\/li>\n<li>Tamires da Silva Machado Costa*<\/li>\n<li>Thaina Pereira Rangel<\/li>\n<li>Tha\u00eds Pirovane Miguel<\/li>\n<li>Thayne dos Santos Siguimaringa Sinflorio<\/li>\n<\/ul>\n<p>* Homologa\u00e7\u00e3o condicionada ao envio das cartas de recomenda\u00e7\u00e3o at\u00e9 21\/01\/2022, conforme Edital.<\/p>\n<p>&nbsp;<\/p>\n<p><a href=\"https:\/\/uenf.br\/posgraduacao\/engenharia-civil\/wp-content\/uploads\/sites\/3\/2022\/02\/Edital_UENF_PPGEC_2022_01.pdf\">Edital_UENF_PPGEC_2022_01<\/a><\/p>\n<p>&nbsp;<\/p>\n<p><strong>As inscri\u00e7\u00f5es devem ser feitas por e-mail entre 16\/11\/2021 e 14\/01\/2022.<\/strong><\/p>\n<p><strong>E-mail: ppgec@uenf.br<\/strong><\/p>\n<p>&nbsp;<\/p>\n<p>Formul\u00e1rio de inscri\u00e7\u00e3o: <a href=\"http:\/\/uenf.br\/posgraduacao\/engenharia-civil\/wp-content\/uploads\/sites\/3\/2019\/10\/FORM-01-2020-1.doc\">Download aqui<\/a><\/p>\n<p>Formul\u00e1rio Socioecon\u00f4mico:\u00a0<a href=\"http:\/\/uenf.br\/posgraduacao\/gmp\/wp-content\/uploads\/sites\/6\/2016\/10\/Formul%C3%A1rios-de-Informa%C3%A7%C3%B5es-Socioecon%C3%B4micas.pdf\">Download aqui<\/a><\/p>\n<p>Autodeclara\u00e7\u00e3o \u00c9tnico-Racial:\u00a0<a href=\"http:\/\/uenf.br\/posgraduacao\/gmp\/wp-content\/uploads\/sites\/6\/2016\/10\/Autodeclara%C3%A7%C3%A3o-%C3%89tnico-Racial.pdf\">Download aqui<\/a><\/p>\n<p>Autodeclara\u00e7\u00e3o para ind\u00edgenas:\u00a0<a href=\"http:\/\/uenf.br\/posgraduacao\/gmp\/wp-content\/uploads\/sites\/6\/2016\/10\/Autodeclara%C3%A7%C3%A3o-Ind%C3%ADgenas.pdf\">Download aqui<\/a><\/p>\n<p>Carta de Recomenda\u00e7\u00e3o: <a href=\"https:\/\/uenf.br\/posgraduacao\/engenharia-civil\/wp-content\/uploads\/sites\/3\/2021\/12\/Download-aqui.pdf\">Download aqui<\/a><\/p>\n<p>Formul\u00e1rio para recursos: <a href=\"http:\/\/uenf.br\/posgraduacao\/engenharia-civil\/wp-content\/uploads\/sites\/3\/2019\/10\/Formul\u00e1rio-de-Recurso.pdf\">Download Aqui<\/a><\/p>\n<p>&nbsp;<\/p>\n<p>&nbsp;<\/p>","protected":false},"excerpt":{"rendered":"<p>Processo seletivo para Mestrado 2022.1 Resultado parcial Resultado_Preliminar Inscri\u00e7\u00f5es homologadas: Armando Nolasco Ribeiro J\u00fanior Carlos Erick Poma Gamarra Geovane Barboza&#8230;<\/p>\n","protected":false},"author":7,"featured_media":0,"parent":2180,"menu_order":0,"comment_status":"closed","ping_status":"closed","template":"","meta":{"footnotes":""},"class_list":["post-2965","page","type-page","status-publish","hentry"],"_links":{"self":[{"href":"https:\/\/uenf.br\/posgraduacao\/engenharia-civil\/es\/wp-json\/wp\/v2\/pages\/2965","targetHints":{"allow":["GET"]}}],"collection":[{"href":"https:\/\/uenf.br\/posgraduacao\/engenharia-civil\/es\/wp-json\/wp\/v2\/pages"}],"about":[{"href":"https:\/\/uenf.br\/posgraduacao\/engenharia-civil\/es\/wp-json\/wp\/v2\/types\/page"}],"author":[{"embeddable":true,"href":"https:\/\/uenf.br\/posgraduacao\/engenharia-civil\/es\/wp-json\/wp\/v2\/users\/7"}],"replies":[{"embeddable":true,"href":"https:\/\/uenf.br\/posgraduacao\/engenharia-civil\/es\/wp-json\/wp\/v2\/comments?post=2965"}],"version-history":[{"count":0,"href":"https:\/\/uenf.br\/posgraduacao\/engenharia-civil\/es\/wp-json\/wp\/v2\/pages\/2965\/revisions"}],"up":[{"embeddable":true,"href":"https:\/\/uenf.br\/posgraduacao\/engenharia-civil\/es\/wp-json\/wp\/v2\/pages\/2180"}],"wp:attachment":[{"href":"https:\/\/uenf.br\/posgraduacao\/engenharia-civil\/es\/wp-json\/wp\/v2\/media?parent=2965"}],"curies":[{"name":"wp","href":"https:\/\/api.w.org\/{rel}","templated":true}]}}