{"id":488,"date":"2015-09-04T19:26:24","date_gmt":"2015-09-04T19:26:24","guid":{"rendered":"http:\/\/uenf.br\/posgraduacao\/engenharia-civil\/?page_id=488"},"modified":"2020-10-27T01:17:33","modified_gmt":"2020-10-27T01:17:33","slug":"egc","status":"publish","type":"page","link":"https:\/\/uenf.br\/posgraduacao\/engenharia-civil\/es\/oficinas-de-ensino-e-pesquisa\/egc\/","title":{"rendered":"Oficina de Cer\u00e2mica"},"content":{"rendered":"<p>O Setor de estruturas \u00e9 devidamente equipado para as realiza\u00e7\u00f5es de ensaios diversos na \u00e1rea de cer\u00e2mica, bem como:<\/p>\n<ul>\n<li><em>Mini extrusora de laborat\u00f3rio; <\/em><\/li>\n<li><em>Moinho de bolas; <\/em><\/li>\n<li><em>Laminador; <\/em><\/li>\n<li><em>Triturador; <\/em><\/li>\n<li><em>Fornos diversos; <\/em><\/li>\n<li><em>Estufa; <\/em><\/li>\n<li><em>Balan\u00e7as graduadas; <\/em><\/li>\n<li><em>Balan\u00e7a hidrost\u00e1tica; <\/em><\/li>\n<li><em>Prensa automatizada.<br \/>\n<\/em><br \/>\nE ainda realiza os seguintes ensaios:<\/li>\n<\/ul>\n<ul>\n<li><em>Prepara\u00e7\u00e3o de massa para extrus\u00e3o de corpos de prova prism\u00e1tico e maquetes de telhas e tijolos;<\/em><\/li>\n<li><em>Determina\u00e7\u00e3o das Varia\u00e7\u00f5es das Dimens\u00f5es Lineares ou Retra\u00e7\u00e3o Linear; <\/em><\/li>\n<li><em>Determina\u00e7\u00e3o da Absor\u00e7\u00e3o de \u00c1gua Aparente; <\/em><\/li>\n<li><em>Determina\u00e7\u00e3o da Porosidade Aparente; <\/em><\/li>\n<li><em>Determina\u00e7\u00e3o da Massa Espec\u00edfica Aparente; <\/em><\/li>\n<li><em>Determina\u00e7\u00e3o da Tens\u00e3o de Ruptura \u00e1 Flex\u00e3o. <\/em><\/li>\n<\/ul>\n<p><\/p>","protected":false},"excerpt":{"rendered":"<p>O Setor de estruturas \u00e9 devidamente equipado para as realiza\u00e7\u00f5es de ensaios diversos na \u00e1rea de cer\u00e2mica, bem como: Mini&#8230;<\/p>\n","protected":false},"author":8,"featured_media":0,"parent":211,"menu_order":1,"comment_status":"closed","ping_status":"closed","template":"","meta":{"footnotes":""},"class_list":["post-488","page","type-page","status-publish","hentry"],"_links":{"self":[{"href":"https:\/\/uenf.br\/posgraduacao\/engenharia-civil\/es\/wp-json\/wp\/v2\/pages\/488","targetHints":{"allow":["GET"]}}],"collection":[{"href":"https:\/\/uenf.br\/posgraduacao\/engenharia-civil\/es\/wp-json\/wp\/v2\/pages"}],"about":[{"href":"https:\/\/uenf.br\/posgraduacao\/engenharia-civil\/es\/wp-json\/wp\/v2\/types\/page"}],"author":[{"embeddable":true,"href":"https:\/\/uenf.br\/posgraduacao\/engenharia-civil\/es\/wp-json\/wp\/v2\/users\/8"}],"replies":[{"embeddable":true,"href":"https:\/\/uenf.br\/posgraduacao\/engenharia-civil\/es\/wp-json\/wp\/v2\/comments?post=488"}],"version-history":[{"count":0,"href":"https:\/\/uenf.br\/posgraduacao\/engenharia-civil\/es\/wp-json\/wp\/v2\/pages\/488\/revisions"}],"up":[{"embeddable":true,"href":"https:\/\/uenf.br\/posgraduacao\/engenharia-civil\/es\/wp-json\/wp\/v2\/pages\/211"}],"wp:attachment":[{"href":"https:\/\/uenf.br\/posgraduacao\/engenharia-civil\/es\/wp-json\/wp\/v2\/media?parent=488"}],"curies":[{"name":"wp","href":"https:\/\/api.w.org\/{rel}","templated":true}]}}