{"id":492,"date":"2015-09-04T19:32:07","date_gmt":"2015-09-04T19:32:07","guid":{"rendered":"http:\/\/uenf.br\/posgraduacao\/engenharia-civil\/?page_id=492"},"modified":"2020-10-27T01:19:58","modified_gmt":"2020-10-27T01:19:58","slug":"msesp","status":"publish","type":"page","link":"https:\/\/uenf.br\/posgraduacao\/engenharia-civil\/es\/oficinas-de-ensino-e-pesquisa\/msesp\/","title":{"rendered":"Oficina de Degrada\u00e7\u00e3o"},"content":{"rendered":"<p><\/p>\n<ul>\n<li style=\"text-align: justify\">A Oficina de Degrada\u00e7\u00e3o localizado no espa\u00e7o f\u00edsico do Laborat\u00f3rio de Engenharia Civil (LECIV) da UENF \u00e9 um importante centro de pesquisa para avalia\u00e7\u00e3o do comportamento de durabilidade e alterabilidade dos materiais empregados na Engenharia Civil a longo prazo.<br \/>\nA Oficina de Degrada\u00e7\u00e3o \u00e9 uma realiza\u00e7\u00e3o do trabalho conjunto entre as Engenharias Civil e de Materiais da UENF o que vem permitindo tanto uma maior aproxima\u00e7\u00e3o f\u00edsica destas duas engenharias quanto das v\u00e1rias interfaces que seus respectivos colaboradores apresentam em comum. Atualmente, a Oficina de Degrada\u00e7\u00e3o \u00e9 coordenada pelos Professores Paulo Maia do LECIV e Ronaldo Paranhos do LAMAV. As principais pesquisas desenvolvidas envolvem a pesquisa da durabilidade de materiais geot\u00e9cnicos, comp\u00f3sitos e met\u00e1licos, podendo-se citar: rochas ornamentais, materiais de erocamento, produtos geossint\u00e9ticos, materiais cer\u00e2micos, argamassas aditivadas, soldas, dentre outros.<\/li>\n<li style=\"text-align: justify\">Esta Oficina possui uma \u00e1rea externa dedicada para ensaios de campo e um laborat\u00f3rio toda infra-estrutura necess\u00e1ria dedicado para procedimentos especiais de degrada\u00e7\u00e3o que permitem a acelera\u00e7\u00e3o controlada da degrada\u00e7\u00e3o dos materiais. Os procedimentos de degrada\u00e7\u00e3o empregados nesta oficina de pesquisa e ensino s\u00e3o:<\/li>\n<\/ul>\n<ul>\n<li style=\"text-align: justify\"><em>por exposi\u00e7\u00e3o Natural no Campo:<\/em> o procedimento de avalia\u00e7\u00e3o da durabilidade dos materiais aos agentes intemp\u00e9ricos \u00e9 feito atrav\u00e9s da exposi\u00e7\u00e3o das amostras ao ar livre para que recebam incid\u00eancia de luz solar e de varia\u00e7\u00f5es clim\u00e1ticas, como chuvas, ventos, mudan\u00e7as de temperatura e outros agentes de degrada\u00e7\u00e3o do meio ambiente ex\u00f3geno. Este procedimento \u00e9 feito em uma \u00e1rea externa dentro do Campus da UENF e com acesso restrito de pessoal. Todos os dados climatol\u00f3gicos s\u00e3o coletados em est\u00e3o localizada no pr\u00f3prio Campus.<\/li>\n<\/ul>\n<ul>\n<li style=\"text-align: justify\"><em>por lixivia\u00e7\u00e3o cont\u00ednua:<\/em> o ensaio de lixivia\u00e7\u00e3o cont\u00ednua simula a condi\u00e7\u00e3o de altera\u00e7\u00e3o provocada pelo processo de carreamento dos elementos constituintes dos materiais. O equipamento mais utilizado para ensaios de lixivia\u00e7\u00e3o cont\u00ednua \u00e9 o extrator Soxhlet. O equipamento Soxhlet permite submeter amostras de pequenos volumes a per\u00edodos controlados de varia\u00e7\u00e3o de temperatura, de precipita\u00e7\u00e3o e de flutua\u00e7\u00e3o do n\u00edvel da solu\u00e7\u00e3o de lixivia\u00e7\u00e3o.<\/li>\n<li style=\"text-align: justify\"><em>por Ciclagem de Umedecimento e Secagem (ciclagem de umidade):<\/em> O ensaio de umedecimento e secagem simula a condi\u00e7\u00e3o de altera\u00e7\u00e3o provocada pelas varia\u00e7\u00f5es sazonais de umidade e temperatura no campo. Existem algumas varia\u00e7\u00f5es do ensaio de ciclagem por Umedecimento e Secagem com rela\u00e7\u00e3o \u00e0 solu\u00e7\u00e3o que \u00e9 utilizada para imers\u00e3o dos materiais, pode-se citar os ensaios de ciclagem por:\n<ul>\n<li>Umedecimento em \u00e1gua e secagem em estufa;<\/li>\n<li>Umedecimento em etilenoglicol e secagem em estufa;<\/li>\n<li>Umedecimento em sulfato de s\u00f3dio ou magn\u00e9sio e secagem em estufa.<\/li>\n<\/ul>\n<\/li>\n<li style=\"text-align: justify\"><em>por ciclos de Condensa\u00e7\u00e3o e de Radia\u00e7\u00e3o Ultravioleta B:<\/em> o ensaio de condensa\u00e7\u00e3o e radia\u00e7\u00e3o ultravioleta simula a condi\u00e7\u00e3o de altera\u00e7\u00e3o provocada pela exposi\u00e7\u00e3o do material a raios solares e varia\u00e7\u00f5es sazonais de umidade. No ensaio, as amostras s\u00e3o submetidas a ciclos de condensa\u00e7\u00e3o e de exposi\u00e7\u00e3o \u00e0 radia\u00e7\u00e3o ultravioleta, ambos sob temperatura controlada.<\/li>\n<\/ul>\n<ul>\n<li style=\"text-align: justify\"><em>por termo-oxida\u00e7\u00e3o:<\/em> A degrada\u00e7\u00e3o de materiais em estufa \u00e9 feita para avaliar a resist\u00eancia \u00e0 oxida\u00e7\u00e3o dos materiais, particularmente os geossint\u00e9ticos. No ensaio, as amostras s\u00e3o inseridas em estufa a temperatura e tempo pr\u00e9-definidos e avalia-se as mudan\u00e7as de comportamento. Durante o ensaio, s\u00e3o monitoradas as caracter\u00edsticas f\u00edsicas do material, como varia\u00e7\u00e3o de cor e brilho, al\u00e9m da gramatura do material.<\/li>\n<li style=\"text-align: justify\"><em>por Ensaio de Exposi\u00e7\u00e3o \u00e0 N\u00e9voa Salina:<\/em> O ensaio de exposi\u00e7\u00e3o \u00e0 n\u00e9voa salina consiste da exposi\u00e7\u00e3o de corpos-de-prova em c\u00e2mara salt spray. O ensaio \u00e9 feito com controle de temperatura, press\u00e3o de ar e constitui\u00e7\u00e3o e pH da solu\u00e7\u00e3o de ensaio.<\/li>\n<\/ul>\n<p><\/p>","protected":false},"excerpt":{"rendered":"<p>A Oficina de Degrada\u00e7\u00e3o localizado no espa\u00e7o f\u00edsico do Laborat\u00f3rio de Engenharia Civil (LECIV) da UENF \u00e9 um importante centro&#8230;<\/p>\n","protected":false},"author":8,"featured_media":0,"parent":211,"menu_order":1,"comment_status":"closed","ping_status":"closed","template":"","meta":{"footnotes":""},"class_list":["post-492","page","type-page","status-publish","hentry"],"_links":{"self":[{"href":"https:\/\/uenf.br\/posgraduacao\/engenharia-civil\/es\/wp-json\/wp\/v2\/pages\/492","targetHints":{"allow":["GET"]}}],"collection":[{"href":"https:\/\/uenf.br\/posgraduacao\/engenharia-civil\/es\/wp-json\/wp\/v2\/pages"}],"about":[{"href":"https:\/\/uenf.br\/posgraduacao\/engenharia-civil\/es\/wp-json\/wp\/v2\/types\/page"}],"author":[{"embeddable":true,"href":"https:\/\/uenf.br\/posgraduacao\/engenharia-civil\/es\/wp-json\/wp\/v2\/users\/8"}],"replies":[{"embeddable":true,"href":"https:\/\/uenf.br\/posgraduacao\/engenharia-civil\/es\/wp-json\/wp\/v2\/comments?post=492"}],"version-history":[{"count":0,"href":"https:\/\/uenf.br\/posgraduacao\/engenharia-civil\/es\/wp-json\/wp\/v2\/pages\/492\/revisions"}],"up":[{"embeddable":true,"href":"https:\/\/uenf.br\/posgraduacao\/engenharia-civil\/es\/wp-json\/wp\/v2\/pages\/211"}],"wp:attachment":[{"href":"https:\/\/uenf.br\/posgraduacao\/engenharia-civil\/es\/wp-json\/wp\/v2\/media?parent=492"}],"curies":[{"name":"wp","href":"https:\/\/api.w.org\/{rel}","templated":true}]}}