{"id":496,"date":"2015-09-04T19:36:53","date_gmt":"2015-09-04T19:36:53","guid":{"rendered":"http:\/\/uenf.br\/posgraduacao\/engenharia-civil\/?page_id=496"},"modified":"2020-10-27T01:22:58","modified_gmt":"2020-10-27T01:22:58","slug":"estruturas","status":"publish","type":"page","link":"https:\/\/uenf.br\/posgraduacao\/engenharia-civil\/es\/oficinas-de-ensino-e-pesquisa\/estruturas\/","title":{"rendered":"Oficina de Ensaios de Caracteriza\u00e7\u00e3o"},"content":{"rendered":"<p><div id=\"attachment_497\" style=\"width: 393px\" class=\"wp-caption alignright\"><a href=\"https:\/\/uenf.br\/posgraduacao\/engenharia-civil\/wp-content\/uploads\/sites\/3\/2015\/09\/Oficina-de-Ensaios-de-Caracteriza\u00e7\u00e3o-LECIV_7364_1258461993.jpg\"><img loading=\"lazy\" decoding=\"async\" aria-describedby=\"caption-attachment-497\" class=\" wp-image-497\" src=\"https:\/\/uenf.br\/posgraduacao\/engenharia-civil\/wp-content\/uploads\/sites\/3\/2015\/09\/Oficina-de-Ensaios-de-Caracteriza\u00e7\u00e3o-LECIV_7364_1258461993.jpg\" alt=\"Oficina de Ensaios de Caracteriza\u00e7\u00e3o\" width=\"383\" height=\"287\" \/><\/a><p id=\"caption-attachment-497\" class=\"wp-caption-text\">Oficina de Ensaios de Caracteriza\u00e7\u00e3o<\/p><\/div><\/p>\n<p style=\"text-align: justify\">As oficinas de caracteriza\u00e7\u00e3o v\u00eam desenvolvendo estudos geot\u00e9cnicos desde 1994, e \u00e9 composta de equipamentos devidamente capacitados para as realiza\u00e7\u00f5es dos seguintes ensaios:<\/p>\n<ul>\n<li><em>Ensaio de An\u00e1lise Granulom\u00e9trica, por Peneiramento e Sedimenta\u00e7\u00e3o;\u00a0<\/em><\/li>\n<li><em>Determina\u00e7\u00e3o do Limite de Liquidez;\u00a0<\/em><\/li>\n<li><em>Determina\u00e7\u00e3o do Limite de Plasticidade;\u00a0<\/em><\/li>\n<li><em>Determina\u00e7\u00e3o do Limite de Contra\u00e7\u00e3o;\u00a0<\/em><\/li>\n<li><em>Determina\u00e7\u00e3o da Densidade Real dos Gr\u00e3os;\u00a0<\/em><\/li>\n<li><em>Ensaio de Compacta\u00e7\u00e3o nas Energias do Proctor Normal, Intermedi\u00e1rio e Modificado.<\/em><\/li>\n<\/ul>\n<p style=\"text-align: justify\">\u00c9 composto ainda de prensa para prepara\u00e7\u00e3o de corpos de prova cer\u00e2micos, estufas, balan\u00e7a anal\u00edtica e aparelhos diversos.<\/p>\n<p><\/p>","protected":false},"excerpt":{"rendered":"<p>As oficinas de caracteriza\u00e7\u00e3o v\u00eam desenvolvendo estudos geot\u00e9cnicos desde 1994, e \u00e9 composta de equipamentos devidamente capacitados para as realiza\u00e7\u00f5es&#8230;<\/p>\n","protected":false},"author":8,"featured_media":0,"parent":211,"menu_order":1,"comment_status":"closed","ping_status":"closed","template":"","meta":{"footnotes":""},"class_list":["post-496","page","type-page","status-publish","hentry"],"_links":{"self":[{"href":"https:\/\/uenf.br\/posgraduacao\/engenharia-civil\/es\/wp-json\/wp\/v2\/pages\/496","targetHints":{"allow":["GET"]}}],"collection":[{"href":"https:\/\/uenf.br\/posgraduacao\/engenharia-civil\/es\/wp-json\/wp\/v2\/pages"}],"about":[{"href":"https:\/\/uenf.br\/posgraduacao\/engenharia-civil\/es\/wp-json\/wp\/v2\/types\/page"}],"author":[{"embeddable":true,"href":"https:\/\/uenf.br\/posgraduacao\/engenharia-civil\/es\/wp-json\/wp\/v2\/users\/8"}],"replies":[{"embeddable":true,"href":"https:\/\/uenf.br\/posgraduacao\/engenharia-civil\/es\/wp-json\/wp\/v2\/comments?post=496"}],"version-history":[{"count":0,"href":"https:\/\/uenf.br\/posgraduacao\/engenharia-civil\/es\/wp-json\/wp\/v2\/pages\/496\/revisions"}],"up":[{"embeddable":true,"href":"https:\/\/uenf.br\/posgraduacao\/engenharia-civil\/es\/wp-json\/wp\/v2\/pages\/211"}],"wp:attachment":[{"href":"https:\/\/uenf.br\/posgraduacao\/engenharia-civil\/es\/wp-json\/wp\/v2\/media?parent=496"}],"curies":[{"name":"wp","href":"https:\/\/api.w.org\/{rel}","templated":true}]}}