{"id":502,"date":"2015-09-04T19:39:53","date_gmt":"2015-09-04T19:39:53","guid":{"rendered":"http:\/\/uenf.br\/posgraduacao\/engenharia-civil\/?page_id=502"},"modified":"2020-10-27T01:29:14","modified_gmt":"2020-10-27T01:29:14","slug":"ms","status":"publish","type":"page","link":"https:\/\/uenf.br\/posgraduacao\/engenharia-civil\/es\/oficinas-de-ensino-e-pesquisa\/ms\/","title":{"rendered":"Oficina de Geotecnia"},"content":{"rendered":"<p>O Setor de Geotecnia consiste nas realiza\u00e7\u00f5es de ensaios f\u00edsicos na \u00e1rea de cer\u00e2mica, bem como:<\/p>\n<ul>\n<li><em>Determina\u00e7\u00e3o das Varia\u00e7\u00f5es das Dimens\u00f5es Lineares ou Retra\u00e7\u00e3o Linear;<\/em><\/li>\n<li><em>Determina\u00e7\u00e3o da Absor\u00e7\u00e3o de \u00c1gua Aparente;<\/em><\/li>\n<li><em>Determina\u00e7\u00e3o da Porosidade Aparente<strong>;<\/strong><\/em><\/li>\n<li><em>Determina\u00e7\u00e3o da Massa Espec\u00edfica Aparente;<\/em><\/li>\n<li><em>Determina\u00e7\u00e3o da Tens\u00e3o de Ruptura \u00e1 Frex\u00e3o.<\/em><\/li>\n<\/ul>\n<p><\/p>","protected":false},"excerpt":{"rendered":"<p>O Setor de Geotecnia consiste nas realiza\u00e7\u00f5es de ensaios f\u00edsicos na \u00e1rea de cer\u00e2mica, bem como: Determina\u00e7\u00e3o das Varia\u00e7\u00f5es das&#8230;<\/p>\n","protected":false},"author":8,"featured_media":0,"parent":211,"menu_order":1,"comment_status":"closed","ping_status":"closed","template":"","meta":{"footnotes":""},"class_list":["post-502","page","type-page","status-publish","hentry"],"_links":{"self":[{"href":"https:\/\/uenf.br\/posgraduacao\/engenharia-civil\/es\/wp-json\/wp\/v2\/pages\/502","targetHints":{"allow":["GET"]}}],"collection":[{"href":"https:\/\/uenf.br\/posgraduacao\/engenharia-civil\/es\/wp-json\/wp\/v2\/pages"}],"about":[{"href":"https:\/\/uenf.br\/posgraduacao\/engenharia-civil\/es\/wp-json\/wp\/v2\/types\/page"}],"author":[{"embeddable":true,"href":"https:\/\/uenf.br\/posgraduacao\/engenharia-civil\/es\/wp-json\/wp\/v2\/users\/8"}],"replies":[{"embeddable":true,"href":"https:\/\/uenf.br\/posgraduacao\/engenharia-civil\/es\/wp-json\/wp\/v2\/comments?post=502"}],"version-history":[{"count":0,"href":"https:\/\/uenf.br\/posgraduacao\/engenharia-civil\/es\/wp-json\/wp\/v2\/pages\/502\/revisions"}],"up":[{"embeddable":true,"href":"https:\/\/uenf.br\/posgraduacao\/engenharia-civil\/es\/wp-json\/wp\/v2\/pages\/211"}],"wp:attachment":[{"href":"https:\/\/uenf.br\/posgraduacao\/engenharia-civil\/es\/wp-json\/wp\/v2\/media?parent=502"}],"curies":[{"name":"wp","href":"https:\/\/api.w.org\/{rel}","templated":true}]}}