{"id":574,"date":"2015-09-04T20:30:39","date_gmt":"2015-09-04T20:30:39","guid":{"rendered":"http:\/\/uenf.br\/posgraduacao\/engenharia-civil\/?page_id=574"},"modified":"2017-01-16T17:41:54","modified_gmt":"2017-01-16T17:41:54","slug":"dissertacoes-de-mestrado-2003","status":"publish","type":"page","link":"https:\/\/uenf.br\/posgraduacao\/engenharia-civil\/es\/teses-e-dissertacoes\/dissertacoes-de-mestrado-2003\/","title":{"rendered":"Disserta\u00e7\u00f5es de Mestrado 2003"},"content":{"rendered":"<p>&nbsp;<\/p>\n<form>\n<fieldset>\n<legend>SIMUL\u00c7\u00c3O COMPUTACIONAL EM CONCRETO REFOR\u00c7ADO COM FIBRAS DE A\u00c7O<\/legend>\n<p style=\"text-align: left\"><strong>Autor: <\/strong>ADRIANO C\u00c9SAR MAGALH\u00c3ES MONTEIRO<br \/>\n<strong>Orientador:<\/strong> V\u00e2nia Jos\u00e9 Karam<br \/>\n<strong>\u00c1rea de Concentra\u00e7\u00e3o:<\/strong> Estruturas<br \/>\n<strong>Situa\u00e7\u00e3o:<\/strong> Conclu\u00edda \u2013 JUNHO\/2003<br \/>\n<strong><a href=\"http:\/\/uenf.br\/posgraduacao\/engenharia-civil\/dissertacoes-de-mestrado\/dissertacoes-de-mestrado-2003\/dissertacoes-de-mestrado-2003-adriano-cesar-magalhaes-monteiro\/\" target=\"_blank\">Veja mais.<\/a><\/strong><\/p>\n<\/fieldset>\n<\/form>\n<p>&nbsp;<\/p>\n<form>\n<fieldset>\n<legend>AN\u00c1LISE DE CONFIABILIDADE NA CRAVA\u00c7\u00c3O DE ESTACAS DE CONCRETO PR\u00c9-MOLDADO<\/legend>\n<p style=\"text-align: left\"><strong>Autor: <\/strong>EDIO SOARES PEREIRA J\u00daNIOR<br \/>\n<strong>Orientador:<\/strong> Prof. Fernando Saboya Albuquerque J\u00fanior<br \/>\n<strong>\u00c1rea de Concentra\u00e7\u00e3o:<\/strong> Geotecnia<br \/>\n<strong>Situa\u00e7\u00e3o:<\/strong> Conclu\u00edda \u2013 SETEMBRO\/2003<br \/>\n<strong><a href=\"http:\/\/uenf.br\/posgraduacao\/engenharia-civil\/dissertacoes-de-mestrado-2003-edio-soares-pereira-junior\/\" target=\"_blank\">Veja mais.<\/a><\/strong><\/p>\n<\/fieldset>\n<\/form>\n<p>&nbsp;<\/p>\n<form>\n<fieldset>\n<legend>AN\u00c1LISE DOS EFEITOS EXISTENTES NAS PROXIMIDADES DOS BORDOS DE PLACAS SUBMETIDAS \u00c0 FLEX\u00c3O UTILIZANDO ELEMENTOS DE CONTORNO<\/legend>\n<p style=\"text-align: left\"><strong>Autor: <\/strong>RICARDO SCHWAN MOREIRA<br \/>\n<strong>Orientador:<\/strong> Prof. Jean Marie D\u00e9sir<br \/>\n<strong>\u00c1rea de Concentra\u00e7\u00e3o:<\/strong> Estruturas<br \/>\n<strong>Situa\u00e7\u00e3o:<\/strong> Conclu\u00edda \u2013 DEZEMBRO\/2003<br \/>\n<strong><a href=\"http:\/\/uenf.br\/posgraduacao\/engenharia-civil\/dissertacoes-de-mestrado-2003\/\" target=\"_blank\">Veja mais.<\/a><\/strong><\/p>\n<\/fieldset>\n<\/form>\n<p>&nbsp;<\/p>\n<form>\n<fieldset>\n<legend>ESTUDOS NUM\u00c9RICOS DE DUTOS ENTERRADOS<\/legend>\n<p style=\"text-align: left\"><strong>Autor: <\/strong>TALLES MOURA MENDON\u00c7A<br \/>\n<strong>Orientador:\u00a0<\/strong>Prof. Aldo Durand Farf\u00e1n<br \/>\n<strong>\u00c1rea de Concentra\u00e7\u00e3o:<\/strong> Geotecnia<br \/>\n<strong>Situa\u00e7\u00e3o:<\/strong> Conclu\u00edda \u2013 JUNHO\/2003<br \/>\n<strong><a href=\"http:\/\/uenf.br\/posgraduacao\/engenharia-civil\/dissertacoes-de-mestrado-2013-talles-moura-mendonca\/\" target=\"_blank\">Veja mais.<\/a><\/strong><\/p>\n<\/fieldset>\n<\/form>\n<p>&nbsp;<\/p>\n<p><strong>Disserta\u00e7\u00f5es<\/strong><\/p>\n<p><a href=\"http:\/\/uenf.br\/posgraduacao\/engenharia-civil\/dissertacoes-de-mestrado\/dissertacoes-de-metrado-2015\/\">2015 <\/a>&#8211; <a href=\"http:\/\/uenf.br\/posgraduacao\/engenharia-civil\/dissertacoes-de-mestrado\/dissertacoes-de-mestrado-2014\/\">2014 <\/a>&#8211; <a href=\"http:\/\/uenf.br\/posgraduacao\/engenharia-civil\/dissertacoes-de-mestrado\/dissertacoes-de-mestrado-2013\/\">2013 <\/a>&#8211; <a href=\"http:\/\/uenf.br\/posgraduacao\/engenharia-civil\/dissertacoes-de-mestrado\/dissertacoes-de-mestrado-2012\/\">2012 <\/a>&#8211; <a href=\"http:\/\/uenf.br\/posgraduacao\/engenharia-civil\/dissertacoes-de-mestrado\/dissertacoes-de-mestrado-2011\/\">2011<\/a> &#8211; <a href=\"http:\/\/uenf.br\/posgraduacao\/engenharia-civil\/dissertacoes-de-mestrado\/dissertacoes-de-mestrado-2010\/\">2010 <\/a>&#8211; <a href=\"http:\/\/uenf.br\/posgraduacao\/engenharia-civil\/dissertacoes-de-mestrado\/dissertacoes-de-mestrado-2009\/\">2009 <\/a>&#8211; <a href=\"http:\/\/uenf.br\/posgraduacao\/engenharia-civil\/dissertacoes-de-mestrado\/dissertacoes-de-mestrado-2008\/\">2008 <\/a>&#8211; <a href=\"http:\/\/uenf.br\/posgraduacao\/engenharia-civil\/dissertacoes-de-mestrado\/dissertacoes-de-mestrado-2007\/\">2007 <\/a>&#8211; <a href=\"http:\/\/uenf.br\/posgraduacao\/engenharia-civil\/dissertacoes-de-mestrado\/dissertacoes-de-mestrado-2006\/\" target=\"_blank\">2006 <\/a>&#8211; <a href=\"http:\/\/uenf.br\/posgraduacao\/engenharia-civil\/dissertacoes-de-mestrado\/dissertacoes-de-mestrado-2005\/\">2005<\/a> &#8211; <a href=\"http:\/\/uenf.br\/posgraduacao\/engenharia-civil\/dissertacoes-de-mestrado\/dissertacoes-de-mestrado-2004\/\">2004\u00a0<\/a>&#8211; <a href=\"http:\/\/uenf.br\/posgraduacao\/engenharia-civil\/dissertacoes-de-mestrado\/dissertacoes-de-mestrado-2003\/\">2003<\/a><\/p>","protected":false},"excerpt":{"rendered":"<p>&nbsp; SIMUL\u00c7\u00c3O COMPUTACIONAL EM CONCRETO REFOR\u00c7ADO COM FIBRAS DE A\u00c7O Autor: ADRIANO C\u00c9SAR MAGALH\u00c3ES MONTEIRO Orientador: V\u00e2nia Jos\u00e9 Karam \u00c1rea&#8230;<\/p>\n","protected":false},"author":8,"featured_media":0,"parent":411,"menu_order":1,"comment_status":"closed","ping_status":"closed","template":"","meta":{"footnotes":""},"class_list":["post-574","page","type-page","status-publish","hentry"],"_links":{"self":[{"href":"https:\/\/uenf.br\/posgraduacao\/engenharia-civil\/es\/wp-json\/wp\/v2\/pages\/574","targetHints":{"allow":["GET"]}}],"collection":[{"href":"https:\/\/uenf.br\/posgraduacao\/engenharia-civil\/es\/wp-json\/wp\/v2\/pages"}],"about":[{"href":"https:\/\/uenf.br\/posgraduacao\/engenharia-civil\/es\/wp-json\/wp\/v2\/types\/page"}],"author":[{"embeddable":true,"href":"https:\/\/uenf.br\/posgraduacao\/engenharia-civil\/es\/wp-json\/wp\/v2\/users\/8"}],"replies":[{"embeddable":true,"href":"https:\/\/uenf.br\/posgraduacao\/engenharia-civil\/es\/wp-json\/wp\/v2\/comments?post=574"}],"version-history":[{"count":0,"href":"https:\/\/uenf.br\/posgraduacao\/engenharia-civil\/es\/wp-json\/wp\/v2\/pages\/574\/revisions"}],"up":[{"embeddable":true,"href":"https:\/\/uenf.br\/posgraduacao\/engenharia-civil\/es\/wp-json\/wp\/v2\/pages\/411"}],"wp:attachment":[{"href":"https:\/\/uenf.br\/posgraduacao\/engenharia-civil\/es\/wp-json\/wp\/v2\/media?parent=574"}],"curies":[{"name":"wp","href":"https:\/\/api.w.org\/{rel}","templated":true}]}}