{"id":76,"date":"2015-09-03T23:27:38","date_gmt":"2015-09-03T23:27:38","guid":{"rendered":"http:\/\/uenf.br\/posgraduacao\/engenharia-civil\/?page_id=76"},"modified":"2025-02-12T13:49:16","modified_gmt":"2025-02-12T13:49:16","slug":"cursos","status":"publish","type":"page","link":"https:\/\/uenf.br\/posgraduacao\/engenharia-civil\/es\/cursos\/","title":{"rendered":"Curso"},"content":{"rendered":"<p>&nbsp;<\/p>\n<ul>\n<li><strong>Maestr\u00eda y Doctorado en Ingenier\u00eda Civil &#8211; C\u00f3digo: 31033016012P4<\/strong><strong>Inicio:<\/strong> Maestr\u00eda Acad\u00e9mica 17\/05\/1994 (recomendado en 2003 por CAPES)<br \/>\n<strong>T\u00edtulo:<\/strong> Maestr\u00eda en Ingenier\u00eda Civil (<strong>M.Sc.<\/strong>)<\/p>\n<p><strong>Inicio:<\/strong> Doctorado Acad\u00e9mico 09\/02\/2024<br \/>\n<strong>T\u00edtulo:<\/strong> Doctor en Ingenier\u00eda Civil (<strong>D.Sc.<\/strong>)<\/p>\n<p><strong>Evaluaci\u00f3n Capes:<\/strong> Maestr\u00eda y Doctorado Concepto Acad\u00e9mico: 4<br \/>\n<strong>\u00c1rea de Evaluaci\u00f3n de Capes:<\/strong> Ingenier\u00eda I<\/p>\n<p><strong>\u00c1reas de Concentraci\u00f3n:<\/strong> Estructuras y Geotecnia<br \/>\n<strong>N\u00famero de Cr\u00e9ditos Obligatorios del M\u00e1ster:<\/strong> 25<br \/>\n<strong>N\u00famero de Cr\u00e9ditos Obligatorios para el Doctorado:<\/strong> 35<\/li>\n<\/ul>\n<p><\/p>","protected":false},"excerpt":{"rendered":"<p>&nbsp; Maestr\u00eda y Doctorado en Ingenier\u00eda Civil &#8211; C\u00f3digo: 31033016012P4Inicio: Maestr\u00eda Acad\u00e9mica 17\/05\/1994 (recomendado en 2003 por CAPES) T\u00edtulo: Maestr\u00eda&#8230;<\/p>\n","protected":false},"author":8,"featured_media":0,"parent":0,"menu_order":1,"comment_status":"closed","ping_status":"closed","template":"","meta":{"footnotes":""},"class_list":["post-76","page","type-page","status-publish","hentry"],"_links":{"self":[{"href":"https:\/\/uenf.br\/posgraduacao\/engenharia-civil\/es\/wp-json\/wp\/v2\/pages\/76","targetHints":{"allow":["GET"]}}],"collection":[{"href":"https:\/\/uenf.br\/posgraduacao\/engenharia-civil\/es\/wp-json\/wp\/v2\/pages"}],"about":[{"href":"https:\/\/uenf.br\/posgraduacao\/engenharia-civil\/es\/wp-json\/wp\/v2\/types\/page"}],"author":[{"embeddable":true,"href":"https:\/\/uenf.br\/posgraduacao\/engenharia-civil\/es\/wp-json\/wp\/v2\/users\/8"}],"replies":[{"embeddable":true,"href":"https:\/\/uenf.br\/posgraduacao\/engenharia-civil\/es\/wp-json\/wp\/v2\/comments?post=76"}],"version-history":[{"count":0,"href":"https:\/\/uenf.br\/posgraduacao\/engenharia-civil\/es\/wp-json\/wp\/v2\/pages\/76\/revisions"}],"wp:attachment":[{"href":"https:\/\/uenf.br\/posgraduacao\/engenharia-civil\/es\/wp-json\/wp\/v2\/media?parent=76"}],"curies":[{"name":"wp","href":"https:\/\/api.w.org\/{rel}","templated":true}]}}