{"id":790,"date":"2015-09-11T17:12:09","date_gmt":"2015-09-11T17:12:09","guid":{"rendered":"http:\/\/uenf.br\/posgraduacao\/engenharia-civil\/?page_id=790"},"modified":"2015-09-11T17:17:28","modified_gmt":"2015-09-11T17:17:28","slug":"dissertacoes-de-mestrado-2004-victor-augusto-de-souza-crespo","status":"publish","type":"page","link":"https:\/\/uenf.br\/posgraduacao\/engenharia-civil\/es\/dissertacoes-de-mestrado-2004-victor-augusto-de-souza-crespo\/","title":{"rendered":"Disserta\u00e7\u00f5es de Mestrado 2004 &#8211; VICTOR AUGUSTO DE SOUZA CRESPO"},"content":{"rendered":"<p><strong>Resumo <\/strong><\/p>\n<p style=\"text-align: justify\">Muitas obras, pequenas ou grandes, t\u00eam apresentado sintomas t\u00edpicos do fen\u00f4meno de recalque, como: fissura\u00e7\u00e3o de paredes, puncionamento nas lajes de funda\u00e7\u00e3o pelos pilares e inclina\u00e7\u00e3o excessiva. A sua considera\u00e7\u00e3o na etapa de<br \/>\nprojeto tem um car\u00e1ter preventivo que permite evitar estes problemas, reduzindo ao m\u00ednimo as necessidades de manuten\u00e7\u00e3o (reparo ou refor\u00e7o) das estruturas. Ciente disso, busca-se, neste trabalho, estabelecer um procedimento para a considera\u00e7\u00e3o sistem\u00e1tica do problema de recalque atrav\u00e9s da an\u00e1lise da sensibilidade da estrutura em rela\u00e7\u00e3o a um assentamento. Dentro desse contexto, procurou-se definir uma metodologia que permita interpretar as informa\u00e7\u00f5es dispon\u00edveis sobre o terreno e usar um n\u00famero m\u00ednimo de par\u00e2metros e, se poss\u00edvel, os de obten\u00e7\u00e3o rotineira (sondagem, tipo de solo, etc.), de tal maneira que se possa determinar o perfil da distribui\u00e7\u00e3o dos poss\u00edveis assentamentos, antes mesmo de carregar a estrutura. A considera\u00e7\u00e3o da sensibilidade da estrutura em rela\u00e7\u00e3o ao solo \u00e9 uma an\u00e1lise do tipo \u201cinversa\u201d que tem a grande vantagem de proporcionar informa\u00e7\u00f5es pertinentes para o aprimoramento do projeto inicial, garantindo maior seguran\u00e7a e durabilidade \u00e0s edifica\u00e7\u00f5es. Existe a necessidade de se fazer um estudo de sensibilidade quando se deseja obter os efeitos da redistribui\u00e7\u00e3o de esfor\u00e7os nos elementos estruturais, como por exemplo, as cargas nos pilares, que devido ao recalque diferencial nos<br \/>\napoios provocam um mapa de carregamento diferente do c\u00e1lculo convencional que adota apoios n\u00e3o desloc\u00e1veis. Frente \u00e0 possibilidade de recalque e com o intuito de oferecer solu\u00e7\u00f5es simples, analisou-se a influ\u00eancia de elementos das edifica\u00e7\u00f5es, como as alvenarias na preven\u00e7\u00e3o dos danos provocados por problemas de recalque. Nesta disserta\u00e7\u00e3o, foram analisados alguns casos comparando os resultados do m\u00e9todo tradicional de an\u00e1lise estrutural com aqueles que levam em considera\u00e7\u00e3o a sensibilidade da estrutura em rela\u00e7\u00e3o ao solo.<\/p>\n<p style=\"text-align: right\"><a href=\"http:\/\/uenf.br\/posgraduacao\/engenharia-civil\/wp-content\/uploads\/sites\/3\/2015\/09\/VICTOR-AUGUSTO-DE-SOUZA-CRESPO.pdf\">Download aqui.<\/a><\/p>\n","protected":false},"excerpt":{"rendered":"<p>Resumo Muitas obras, pequenas ou grandes, t\u00eam apresentado sintomas t\u00edpicos do fen\u00f4meno de recalque, como: fissura\u00e7\u00e3o de paredes, puncionamento nas&#8230;<\/p>\n","protected":false},"author":8,"featured_media":0,"parent":0,"menu_order":0,"comment_status":"closed","ping_status":"closed","template":"","meta":{"footnotes":""},"class_list":["post-790","page","type-page","status-publish","hentry"],"_links":{"self":[{"href":"https:\/\/uenf.br\/posgraduacao\/engenharia-civil\/es\/wp-json\/wp\/v2\/pages\/790","targetHints":{"allow":["GET"]}}],"collection":[{"href":"https:\/\/uenf.br\/posgraduacao\/engenharia-civil\/es\/wp-json\/wp\/v2\/pages"}],"about":[{"href":"https:\/\/uenf.br\/posgraduacao\/engenharia-civil\/es\/wp-json\/wp\/v2\/types\/page"}],"author":[{"embeddable":true,"href":"https:\/\/uenf.br\/posgraduacao\/engenharia-civil\/es\/wp-json\/wp\/v2\/users\/8"}],"replies":[{"embeddable":true,"href":"https:\/\/uenf.br\/posgraduacao\/engenharia-civil\/es\/wp-json\/wp\/v2\/comments?post=790"}],"version-history":[{"count":0,"href":"https:\/\/uenf.br\/posgraduacao\/engenharia-civil\/es\/wp-json\/wp\/v2\/pages\/790\/revisions"}],"wp:attachment":[{"href":"https:\/\/uenf.br\/posgraduacao\/engenharia-civil\/es\/wp-json\/wp\/v2\/media?parent=790"}],"curies":[{"name":"wp","href":"https:\/\/api.w.org\/{rel}","templated":true}]}}