{"id":829,"date":"2015-09-11T19:26:23","date_gmt":"2015-09-11T19:26:23","guid":{"rendered":"http:\/\/uenf.br\/posgraduacao\/engenharia-civil\/?page_id=829"},"modified":"2015-09-11T19:29:07","modified_gmt":"2015-09-11T19:29:07","slug":"dissertacoes-de-mestrado-2005-mario-coelho-barroso","status":"publish","type":"page","link":"https:\/\/uenf.br\/posgraduacao\/engenharia-civil\/es\/dissertacoes-de-mestrado-2005-mario-coelho-barroso\/","title":{"rendered":"Disserta\u00e7\u00f5es de Mestrado 2005 &#8211; M\u00c1RIO COELHO BARROSO"},"content":{"rendered":"<p><strong>Resumo <\/strong><\/p>\n<p style=\"text-align: justify\">As constru\u00e7\u00f5es em vigas pr\u00e9-moldadas constituem uma das alternativas mais pr\u00e1ticas e econ\u00f4micas para certos projetos. Muitas estruturas, especialmente pontes, s\u00e3o constru\u00eddas com aduelas pr\u00e9-fabricadas. Tanto no caso de estruturas novas, quanto nos casos de refor\u00e7o e recupera\u00e7\u00e3o de estruturas j\u00e1 existentes, o comportamento isolado das aduelas \u00e9 de fundamental import\u00e2ncia, porque governa o comportamento global da estrutura. Estudos j\u00e1 realizados mostram a influ\u00eancia da rela\u00e7\u00e3o L\/h (comprimento de aduela\/altura da aduela) de uma se\u00e7\u00e3o retangular no\u00a0tipo de ruptura apresentada pelas vigas ensaiadas, ruptura que pode acontecer por esmagamento do concreto devido a abertura excessiva da junta ou pela fissura\u00e7\u00e3o das aduelas, que exibem neste caso um comportamento de viga. Neste trabalho, pretende-se realizar, mediante simula\u00e7\u00f5es computacionais, uma an\u00e1lise param\u00e9trica para investigar os limites desta rela\u00e7\u00e3o em fun\u00e7\u00e3o de certos fatores: tipo de se\u00e7\u00e3o, tipo de concreto e n\u00edvel de protens\u00e3o, tanto para a situa\u00e7\u00e3o de uma ader\u00eancia perfeita entre o concreto e as cordoalhas como com degrada\u00e7\u00e3o desta ader\u00eancia.\u00a0Ser\u00e1 utilizado para as simula\u00e7\u00f5es um programa em FORTRAN (D\u00e9sir 1993). Ser\u00e3o analisadas as respostas em termo de curvas: carga-flecha das vigas, tens\u00e3o de forma\u00e7\u00e3o dos materiais, da varia\u00e7\u00e3o de tens\u00e3o dos cabos de protens\u00e3o, de\u00a0aberturas de juntas para modelos reproduzindo as condi\u00e7\u00f5es dos ensaios de Tavares (2000).<\/p>\n<p style=\"text-align: right\"><a href=\"http:\/\/uenf.br\/posgraduacao\/engenharia-civil\/wp-content\/uploads\/sites\/3\/2015\/09\/M\u00c1RIO-COELHO-BARROSO.pdf\">Download aqui.<\/a><\/p>\n","protected":false},"excerpt":{"rendered":"<p>Resumo As constru\u00e7\u00f5es em vigas pr\u00e9-moldadas constituem uma das alternativas mais pr\u00e1ticas e econ\u00f4micas para certos projetos. Muitas estruturas, especialmente&#8230;<\/p>\n","protected":false},"author":8,"featured_media":0,"parent":0,"menu_order":0,"comment_status":"closed","ping_status":"closed","template":"","meta":{"footnotes":""},"class_list":["post-829","page","type-page","status-publish","hentry"],"_links":{"self":[{"href":"https:\/\/uenf.br\/posgraduacao\/engenharia-civil\/es\/wp-json\/wp\/v2\/pages\/829","targetHints":{"allow":["GET"]}}],"collection":[{"href":"https:\/\/uenf.br\/posgraduacao\/engenharia-civil\/es\/wp-json\/wp\/v2\/pages"}],"about":[{"href":"https:\/\/uenf.br\/posgraduacao\/engenharia-civil\/es\/wp-json\/wp\/v2\/types\/page"}],"author":[{"embeddable":true,"href":"https:\/\/uenf.br\/posgraduacao\/engenharia-civil\/es\/wp-json\/wp\/v2\/users\/8"}],"replies":[{"embeddable":true,"href":"https:\/\/uenf.br\/posgraduacao\/engenharia-civil\/es\/wp-json\/wp\/v2\/comments?post=829"}],"version-history":[{"count":0,"href":"https:\/\/uenf.br\/posgraduacao\/engenharia-civil\/es\/wp-json\/wp\/v2\/pages\/829\/revisions"}],"wp:attachment":[{"href":"https:\/\/uenf.br\/posgraduacao\/engenharia-civil\/es\/wp-json\/wp\/v2\/media?parent=829"}],"curies":[{"name":"wp","href":"https:\/\/api.w.org\/{rel}","templated":true}]}}