{"id":896,"date":"2015-09-11T20:41:31","date_gmt":"2015-09-11T20:41:31","guid":{"rendered":"http:\/\/uenf.br\/posgraduacao\/engenharia-civil\/?page_id=896"},"modified":"2015-09-11T20:42:47","modified_gmt":"2015-09-11T20:42:47","slug":"dissertacoes-de-mestrado-2007-alessandro-da-cunha-alves-2","status":"publish","type":"page","link":"https:\/\/uenf.br\/posgraduacao\/engenharia-civil\/es\/dissertacoes-de-mestrado-2007-alessandro-da-cunha-alves-2\/","title":{"rendered":"Disserta\u00e7\u00f5es de Mestrado 2007 &#8211; ALESSANDRO DA CUNHA ALVES"},"content":{"rendered":"<p><strong>Resumo<\/strong><\/p>\n<p style=\"text-align: justify\">Em Campos dos Goytacazes, o vinhoto, um dos subprodutos da produ\u00e7\u00e3o de a\u00e7\u00facar e \u00e1lcool em usinas de cana-de-a\u00e7ucar, vem sendo utilizado intnsamente nas \u00e1reas de planta\u00e7\u00e3o para ferti-irrigar o solo devido o elevado teor de micro-nutrientes existentes na sua composi\u00e7\u00e3o qu\u00edmica. Entretanto, se por um lado a ferti-irriga\u00e7\u00e3o pode favorecer as lavouras com o bom desenvolvimento da cana-de-a\u00e7ucar, no que diz respeito \u00e0 qualidade e ao tempo de matura\u00e7\u00e3o da plante, por outro lado a ferti-irriga\u00e7\u00e3o pode causar a contamina\u00e7\u00e3o do len\u00e7ol fre\u00e1tico. Dentro deste contexto, o principal objetivo deste trabalho \u00e9 a investiga\u00e7\u00e3o da intera\u00e7\u00e3o do vinhoto com um solo da refi\u00e3o de Campos dos Goytacazes. Neste trabalho o nitrog\u00eanio e o pot\u00e1ssio foram escolhidos como referencia para avaliar a intera\u00e7\u00e3o tendo em vista os elevados teores destes na composi\u00e7\u00e3o qu\u00edmica do vinhoto e as exig\u00eancias dos \u00f3rg\u00e3os ambientais que limitam os teores de nitrato na \u00e1gua para consider\u00e1-la adequada para o consumo humano. O programa experimental consistiu de ensaios de caracteriza\u00e7\u00e3o de solos, conforme as normas t\u00e9cnicas da ABNT, an\u00e1lises qu\u00edmica de amostras de solo e do vinhoto, ensaios de compacta\u00e7\u00e3o, ensaios de permeabilidade e de coluna com corpos reconstitu\u00eddos. Os resultados sugerem que o solo em quest\u00e3o n\u00e3o \u00e9 uma boa barreira para os poluentes investigados.<\/p>\n<p style=\"text-align: right\"><a href=\"http:\/\/uenf.br\/posgraduacao\/engenharia-civil\/wp-content\/uploads\/sites\/3\/2015\/09\/ALESSANDRO-DA-CUNHA-ALVES.pdf\">Download aqui.<\/a><\/p>\n","protected":false},"excerpt":{"rendered":"<p>Resumo Em Campos dos Goytacazes, o vinhoto, um dos subprodutos da produ\u00e7\u00e3o de a\u00e7\u00facar e \u00e1lcool em usinas de cana-de-a\u00e7ucar,&#8230;<\/p>\n","protected":false},"author":8,"featured_media":0,"parent":0,"menu_order":0,"comment_status":"closed","ping_status":"closed","template":"","meta":{"footnotes":""},"class_list":["post-896","page","type-page","status-publish","hentry"],"_links":{"self":[{"href":"https:\/\/uenf.br\/posgraduacao\/engenharia-civil\/es\/wp-json\/wp\/v2\/pages\/896","targetHints":{"allow":["GET"]}}],"collection":[{"href":"https:\/\/uenf.br\/posgraduacao\/engenharia-civil\/es\/wp-json\/wp\/v2\/pages"}],"about":[{"href":"https:\/\/uenf.br\/posgraduacao\/engenharia-civil\/es\/wp-json\/wp\/v2\/types\/page"}],"author":[{"embeddable":true,"href":"https:\/\/uenf.br\/posgraduacao\/engenharia-civil\/es\/wp-json\/wp\/v2\/users\/8"}],"replies":[{"embeddable":true,"href":"https:\/\/uenf.br\/posgraduacao\/engenharia-civil\/es\/wp-json\/wp\/v2\/comments?post=896"}],"version-history":[{"count":0,"href":"https:\/\/uenf.br\/posgraduacao\/engenharia-civil\/es\/wp-json\/wp\/v2\/pages\/896\/revisions"}],"wp:attachment":[{"href":"https:\/\/uenf.br\/posgraduacao\/engenharia-civil\/es\/wp-json\/wp\/v2\/media?parent=896"}],"curies":[{"name":"wp","href":"https:\/\/api.w.org\/{rel}","templated":true}]}}