{"id":919,"date":"2015-09-11T21:12:08","date_gmt":"2015-09-11T21:12:08","guid":{"rendered":"http:\/\/uenf.br\/posgraduacao\/engenharia-civil\/?page_id=919"},"modified":"2015-09-11T21:13:14","modified_gmt":"2015-09-11T21:13:14","slug":"dissertacoes-de-mestrado-2007-izabel-de-souza-ramos","status":"publish","type":"page","link":"https:\/\/uenf.br\/posgraduacao\/engenharia-civil\/es\/dissertacoes-de-mestrado-2007-izabel-de-souza-ramos\/","title":{"rendered":"Disserta\u00e7\u00f5es de Mestrado 2007 &#8211; IZABEL DE SOUZA RAMOS"},"content":{"rendered":"<p><strong>Resumo<\/strong><\/p>\n<p style=\"text-align: justify\">Os par\u00e2metros s\u00f3cio-econ\u00f4micos que envolvem a atividade cer\u00e2mica de Campos dos Goytacazes, pelos n\u00edveis de produ\u00e7\u00e3o j\u00e1 alcan\u00e7ados, a credenciam como estrat\u00e9gica para o desenvolvimento regional e estadual. Portanto, tem-se como<br \/>\nfundamental conhecer a realidade presente na \u00e1rea objeto das minera\u00e7\u00f5es, com vista a desenvolver um programa concreto de organiza\u00e7\u00e3o, planejamento e disciplinamento da atividade de extra\u00e7\u00e3o mineral. Esse trabalho tem como objetivo o conhecimento das caracter\u00edsticas f\u00edsicas, qu\u00edmicas e mineral\u00f3gicas das camadas silto-argilosas em conjun\u00e7\u00e3o aos correspondentes produtos da queima, o que possibilitar\u00e1, atrav\u00e9s da mistura de suas camadas, um aproveitamento integral das jazidas, com a redu\u00e7\u00e3o de est\u00e9ril e diminui\u00e7\u00e3o do impacto ambiental proveniente da<br \/>\nsua explota\u00e7\u00e3o. Pretende-se tamb\u00e9m, dar um tratamento geoestat\u00edstico as sondagens obtidas do PROJIR (Projeto de Irriga\u00e7\u00e3o e Drenagem da Cana-de-a\u00e7\u00facar na Regi\u00e3o Norte-Fluminense) estimando dados em locais n\u00e3o amostrados. O<br \/>\nreconhecimento das camadas dos dep\u00f3sitos argilosos foi realizado atrav\u00e9s da caracteriza\u00e7\u00e3o t\u00e1til visual e\/ou granulom\u00e9trica e Limites de Atterberg. Para determina\u00e7\u00e3o das propriedades dos produtos cer\u00e2micos, originados pela queima, produziram-se corpos de prova prism\u00e1ticos sobre os quais, procederam-se os seguintes ensaios: Absor\u00e7\u00e3o de \u00c1gua (%), Porosidade Aparente (%), Varia\u00e7\u00e3o Linear (%), Massa Especifica Aparente (g\/cm3) e Tens\u00e3o de Ruptura a Flex\u00e3o (Mpa).<\/p>\n<p style=\"text-align: justify\">Ao analisar os resultados verificou-se, em termos de potencialidade de explora\u00e7\u00e3o, que as cavas podem ser plenamente utilizadas sem a necessidade de mistur\u00e1-las com as provenientes de outros locais, desde que as cer\u00e2micas procurem queim\u00e1-las em temperaturas mais alta que 750\u00b0 C obtendo-se ass im um produto menos poroso e mais esistente. E com a aplica\u00e7\u00e3o da geoestat\u00edstica, \u00a0obteve-se a distribui\u00e7\u00e3o espacial e o mapeamento das vari\u00e1veis: profundidade do len\u00e7ol, profundidade inicial e espessura das camadas de argilas adequadas \u00e0 fabrica\u00e7\u00e3o de artefatos<br \/>\ncer\u00e2micos. Isto auxiliar\u00e1 aos mineradores na hora de buscar novos dep\u00f3sitos.<\/p>\n<p>&nbsp;<\/p>\n<p style=\"text-align: right\"><a href=\"http:\/\/uenf.br\/posgraduacao\/engenharia-civil\/wp-content\/uploads\/sites\/3\/2015\/09\/IZABEL-DE-SOUZA-RAMOS.pdf\">Download aqui.<\/a><\/p>\n","protected":false},"excerpt":{"rendered":"<p>Resumo Os par\u00e2metros s\u00f3cio-econ\u00f4micos que envolvem a atividade cer\u00e2mica de Campos dos Goytacazes, pelos n\u00edveis de produ\u00e7\u00e3o j\u00e1 alcan\u00e7ados, a&#8230;<\/p>\n","protected":false},"author":8,"featured_media":0,"parent":0,"menu_order":0,"comment_status":"closed","ping_status":"closed","template":"","meta":{"footnotes":""},"class_list":["post-919","page","type-page","status-publish","hentry"],"_links":{"self":[{"href":"https:\/\/uenf.br\/posgraduacao\/engenharia-civil\/es\/wp-json\/wp\/v2\/pages\/919","targetHints":{"allow":["GET"]}}],"collection":[{"href":"https:\/\/uenf.br\/posgraduacao\/engenharia-civil\/es\/wp-json\/wp\/v2\/pages"}],"about":[{"href":"https:\/\/uenf.br\/posgraduacao\/engenharia-civil\/es\/wp-json\/wp\/v2\/types\/page"}],"author":[{"embeddable":true,"href":"https:\/\/uenf.br\/posgraduacao\/engenharia-civil\/es\/wp-json\/wp\/v2\/users\/8"}],"replies":[{"embeddable":true,"href":"https:\/\/uenf.br\/posgraduacao\/engenharia-civil\/es\/wp-json\/wp\/v2\/comments?post=919"}],"version-history":[{"count":0,"href":"https:\/\/uenf.br\/posgraduacao\/engenharia-civil\/es\/wp-json\/wp\/v2\/pages\/919\/revisions"}],"wp:attachment":[{"href":"https:\/\/uenf.br\/posgraduacao\/engenharia-civil\/es\/wp-json\/wp\/v2\/media?parent=919"}],"curies":[{"name":"wp","href":"https:\/\/api.w.org\/{rel}","templated":true}]}}