{"id":948,"date":"2015-09-11T21:49:20","date_gmt":"2015-09-11T21:49:20","guid":{"rendered":"http:\/\/uenf.br\/posgraduacao\/engenharia-civil\/?page_id=948"},"modified":"2015-09-11T21:50:04","modified_gmt":"2015-09-11T21:50:04","slug":"dissertacoes-de-mestrado-2008-camila-aparecida-abelha-rocha-2","status":"publish","type":"page","link":"https:\/\/uenf.br\/posgraduacao\/engenharia-civil\/es\/dissertacoes-de-mestrado-2008-camila-aparecida-abelha-rocha-2\/","title":{"rendered":"Disserta\u00e7\u00f5es de Mestrado 2008 &#8211; CAMILA APARECIDA ABELHA ROCHA"},"content":{"rendered":"<p><strong>Resumo<\/strong><\/p>\n<p style=\"text-align: justify\">A disposi\u00e7\u00e3o final de res\u00edduos industriais \u00e9 um problema que se acentuou nos\u00a0\u00faltimos anos, assim como o aumento da produ\u00e7\u00e3o de cimento, que libera gases nocivos\u00a0durante sua fabrica\u00e7\u00e3o. Nesta disserta\u00e7\u00e3o avaliou-se a potencialidade de utiliza\u00e7\u00e3o de dois res\u00edduos industriais (res\u00edduos do corte de rochas, RCR, e de blocos cer\u00e2micos, RBC) como adi\u00e7\u00f5es minerais com caracter\u00edsticas de f\u00edler e pozolana, respectivamente, na fabrica\u00e7\u00e3o de concretos de resist\u00eancia convencional (25 MPa). A avalia\u00e7\u00e3o foi conduzida atrav\u00e9s da compara\u00e7\u00e3o de propriedades mec\u00e2nicas, f\u00edsicas e algumas caracter\u00edsticas associadas \u00e0 durabilidade de quatro tra\u00e7os, a saber: concreto de refer\u00eancia com materiais convencionais; concreto com substitui\u00e7\u00e3o de 20% da massa de cimento pelo RBC; concreto com adi\u00e7\u00e3o de 10% de RCR em rela\u00e7\u00e3o \u00e0 massa de cimento; e concreto com 20% de substitui\u00e7\u00e3o da massa de cimento pelo RBC e adi\u00e7\u00e3o de 10% de RCR em rela\u00e7\u00e3o \u00e0 massa de material ciment\u00edcio (cimento e RBC). O estudo foi dividido em duas partes. A primeira etapa consistiu na caracteriza\u00e7\u00e3o f\u00edsica, mec\u00e2nica e de durabilidade de concretos com adi\u00e7\u00e3o de res\u00edduos e diferentes rela\u00e7\u00f5es \u00e1gua\/material ciment\u00edcio, de modo a obter uma trabalhabilidade constante dos concretos. A segunda etapa, por sua vez, consistiu na caracteriza\u00e7\u00e3o mec\u00e2nica de concretos com adi\u00e7\u00e3o de res\u00edduos e rela\u00e7\u00e3o \u00e1gua\/material ciment\u00edcio constante, mantendo-se igual consist\u00eancia com uso de superplastificante. Os resultados indicaram que \u00e9 poss\u00edvel a produ\u00e7\u00e3o de concretos com resist\u00eancia convencional a partir do RBC e do RCR. Os concretos com rela\u00e7\u00e3o \u00e1gua\/material ciment\u00edcio modificada, apresentaram redu\u00e7\u00e3o das propriedades mec\u00e2nicas e de alguns par\u00e2metros f\u00edsicos e de durabilidade em rela\u00e7\u00e3o ao concreto de refer\u00eancia. J\u00e1 os concretos com emprego de superplastificante (segunda etapa) n\u00e3o apresentaram diferen\u00e7as significativas nas propriedades mec\u00e2nicas, em rela\u00e7\u00e3o ao concreto de refer\u00eancia, exceto para o concreto com utiliza\u00e7\u00e3o do RCR e RBC que apresentou melhora nas propriedades mec\u00e2nicas.<\/p>\n<p style=\"text-align: right\"><a href=\"http:\/\/uenf.br\/posgraduacao\/engenharia-civil\/wp-content\/uploads\/sites\/3\/2015\/09\/CAMILA-APARECIDA-ABELHA-ROCHA.pdf\">Download aqui.<\/a><\/p>\n","protected":false},"excerpt":{"rendered":"<p>Resumo A disposi\u00e7\u00e3o final de res\u00edduos industriais \u00e9 um problema que se acentuou nos\u00a0\u00faltimos anos, assim como o aumento da&#8230;<\/p>\n","protected":false},"author":8,"featured_media":0,"parent":0,"menu_order":0,"comment_status":"closed","ping_status":"closed","template":"","meta":{"footnotes":""},"class_list":["post-948","page","type-page","status-publish","hentry"],"_links":{"self":[{"href":"https:\/\/uenf.br\/posgraduacao\/engenharia-civil\/es\/wp-json\/wp\/v2\/pages\/948","targetHints":{"allow":["GET"]}}],"collection":[{"href":"https:\/\/uenf.br\/posgraduacao\/engenharia-civil\/es\/wp-json\/wp\/v2\/pages"}],"about":[{"href":"https:\/\/uenf.br\/posgraduacao\/engenharia-civil\/es\/wp-json\/wp\/v2\/types\/page"}],"author":[{"embeddable":true,"href":"https:\/\/uenf.br\/posgraduacao\/engenharia-civil\/es\/wp-json\/wp\/v2\/users\/8"}],"replies":[{"embeddable":true,"href":"https:\/\/uenf.br\/posgraduacao\/engenharia-civil\/es\/wp-json\/wp\/v2\/comments?post=948"}],"version-history":[{"count":0,"href":"https:\/\/uenf.br\/posgraduacao\/engenharia-civil\/es\/wp-json\/wp\/v2\/pages\/948\/revisions"}],"wp:attachment":[{"href":"https:\/\/uenf.br\/posgraduacao\/engenharia-civil\/es\/wp-json\/wp\/v2\/media?parent=948"}],"curies":[{"name":"wp","href":"https:\/\/api.w.org\/{rel}","templated":true}]}}