{"id":1135,"date":"2015-09-16T14:45:06","date_gmt":"2015-09-16T14:45:06","guid":{"rendered":"http:\/\/uenf.br\/posgraduacao\/engenharia-civil\/?page_id=1135"},"modified":"2015-09-16T14:45:35","modified_gmt":"2015-09-16T14:45:35","slug":"dissertacoes-de-mestrado-2010-daniele-haffner-marques-de-oliveira","status":"publish","type":"page","link":"https:\/\/uenf.br\/posgraduacao\/engenharia-civil\/fr\/dissertacoes-de-mestrado-2010-daniele-haffner-marques-de-oliveira\/","title":{"rendered":"Disserta\u00e7\u00f5es de Mestrado 2010 &#8211; DANIELE HAFFNER MARQUES DE OLIVEIRA"},"content":{"rendered":"<p style=\"text-align: justify\"><strong>Resumo<\/strong><\/p>\n<p style=\"text-align: justify\">No presente trabalho de disserta\u00e7\u00e3o de mestrado, apresenta-se uma nova metodologia para otimiza\u00e7\u00e3o de p\u00f3rticos de a\u00e7o considerando-se o problema de colapso pl\u00e1stico. Desta forma busca-se definir estruturas mecanicamente mais\u00a0eficientes e de baixo custo, sem comprometer sua seguran\u00e7a e integridade.<\/p>\n<p style=\"text-align: justify\">O projeto visa minimizar o peso de p\u00f3rticos met\u00e1licos atrav\u00e9s da determina\u00e7\u00e3o de dimens\u00f5es \u00f3timas das se\u00e7\u00f5es transversais, satisfazendo restri\u00e7\u00f5es mec\u00e2nicas usuais como tens\u00f5es e deslocamentos. Adicionalmente, estuda-se o<br \/>\nproblema de An\u00e1lise Limite para determina\u00e7\u00e3o da carga \u00faltima e identifica\u00e7\u00e3o dos mecanismos de colapso calculados atrav\u00e9s de t\u00e9cnicas de Programa\u00e7\u00e3o Matem\u00e1tica. O presente trabalho cont\u00e9m a implementa\u00e7\u00e3o de c\u00f3digos computacionais pr\u00f3prios para An\u00e1lise Estrutural e Simula\u00e7\u00e3o do Colapso Estrutural.<\/p>\n<p style=\"text-align: justify\">O algoritmo de otimiza\u00e7\u00e3o utilizado neste trabalho, as an\u00e1lises estruturais e de sensibilidade, e a simula\u00e7\u00e3o do colapso s\u00e3o implementados no ambiente computacional MATLAB.<\/p>\n<p style=\"text-align: justify\">S\u00e3o apresentados alguns exemplos num\u00e9ricos para mostrar a validade da metodologia proposta e da implementa\u00e7\u00e3o desenvolvida.<\/p>\n<p style=\"text-align: right\"><a href=\"http:\/\/uenf.br\/posgraduacao\/engenharia-civil\/wp-content\/uploads\/sites\/3\/2015\/09\/DANIELE-HAFFNER-MARQUES-DE-OLIVEIRA.pdf\">Download aqui.<\/a><\/p>\n","protected":false},"excerpt":{"rendered":"<p>Resumo No presente trabalho de disserta\u00e7\u00e3o de mestrado, apresenta-se uma nova metodologia para otimiza\u00e7\u00e3o de p\u00f3rticos de a\u00e7o considerando-se o&#8230;<\/p>\n","protected":false},"author":8,"featured_media":0,"parent":0,"menu_order":0,"comment_status":"closed","ping_status":"closed","template":"","meta":{"footnotes":""},"class_list":["post-1135","page","type-page","status-publish","hentry"],"_links":{"self":[{"href":"https:\/\/uenf.br\/posgraduacao\/engenharia-civil\/fr\/wp-json\/wp\/v2\/pages\/1135","targetHints":{"allow":["GET"]}}],"collection":[{"href":"https:\/\/uenf.br\/posgraduacao\/engenharia-civil\/fr\/wp-json\/wp\/v2\/pages"}],"about":[{"href":"https:\/\/uenf.br\/posgraduacao\/engenharia-civil\/fr\/wp-json\/wp\/v2\/types\/page"}],"author":[{"embeddable":true,"href":"https:\/\/uenf.br\/posgraduacao\/engenharia-civil\/fr\/wp-json\/wp\/v2\/users\/8"}],"replies":[{"embeddable":true,"href":"https:\/\/uenf.br\/posgraduacao\/engenharia-civil\/fr\/wp-json\/wp\/v2\/comments?post=1135"}],"version-history":[{"count":0,"href":"https:\/\/uenf.br\/posgraduacao\/engenharia-civil\/fr\/wp-json\/wp\/v2\/pages\/1135\/revisions"}],"wp:attachment":[{"href":"https:\/\/uenf.br\/posgraduacao\/engenharia-civil\/fr\/wp-json\/wp\/v2\/media?parent=1135"}],"curies":[{"name":"wp","href":"https:\/\/api.w.org\/{rel}","templated":true}]}}