{"id":1141,"date":"2015-09-16T14:50:21","date_gmt":"2015-09-16T14:50:21","guid":{"rendered":"http:\/\/uenf.br\/posgraduacao\/engenharia-civil\/?page_id=1141"},"modified":"2015-09-16T14:50:21","modified_gmt":"2015-09-16T14:50:21","slug":"dissertacoes-de-mestrado-2010-marconi-neves-sampaio","status":"publish","type":"page","link":"https:\/\/uenf.br\/posgraduacao\/engenharia-civil\/fr\/dissertacoes-de-mestrado-2010-marconi-neves-sampaio\/","title":{"rendered":"Disserta\u00e7\u00f5es de Mestrado 2010 &#8211; MARCONI NEVES SAMPAIO"},"content":{"rendered":"<p><strong>Resumo<\/strong><\/p>\n<p style=\"text-align: justify\">Este trabalho visa o estudo experimental do efeito da altera\u00e7\u00e3o no comportamento mec\u00e2nico de materiais de enrocamento, considerando as varia\u00e7\u00f5es de deformabilidade e resist\u00eancia provocadas pela altera\u00e7\u00e3o da rocha e pelas varia\u00e7\u00f5es das caracter\u00edsticas intr\u00ednsecas do enrocamento, tais como, litologia, granulometria, efeito de escala, umidade e as caracter\u00edsticas das part\u00edculas. \u00c9 considerado um programa experimental envolvendo dois tipos de litologia de rochas constituintes dos enrocamentos: das barragens de Manso, constitu\u00edda de arenito e a barragem de Chapec\u00f3, constitu\u00edda de basalto.<\/p>\n<p style=\"text-align: justify\">Para avaliar a alterabilidade do material foi elaborada uma metodologia comparando-se os par\u00e2metros dos enrocamentos intactos, ou seja, n\u00e3o alterados e degradados no laborat\u00f3rio. Os materiais foram ensaiados no equipamento de grandes dimens\u00f5es desenvolvido no Laborat\u00f3rio de Engenharia Civil da UENF, que possibilita a realiza\u00e7\u00e3o de ensaios de compress\u00e3o unidimensional nas amostras simultaneamente ao processo de degrada\u00e7\u00e3o.<br \/>\nOs resultados indicam que a granulometria, o teor de umidade, o tipo de rocha e a tens\u00e3o axial influenciam significativamente na varia\u00e7\u00e3o das deforma\u00e7\u00f5es e da compressibilidade dos enrocamentos estudados.<\/p>\n<p style=\"text-align: justify\">O programa experimental desenvolvido mostrou-se satisfat\u00f3rio para a avalia\u00e7\u00e3o da compressibilidade do enrocamento da Barragem de Manso e de Chapec\u00f3 devido a processos de degrada\u00e7\u00e3o por ciclos de satura\u00e7\u00e3o e secagem.<\/p>\n<p style=\"text-align: right\"><a href=\"http:\/\/uenf.br\/posgraduacao\/engenharia-civil\/wp-content\/uploads\/sites\/3\/2015\/09\/Dissertacao-MARCONI-FINAL.pdf\">Download aqui.<\/a><\/p>\n","protected":false},"excerpt":{"rendered":"<p>Resumo Este trabalho visa o estudo experimental do efeito da altera\u00e7\u00e3o no comportamento mec\u00e2nico de materiais de enrocamento, considerando as&#8230;<\/p>\n","protected":false},"author":8,"featured_media":0,"parent":0,"menu_order":0,"comment_status":"closed","ping_status":"closed","template":"","meta":{"footnotes":""},"class_list":["post-1141","page","type-page","status-publish","hentry"],"_links":{"self":[{"href":"https:\/\/uenf.br\/posgraduacao\/engenharia-civil\/fr\/wp-json\/wp\/v2\/pages\/1141","targetHints":{"allow":["GET"]}}],"collection":[{"href":"https:\/\/uenf.br\/posgraduacao\/engenharia-civil\/fr\/wp-json\/wp\/v2\/pages"}],"about":[{"href":"https:\/\/uenf.br\/posgraduacao\/engenharia-civil\/fr\/wp-json\/wp\/v2\/types\/page"}],"author":[{"embeddable":true,"href":"https:\/\/uenf.br\/posgraduacao\/engenharia-civil\/fr\/wp-json\/wp\/v2\/users\/8"}],"replies":[{"embeddable":true,"href":"https:\/\/uenf.br\/posgraduacao\/engenharia-civil\/fr\/wp-json\/wp\/v2\/comments?post=1141"}],"version-history":[{"count":0,"href":"https:\/\/uenf.br\/posgraduacao\/engenharia-civil\/fr\/wp-json\/wp\/v2\/pages\/1141\/revisions"}],"wp:attachment":[{"href":"https:\/\/uenf.br\/posgraduacao\/engenharia-civil\/fr\/wp-json\/wp\/v2\/media?parent=1141"}],"curies":[{"name":"wp","href":"https:\/\/api.w.org\/{rel}","templated":true}]}}