{"id":1178,"date":"2015-09-16T16:54:57","date_gmt":"2015-09-16T16:54:57","guid":{"rendered":"http:\/\/uenf.br\/posgraduacao\/engenharia-civil\/?page_id=1178"},"modified":"2015-09-16T16:54:57","modified_gmt":"2015-09-16T16:54:57","slug":"dissertacoes-de-mestrado-2009-clarissa-regina-masiero-ahmed","status":"publish","type":"page","link":"https:\/\/uenf.br\/posgraduacao\/engenharia-civil\/fr\/dissertacoes-de-mestrado-2009-clarissa-regina-masiero-ahmed\/","title":{"rendered":"Disserta\u00e7\u00f5es de Mestrado 2009 &#8211; CLARISSA REGINA MASIERO AHMED"},"content":{"rendered":"<p><strong>Resumo<\/strong><\/p>\n<p style=\"text-align: justify\">AHMED, Clarissa Regina Masiero, MSc., Universidade Estadual do Norte Fluminense Darcy Ribeiro, julho de 2009, Fatores que influenciam a erodibilidade nos solos do munic\u00edpio de Campos dos Goytacazes-RJ sob uma an\u00e1lise multicrit\u00e9rio. Orientadora: Maria da Gl\u00f3ria Alves.<\/p>\n<p style=\"text-align: justify\">A ocupa\u00e7\u00e3o humana, \u00e9 representada pelo desmatamento, cultivo da terra, constru\u00e7\u00e3o de estradas, cria\u00e7\u00e3o e expans\u00e3o das vilas e cidades originando e acelerando processos erosivos. A eros\u00e3o tem como conseq\u00fc\u00eancias o assoreamento,<br \/>\na destrui\u00e7\u00e3o de solos f\u00e9rteis, instabilidade de encostas etc. Assim sendo, a eros\u00e3o se torna um importante objeto de estudo para diversas \u00e1reas do conhecimento, dentre elas a engenharia civil e a agronomia. A erodibilidade do solo \u00e9 um dos fatores naturais intervenientes nos processos erosivos, e condicionada por um grande n\u00famero de caracter\u00edsticas intr\u00ednsecas do solo (textura, mineralogia, cimenta\u00e7\u00e3o, estrutura). Neste trabalho ser\u00e1 apresentada uma an\u00e1lise detalhada dos indicadores da erodibilidade dos solos do munic\u00edpio de Campos, utilizando An\u00e1lise<br \/>\nMulticrit\u00e9rio, em ambiente SIG. A erodibilidade em solo exposto foi obtida, pela integra\u00e7\u00e3o da intensidade de precipita\u00e7\u00e3o, estabilidade dos agregados superficiais, declividade e velocidade de infiltra\u00e7\u00e3o. A partir do cruzamento destes par\u00e2metros foram obtidos os mapas do Efeito Gota e do Escorrimento Superficial, que deram xi origem ao Mapa de Erodibilidade em Solo Exposto. Encontrou-se erodibilidade baixa nos Neossolos Fl\u00favicos, Organossolos e Gleissolos, j\u00e1 nos Latossolos Vermelhos-Amarelos, Argissolos Vermelhos-Amarelos e Cambissolos H\u00e1plicos a erodibilidade variou de acordo com o relevo e intensidade de precipita\u00e7\u00e3o. Os resultados aqui obtidos podem ser usados para um adequado aproveitamento do solo e melhor gest\u00e3o do munic\u00edpio, em especial no seu plano diretor.<\/p>\n<p style=\"text-align: right\"><a href=\"http:\/\/uenf.br\/posgraduacao\/engenharia-civil\/wp-content\/uploads\/sites\/3\/2015\/09\/CLARISSA-REGINA-MASIERO-AHMED1.pdf\">Download aqui.<\/a><\/p>\n","protected":false},"excerpt":{"rendered":"<p>Resumo AHMED, Clarissa Regina Masiero, MSc., Universidade Estadual do Norte Fluminense Darcy Ribeiro, julho de 2009, Fatores que influenciam a&#8230;<\/p>\n","protected":false},"author":8,"featured_media":0,"parent":0,"menu_order":0,"comment_status":"closed","ping_status":"closed","template":"","meta":{"footnotes":""},"class_list":["post-1178","page","type-page","status-publish","hentry"],"_links":{"self":[{"href":"https:\/\/uenf.br\/posgraduacao\/engenharia-civil\/fr\/wp-json\/wp\/v2\/pages\/1178","targetHints":{"allow":["GET"]}}],"collection":[{"href":"https:\/\/uenf.br\/posgraduacao\/engenharia-civil\/fr\/wp-json\/wp\/v2\/pages"}],"about":[{"href":"https:\/\/uenf.br\/posgraduacao\/engenharia-civil\/fr\/wp-json\/wp\/v2\/types\/page"}],"author":[{"embeddable":true,"href":"https:\/\/uenf.br\/posgraduacao\/engenharia-civil\/fr\/wp-json\/wp\/v2\/users\/8"}],"replies":[{"embeddable":true,"href":"https:\/\/uenf.br\/posgraduacao\/engenharia-civil\/fr\/wp-json\/wp\/v2\/comments?post=1178"}],"version-history":[{"count":0,"href":"https:\/\/uenf.br\/posgraduacao\/engenharia-civil\/fr\/wp-json\/wp\/v2\/pages\/1178\/revisions"}],"wp:attachment":[{"href":"https:\/\/uenf.br\/posgraduacao\/engenharia-civil\/fr\/wp-json\/wp\/v2\/media?parent=1178"}],"curies":[{"name":"wp","href":"https:\/\/api.w.org\/{rel}","templated":true}]}}