{"id":1188,"date":"2015-09-16T17:05:08","date_gmt":"2015-09-16T17:05:08","guid":{"rendered":"http:\/\/uenf.br\/posgraduacao\/engenharia-civil\/?page_id=1188"},"modified":"2015-09-16T17:05:08","modified_gmt":"2015-09-16T17:05:08","slug":"dissertacoes-de-mestrado-2009-maria-fernanda-soares-petruci-terra","status":"publish","type":"page","link":"https:\/\/uenf.br\/posgraduacao\/engenharia-civil\/fr\/dissertacoes-de-mestrado-2009-maria-fernanda-soares-petruci-terra\/","title":{"rendered":"Disserta\u00e7\u00f5es de Mestrado 2009 &#8211; MARIA FERNANDA SOARES PETRUCI TERRA"},"content":{"rendered":"<p><strong>Resumo<\/strong><\/p>\n<p style=\"text-align: justify\">\nDanos estruturais s\u00e3o considerados perdas de rigidez localizadas que comprometem o desempenho de uma estrutura. Em muitos casos, o uso de dados vibracionais na avalia\u00e7\u00e3o dos danos estruturais tem fornecido bons resultados.<\/p>\n<p style=\"text-align: justify\">Colaborando com esta tend\u00eancia, neste trabalho foram implementados algoritmos que permitem detectar a exist\u00eancia de danos em estruturas a partir das caracter\u00edsticas modais.<\/p>\n<p style=\"text-align: justify\">Dentre a metodologia empregada foram escolhidos os m\u00e9todos seguintes: MAC \/ COMAC, M\u00e9todo da Varia\u00e7\u00e3o de Flexibilidade e M\u00e9todo da Varia\u00e7\u00e3o da Curvatura de Flexibilidade. Os tr\u00eas m\u00e9todos s\u00e3o implementados em linguagem computacional MatLab\uf0e2 e o dano \u00e9 modelado atrav\u00e9s da redu\u00e7\u00e3o do m\u00f3dulo de elasticidade do material da estrutura.<\/p>\n<p style=\"text-align: justify\">A identifica\u00e7\u00e3o, a localiza\u00e7\u00e3o e a quantifica\u00e7\u00e3o do dano s\u00e3o pesquisadas para modelos computacionais de vigas met\u00e1licas, a partir da an\u00e1lise da influ\u00eancia dos par\u00e2metros de severidade, posicionamento, n\u00famero de modos, quantidade de danos e introdu\u00e7\u00e3o de ru\u00eddo. Aplicando-se os m\u00e9todos implementados aos par\u00e2metros modais obtidos dos modelos computacionais que simulam o comportamento din\u00e2mico das vigas com ou sem a presen\u00e7a de danos, busca-se avaliar o m\u00e9todo mais apropriado para a detec\u00e7\u00e3o de danos em vigas.<\/p>\n<p style=\"text-align: right\"><a href=\"http:\/\/uenf.br\/posgraduacao\/engenharia-civil\/wp-content\/uploads\/sites\/3\/2015\/09\/MARIA-FERNANDA-SOARES-PETRUCI-TERRA.pdf\">Download aqui.<\/a><\/p>\n","protected":false},"excerpt":{"rendered":"<p>Resumo Danos estruturais s\u00e3o considerados perdas de rigidez localizadas que comprometem o desempenho de uma estrutura. Em muitos casos, o&#8230;<\/p>\n","protected":false},"author":8,"featured_media":0,"parent":0,"menu_order":0,"comment_status":"closed","ping_status":"closed","template":"","meta":{"footnotes":""},"class_list":["post-1188","page","type-page","status-publish","hentry"],"_links":{"self":[{"href":"https:\/\/uenf.br\/posgraduacao\/engenharia-civil\/fr\/wp-json\/wp\/v2\/pages\/1188","targetHints":{"allow":["GET"]}}],"collection":[{"href":"https:\/\/uenf.br\/posgraduacao\/engenharia-civil\/fr\/wp-json\/wp\/v2\/pages"}],"about":[{"href":"https:\/\/uenf.br\/posgraduacao\/engenharia-civil\/fr\/wp-json\/wp\/v2\/types\/page"}],"author":[{"embeddable":true,"href":"https:\/\/uenf.br\/posgraduacao\/engenharia-civil\/fr\/wp-json\/wp\/v2\/users\/8"}],"replies":[{"embeddable":true,"href":"https:\/\/uenf.br\/posgraduacao\/engenharia-civil\/fr\/wp-json\/wp\/v2\/comments?post=1188"}],"version-history":[{"count":0,"href":"https:\/\/uenf.br\/posgraduacao\/engenharia-civil\/fr\/wp-json\/wp\/v2\/pages\/1188\/revisions"}],"wp:attachment":[{"href":"https:\/\/uenf.br\/posgraduacao\/engenharia-civil\/fr\/wp-json\/wp\/v2\/media?parent=1188"}],"curies":[{"name":"wp","href":"https:\/\/api.w.org\/{rel}","templated":true}]}}