{"id":1194,"date":"2015-09-16T17:10:40","date_gmt":"2015-09-16T17:10:40","guid":{"rendered":"http:\/\/uenf.br\/posgraduacao\/engenharia-civil\/?page_id=1194"},"modified":"2015-09-16T17:10:53","modified_gmt":"2015-09-16T17:10:53","slug":"dissertacoes-de-mestrado-2009-monica-altoe","status":"publish","type":"page","link":"https:\/\/uenf.br\/posgraduacao\/engenharia-civil\/fr\/dissertacoes-de-mestrado-2009-monica-altoe\/","title":{"rendered":"Disserta\u00e7\u00f5es de Mestrado 2009 &#8211; M\u00d4NICA ALTO\u00c9"},"content":{"rendered":"<p style=\"text-align: justify\"><strong>Resumo<\/strong><br \/>\nNeste trabalho, utiliza-se o M\u00e9todo dos Elementos de Contorno (MEC) para an\u00e1lise de placas apoiadas sobre funda\u00e7\u00f5es do tipo Pasternak, considerando a teoria de Reissner. A abordagem feita utiliza a solu\u00e7\u00e3o fundamental j\u00e1 empregada na an\u00e1lise de placas pelo MEC sem a considera\u00e7\u00e3o da base el\u00e1stica. S\u00e3o apresentadas as equa\u00e7\u00f5es integrais que ser\u00e3o usadas para a solu\u00e7\u00e3o do problema. Para a solu\u00e7\u00e3o num\u00e9rica s\u00e3o usados elementos de contorno quadr\u00e1ticos, cont\u00ednuos e descont\u00ednuos e c\u00e9lulas internas constantes. Devido ao fato de as rea\u00e7\u00f5es do solo constitu\u00edrem tamb\u00e9m inc\u00f3gnitas para o problema, e de estas serem escritas em fun\u00e7\u00e3o de deslocamentos transversais e de derivadas destes, consideram-se equa\u00e7\u00f5es adicionais escritas para pontos do dom\u00ednio que situado sobre a funda\u00e7\u00e3o.<\/p>\n<p style=\"text-align: justify\">Esta regi\u00e3o \u00e9 discretizada em c\u00e9lulas internas constantes e as integrais correspondentes s\u00e3o transformadas em integrais sobre os contornos das c\u00e9lulas. Foram consideradas e implementadas duas abordagens diferentes para definir equa\u00e7\u00f5es adicionais ao sistema original. Na primeira, s\u00e3o adicionadas as equa\u00e7\u00f5es integrais correspondentes aos deslocamentos transversais e as segundas derivadas de deslocamentos que se encontram nas express\u00f5es das for\u00e7as de rea\u00e7\u00e3o do solo escritas em fun\u00e7\u00e3o de deslocamentos de pontos das c\u00e9lulas, considerando-se f\u00f3rmulas de diferen\u00e7as. Na segunda abordagem, s\u00e3o adicionadas, al\u00e9m das equa\u00e7\u00f5es integrais dos deslocamentos transversais nos pontos internos, as equa\u00e7\u00f5es integrais das segundas derivadas dos deslocamentos transversais desses pontos, ficando estas segundas derivadas tamb\u00e9m como inc\u00f3gnitas. Para comprovar a validade das formula\u00e7\u00f5es, apresentam-se alguns exemplos num\u00e9ricos, cujos resultados s\u00e3o comparados com resultados obtidos por outros autores.<\/p>\n<p style=\"text-align: right\"><a href=\"http:\/\/uenf.br\/posgraduacao\/engenharia-civil\/wp-content\/uploads\/sites\/3\/2015\/09\/M\u00d4NICA-ALTO\u00c9.pdf\">Download aqui.<\/a><\/p>\n","protected":false},"excerpt":{"rendered":"<p>Resumo Neste trabalho, utiliza-se o M\u00e9todo dos Elementos de Contorno (MEC) para an\u00e1lise de placas apoiadas sobre funda\u00e7\u00f5es do tipo&#8230;<\/p>\n","protected":false},"author":8,"featured_media":0,"parent":0,"menu_order":0,"comment_status":"closed","ping_status":"closed","template":"","meta":{"footnotes":""},"class_list":["post-1194","page","type-page","status-publish","hentry"],"_links":{"self":[{"href":"https:\/\/uenf.br\/posgraduacao\/engenharia-civil\/fr\/wp-json\/wp\/v2\/pages\/1194","targetHints":{"allow":["GET"]}}],"collection":[{"href":"https:\/\/uenf.br\/posgraduacao\/engenharia-civil\/fr\/wp-json\/wp\/v2\/pages"}],"about":[{"href":"https:\/\/uenf.br\/posgraduacao\/engenharia-civil\/fr\/wp-json\/wp\/v2\/types\/page"}],"author":[{"embeddable":true,"href":"https:\/\/uenf.br\/posgraduacao\/engenharia-civil\/fr\/wp-json\/wp\/v2\/users\/8"}],"replies":[{"embeddable":true,"href":"https:\/\/uenf.br\/posgraduacao\/engenharia-civil\/fr\/wp-json\/wp\/v2\/comments?post=1194"}],"version-history":[{"count":0,"href":"https:\/\/uenf.br\/posgraduacao\/engenharia-civil\/fr\/wp-json\/wp\/v2\/pages\/1194\/revisions"}],"wp:attachment":[{"href":"https:\/\/uenf.br\/posgraduacao\/engenharia-civil\/fr\/wp-json\/wp\/v2\/media?parent=1194"}],"curies":[{"name":"wp","href":"https:\/\/api.w.org\/{rel}","templated":true}]}}