{"id":1225,"date":"2015-09-16T18:11:04","date_gmt":"2015-09-16T18:11:04","guid":{"rendered":"http:\/\/uenf.br\/posgraduacao\/engenharia-civil\/?page_id=1225"},"modified":"2015-09-16T18:14:39","modified_gmt":"2015-09-16T18:14:39","slug":"dissertacoes-de-mestrado-2007-helena-de-fatima-araujo-fernandes-medina","status":"publish","type":"page","link":"https:\/\/uenf.br\/posgraduacao\/engenharia-civil\/fr\/dissertacoes-de-mestrado-2007-helena-de-fatima-araujo-fernandes-medina\/","title":{"rendered":"Disserta\u00e7\u00f5es de Mestrado 2007 &#8211; HELENA DE F\u00c1TIMA ARAUJO FERNANDES MEDINA"},"content":{"rendered":"<p><strong>Resumo<\/strong><\/p>\n<p style=\"text-align: justify\">O uso do CPTU (Piezocone Penetration Test), quando comparado com outros testes no campo, devido a sua rapidez e precis\u00e3o tem se tornado popular no meio geot\u00e9cnico. Assim sendo, entendeu-se necess\u00e1rio descrever uma t\u00e9cnica de<br \/>\ninterpreta\u00e7\u00e3o do perfil do solo a partir dos dados obtidos com ensaios, visando uma melhor discretiza\u00e7\u00e3o das camadas que o comp\u00f5em. \u00c9 usado um m\u00e9todo estat\u00edstico de agrupamento hier\u00e1rquico chamado cluster analysis, por meio de grupos similares e a t\u00e9cnica de liga\u00e7\u00e3o \u00fanica (vizinhos mais pr\u00f3ximos), relacionando com o c\u00e1lculo dos dados obtidos plotados no gr\u00e1fico de Robertson (1990), para classificar o solo. S\u00e3o apresentados resultados de testes realizados em 6 furos localizados no Campus da Uenf e 2 no bairro da Lapa, cidade de Campos, norte do Estado do Rio\u00a0de Janeiro, possibilitando assim, a classifica\u00e7\u00e3o das camadas, transi\u00e7\u00f5es e lentes de solo.<\/p>\n<p style=\"text-align: right\"><a href=\"http:\/\/uenf.br\/posgraduacao\/engenharia-civil\/wp-content\/uploads\/sites\/3\/2015\/09\/HELENA-DE-F\u00c1TIMA-ARAUJO-FERNANDES-MEDINA.pdf\">Download aqui.<\/a><\/p>\n","protected":false},"excerpt":{"rendered":"<p>Resumo O uso do CPTU (Piezocone Penetration Test), quando comparado com outros testes no campo, devido a sua rapidez e&#8230;<\/p>\n","protected":false},"author":8,"featured_media":0,"parent":0,"menu_order":0,"comment_status":"closed","ping_status":"closed","template":"","meta":{"footnotes":""},"class_list":["post-1225","page","type-page","status-publish","hentry"],"_links":{"self":[{"href":"https:\/\/uenf.br\/posgraduacao\/engenharia-civil\/fr\/wp-json\/wp\/v2\/pages\/1225","targetHints":{"allow":["GET"]}}],"collection":[{"href":"https:\/\/uenf.br\/posgraduacao\/engenharia-civil\/fr\/wp-json\/wp\/v2\/pages"}],"about":[{"href":"https:\/\/uenf.br\/posgraduacao\/engenharia-civil\/fr\/wp-json\/wp\/v2\/types\/page"}],"author":[{"embeddable":true,"href":"https:\/\/uenf.br\/posgraduacao\/engenharia-civil\/fr\/wp-json\/wp\/v2\/users\/8"}],"replies":[{"embeddable":true,"href":"https:\/\/uenf.br\/posgraduacao\/engenharia-civil\/fr\/wp-json\/wp\/v2\/comments?post=1225"}],"version-history":[{"count":0,"href":"https:\/\/uenf.br\/posgraduacao\/engenharia-civil\/fr\/wp-json\/wp\/v2\/pages\/1225\/revisions"}],"wp:attachment":[{"href":"https:\/\/uenf.br\/posgraduacao\/engenharia-civil\/fr\/wp-json\/wp\/v2\/media?parent=1225"}],"curies":[{"name":"wp","href":"https:\/\/api.w.org\/{rel}","templated":true}]}}