{"id":169,"date":"2015-09-04T13:34:49","date_gmt":"2015-09-04T13:34:49","guid":{"rendered":"http:\/\/uenf.br\/posgraduacao\/engenharia-civil\/?page_id=169"},"modified":"2015-09-04T17:41:18","modified_gmt":"2015-09-04T17:41:18","slug":"prof-rodrigo-martins-reis","status":"publish","type":"page","link":"https:\/\/uenf.br\/posgraduacao\/engenharia-civil\/fr\/corpo-docente-2\/prof-rodrigo-martins-reis\/","title":{"rendered":"Prof. Rodrigo Martins Reis"},"content":{"rendered":"<div id=\"attachment_171\" style=\"width: 299px\" class=\"wp-caption alignleft\"><a href=\"https:\/\/uenf.br\/posgraduacao\/engenharia-civil\/wp-content\/uploads\/sites\/3\/2015\/09\/Prof.-Rodrigo-Martins-Reis.png\"><img loading=\"lazy\" decoding=\"async\" aria-describedby=\"caption-attachment-171\" class=\" wp-image-171\" src=\"https:\/\/uenf.br\/posgraduacao\/engenharia-civil\/wp-content\/uploads\/sites\/3\/2015\/09\/Prof.-Rodrigo-Martins-Reis.png\" alt=\"Prof. Rodrigo Martins Reis\" width=\"289\" height=\"235\" \/><\/a><p id=\"caption-attachment-171\" class=\"wp-caption-text\">Prof. Rodrigo Martins Reis<\/p><\/div>\n<p align=\"justify\"><span style=\"color: #ffffff\">.<\/span><\/p>\n<p align=\"justify\"><strong>E-mail:<\/strong> <a href=\"mailto:reis@uenf.br\">reis@uenf.br<\/a><\/p>\n<p align=\"justify\"><strong>Ramal:<\/strong> 273<strong>97382<\/strong> \/ 273<strong>97369<\/strong><\/p>\n<p align=\"justify\"><strong>Setor:<\/strong> Geotecnia<br \/>\n<strong>\u00c1reas de Atua\u00e7\u00e3o:<br \/>\n&#8211; <\/strong>Centr\u00edfuga Geot\u00e9cnica;<br \/>\n&#8211; Geotecnia Experimental;<br \/>\n&#8211; Mec\u00e2nica dos Solos n\u00e3o Saturados;<br \/>\n&#8211; Laborat\u00f3rio de Mec\u00e2nica dos Solos;<br \/>\n&#8211; Mec\u00e2nica dos Solos.<\/p>\n<p align=\"justify\"><a href=\"http:\/\/buscatextual.cnpq.br\/buscatextual\/visualizacv.do?id=K4778887T6\" target=\"_blank\">Curr\u00edculo Lattes<\/a><\/p>\n","protected":false},"excerpt":{"rendered":"<p>. E-mail: reis@uenf.br Ramal: 27397382 \/ 27397369 Setor: Geotecnia \u00c1reas de Atua\u00e7\u00e3o: &#8211; Centr\u00edfuga Geot\u00e9cnica; &#8211; Geotecnia Experimental; &#8211; Mec\u00e2nica&#8230;<\/p>\n","protected":false},"author":8,"featured_media":0,"parent":103,"menu_order":1,"comment_status":"closed","ping_status":"closed","template":"","meta":{"footnotes":""},"class_list":["post-169","page","type-page","status-publish","hentry"],"_links":{"self":[{"href":"https:\/\/uenf.br\/posgraduacao\/engenharia-civil\/fr\/wp-json\/wp\/v2\/pages\/169","targetHints":{"allow":["GET"]}}],"collection":[{"href":"https:\/\/uenf.br\/posgraduacao\/engenharia-civil\/fr\/wp-json\/wp\/v2\/pages"}],"about":[{"href":"https:\/\/uenf.br\/posgraduacao\/engenharia-civil\/fr\/wp-json\/wp\/v2\/types\/page"}],"author":[{"embeddable":true,"href":"https:\/\/uenf.br\/posgraduacao\/engenharia-civil\/fr\/wp-json\/wp\/v2\/users\/8"}],"replies":[{"embeddable":true,"href":"https:\/\/uenf.br\/posgraduacao\/engenharia-civil\/fr\/wp-json\/wp\/v2\/comments?post=169"}],"version-history":[{"count":0,"href":"https:\/\/uenf.br\/posgraduacao\/engenharia-civil\/fr\/wp-json\/wp\/v2\/pages\/169\/revisions"}],"up":[{"embeddable":true,"href":"https:\/\/uenf.br\/posgraduacao\/engenharia-civil\/fr\/wp-json\/wp\/v2\/pages\/103"}],"wp:attachment":[{"href":"https:\/\/uenf.br\/posgraduacao\/engenharia-civil\/fr\/wp-json\/wp\/v2\/media?parent=169"}],"curies":[{"name":"wp","href":"https:\/\/api.w.org\/{rel}","templated":true}]}}